{"id":93018,"date":"2022-07-23T17:36:30","date_gmt":"2022-07-23T22:36:30","guid":{"rendered":"https:\/\/defabrica.com.mx\/defabrica\/?post_type=product&#038;p=93018"},"modified":"2023-01-19T14:23:54","modified_gmt":"2023-01-19T20:23:54","slug":"westinghouse-monitor-de-juegos-compatible-con-amd-freesync-led-fhd-de-27","status":"publish","type":"product","link":"https:\/\/defabrica.com.mx\/defabrica\/producto\/westinghouse-monitor-de-juegos-compatible-con-amd-freesync-led-fhd-de-27\/","title":{"rendered":"Westinghouse &#8211; Monitor de juegos compatible con AMD FreeSync LED FHD de 27&#8243;"},"content":{"rendered":"<div class=\"embedded-component-container lv product-description\">\n<div>\n<div id=\"shop-product-description-48304899\" class=\"_none\" data-version=\"1.3.46\">\n<div class=\"shop-product-description\">\n<section class=\"align-heading-left\" data-reactroot=\"\">\n<div class=\"long-description-container body-copy \">\n<div class=\"html-fragment\">El monitor para juegos FreeSync de alta definici\u00f3n de 27\u2033 de Westinghouse es el modelo ideal para los jugadores que buscan unirse a la revoluci\u00f3n de los juegos.\u00a0Cuenta con una frecuencia de actualizaci\u00f3n de 144 Hz para una imagen m\u00e1s fluida con menos latencia de entrada.\u00a0Con una relaci\u00f3n de aspecto de 16:9, obtiene un \u00e1ngulo de visi\u00f3n m\u00e1s amplio y reduce los reflejos.\u00a0La tecnolog\u00eda AMD FreeSync admite frecuencias de actualizaci\u00f3n variables para eliminar el desgarro de la pantalla, el retraso de entrada y los estremecimientos durante el juego.\u00a0Colgador de auriculares integrado.\u00a0Las luces RGB crean el ambiente para esa experiencia de juego definitiva.<\/div>\n<\/div>\n<\/section>\n<\/div>\n<\/div>\n<\/div>\n<\/div>\n<div class=\"embedded-component-container lv product-features\">\n<h3><\/h3>\n<h3 class=\"heading-5 v-fw-regular feature-heading\"><strong>Caracter\u00edsticas<\/strong><\/h3>\n<ul>\n<li><strong>Amplia definici\u00f3n cu\u00e1druple (WQHD)<\/strong><br \/>\nUna mayor cantidad de p\u00edxeles (que los monitores Full HD) har\u00e1 que el contenido de los juegos se vea m\u00e1s n\u00edtido, m\u00e1s claro y que el juego sea m\u00e1s fluido.<\/li>\n<li><strong>AMD FreeSync<\/strong><br \/>\nAdmite frecuencias de actualizaci\u00f3n variables para eliminar el desgarro de la pantalla, el retraso de entrada y los estremecimientos durante el juego.<\/li>\n<li><strong>Modos de juego<\/strong><br \/>\nModos FPS, RTS, Crosshair para aumentar el realismo y la experiencia general de juego.<\/li>\n<li><strong>Colgador de auriculares<\/strong><br \/>\n\u00a1Ubique y almacene f\u00e1cilmente sus auriculares para juegos! Se puede tirar hacia adentro o hacia afuera desde el costado del monitor.<\/li>\n<li><strong>Frecuencia de actualizaci\u00f3n de 144 Hz<\/strong><br \/>\nLos juegos se ven m\u00e1s fluidos, los controles ser\u00e1n m\u00e1s precisos, el movimiento ser\u00e1 en tiempo real con menos latencia de entrada.<\/li>\n<li><strong>Gama de colores m\u00e1s amplia<\/strong><br \/>\nColores m\u00e1s brillantes y vivos para im\u00e1genes m\u00e1s realistas.<\/li>\n<li><strong>Personalizaci\u00f3n de luz RGB<\/strong><br \/>\nLuces RGB en el panel posterior para personalizar su experiencia de juego.<\/li>\n<\/ul>\n<\/div>\n","protected":false},"excerpt":{"rendered":"<p>El monitor para juegos FreeSync de alta definici\u00f3n de 27\u2033 de Westinghouse es el modelo ideal para los jugadores que buscan unirse a la revoluci\u00f3n de los juegos.\u00a0Cuenta con una<\/p>\n","protected":false},"featured_media":93019,"comment_status":"open","ping_status":"closed","template":"","meta":{"_acf_changed":false,"_joinchat":[]},"product_brand":[],"product_cat":[277,280,433],"product_tag":[],"class_list":{"0":"post-93018","1":"product","2":"type-product","3":"status-publish","4":"has-post-thumbnail","6":"product_cat-zona-gamer","7":"product_cat-pc-gaming","8":"product_cat-monitores-gamer","10":"first","11":"instock","12":"sale","13":"shipping-taxable","14":"purchasable","15":"product-type-simple"},"acf":[],"_links":{"self":[{"href":"https:\/\/defabrica.com.mx\/defabrica\/wp-json\/wp\/v2\/product\/93018","targetHints":{"allow":["GET"]}}],"collection":[{"href":"https:\/\/defabrica.com.mx\/defabrica\/wp-json\/wp\/v2\/product"}],"about":[{"href":"https:\/\/defabrica.com.mx\/defabrica\/wp-json\/wp\/v2\/types\/product"}],"replies":[{"embeddable":true,"href":"https:\/\/defabrica.com.mx\/defabrica\/wp-json\/wp\/v2\/comments?post=93018"}],"wp:featuredmedia":[{"embeddable":true,"href":"https:\/\/defabrica.com.mx\/defabrica\/wp-json\/wp\/v2\/media\/93019"}],"wp:attachment":[{"href":"https:\/\/defabrica.com.mx\/defabrica\/wp-json\/wp\/v2\/media?parent=93018"}],"wp:term":[{"taxonomy":"product_brand","embeddable":true,"href":"https:\/\/defabrica.com.mx\/defabrica\/wp-json\/wp\/v2\/product_brand?post=93018"},{"taxonomy":"product_cat","embeddable":true,"href":"https:\/\/defabrica.com.mx\/defabrica\/wp-json\/wp\/v2\/product_cat?post=93018"},{"taxonomy":"product_tag","embeddable":true,"href":"https:\/\/defabrica.com.mx\/defabrica\/wp-json\/wp\/v2\/product_tag?post=93018"}],"curies":[{"name":"wp","href":"https:\/\/api.w.org\/{rel}","templated":true}]}}