{"id":93012,"date":"2022-07-23T17:33:24","date_gmt":"2022-07-23T22:33:24","guid":{"rendered":"https:\/\/defabrica.com.mx\/defabrica\/?post_type=product&#038;p=93012"},"modified":"2022-07-23T17:33:24","modified_gmt":"2022-07-23T22:33:24","slug":"viotek-gnv34dbe2-34-led-uwqhd-144hz-1ms-curved-multimedia-gaming-monitor-negro","status":"publish","type":"product","link":"https:\/\/defabrica.com.mx\/defabrica\/producto\/viotek-gnv34dbe2-34-led-uwqhd-144hz-1ms-curved-multimedia-gaming-monitor-negro\/","title":{"rendered":"Viotek &#8211; GNV34DBE2 34&#8243; LED UWQHD 144Hz 1ms Curved Multimedia Gaming Monitor &#8211; Negro"},"content":{"rendered":"<div class=\"embedded-component-container lv product-description\">\n<div>\n<div id=\"shop-product-description-86702591\" class=\"_none\" data-version=\"1.3.46\">\n<div class=\"shop-product-description\">\n<section class=\"align-heading-left\" data-reactroot=\"\">\n<div class=\"long-description-container body-copy \">\n<div class=\"html-fragment\"><span>VIOTEK regresa con el valor ultra ancho del GNV34DEB2: un monitor curvo ultra ancho de 34 pulgadas perfecto para juegos, consumo de medios y productividad.\u00a0Vea m\u00e1s de su pel\u00edcula y disfrute de la ventaja competitiva del mayor campo de visi\u00f3n que proviene de la pantalla ultraancha WQHD (21:9, 3440x1440p).\u00a0Las im\u00e1genes son ricas en detalles asombrosos y reproducci\u00f3n del color, gracias a la gama sRGB del 103 % de calidad profesional y a la relaci\u00f3n de contraste mejorada de 4000:1.\u00a0Los negros son profundos, los blancos son brillantes y los rojos, verdes y azules son vibrantes.\u00a0Ajuste la configuraci\u00f3n de gamma, saturaci\u00f3n y tono de la pantalla sobre la marcha desde el men\u00fa OSD para encontrar la calidad de imagen perfecta.\u00a0La frecuencia de actualizaci\u00f3n ultrarr\u00e1pida de 144 Hz ofrece videos sin parpadeos.\u00a0<\/span><\/div>\n<\/div>\n<\/section>\n<\/div>\n<\/div>\n<\/div>\n<\/div>\n<div class=\"embedded-component-container lv product-features\">\n<h3><\/h3>\n<h3 class=\"heading-5 v-fw-regular feature-heading\"><strong>Caracter\u00edsticas<\/strong><\/h3>\n<ul>\n<li><strong>Monitor UW-QHD<\/strong><br \/>\nEl panel VA mejorado HDR-Ready ofrece una resoluci\u00f3n ultra ancha de 3440x1440p con \u00e1ngulos de visi\u00f3n de 178\u00b0. Ofrece negros profundos, blancos brillantes y RGB intensos con una relaci\u00f3n de contraste de 4000:1.<\/li>\n<li><strong>Control de color mejorado<\/strong><br \/>\nAjuste los niveles de gamma, tono y saturaci\u00f3n de la pantalla a pedido. O elija entre 7 ajustes preestablecidos de pantalla. Tambi\u00e9n cuenta con opciones de reducci\u00f3n de ruido, DLC y superresoluci\u00f3n.<\/li>\n<li><strong>Rendimiento de jugador profesional<\/strong><br \/>\nJuega como los profesionales con una velocidad de actualizaci\u00f3n del monitor ultrarr\u00e1pida de 144 Hz, tiempo de respuesta de f\u00e1cil acceso Overdrive y Adaptive Sync (compatible con FreeSync y G-SYNC). Punto de mira de GAMEPLUS y opciones de visualizaci\u00f3n FPS\/RTS disponibles.<\/li>\n<li><strong>Inmersi\u00f3n superior<\/strong><br \/>\nLa estrecha curvatura 1500R minimiza la distorsi\u00f3n y el deslumbramiento. La relaci\u00f3n de aspecto 21:9 trae m\u00e1s contenido a tu vista. Reduce la fatiga visual con el filtro de luz azul ajustable.<\/li>\n<li><strong>Conectividad optimizada<\/strong><br \/>\nCuenta con dos puertos DP 1.4 y dos HDMI 2.0 dise\u00f1ados para ancho de banda UWQHD adicional, as\u00ed como salida de audio de 3,5 mm. PIP\/PBP de doble entrada hasta 3 pantallas en una sola pantalla.<\/li>\n<\/ul>\n<\/div>\n","protected":false},"excerpt":{"rendered":"<p>VIOTEK regresa con el valor ultra ancho del GNV34DEB2: un monitor curvo ultra ancho de 34 pulgadas perfecto para juegos, consumo de medios y productividad.\u00a0Vea m\u00e1s de su pel\u00edcula y<\/p>\n","protected":false},"featured_media":93013,"comment_status":"open","ping_status":"closed","template":"","meta":{"_acf_changed":false,"_joinchat":[]},"product_brand":[],"product_cat":[277,280,433],"product_tag":[],"class_list":{"0":"post-93012","1":"product","2":"type-product","3":"status-publish","4":"has-post-thumbnail","6":"product_cat-zona-gamer","7":"product_cat-pc-gaming","8":"product_cat-monitores-gamer","10":"first","11":"instock","12":"sale","13":"shipping-taxable","14":"purchasable","15":"product-type-simple"},"acf":[],"_links":{"self":[{"href":"https:\/\/defabrica.com.mx\/defabrica\/wp-json\/wp\/v2\/product\/93012","targetHints":{"allow":["GET"]}}],"collection":[{"href":"https:\/\/defabrica.com.mx\/defabrica\/wp-json\/wp\/v2\/product"}],"about":[{"href":"https:\/\/defabrica.com.mx\/defabrica\/wp-json\/wp\/v2\/types\/product"}],"replies":[{"embeddable":true,"href":"https:\/\/defabrica.com.mx\/defabrica\/wp-json\/wp\/v2\/comments?post=93012"}],"wp:featuredmedia":[{"embeddable":true,"href":"https:\/\/defabrica.com.mx\/defabrica\/wp-json\/wp\/v2\/media\/93013"}],"wp:attachment":[{"href":"https:\/\/defabrica.com.mx\/defabrica\/wp-json\/wp\/v2\/media?parent=93012"}],"wp:term":[{"taxonomy":"product_brand","embeddable":true,"href":"https:\/\/defabrica.com.mx\/defabrica\/wp-json\/wp\/v2\/product_brand?post=93012"},{"taxonomy":"product_cat","embeddable":true,"href":"https:\/\/defabrica.com.mx\/defabrica\/wp-json\/wp\/v2\/product_cat?post=93012"},{"taxonomy":"product_tag","embeddable":true,"href":"https:\/\/defabrica.com.mx\/defabrica\/wp-json\/wp\/v2\/product_tag?post=93012"}],"curies":[{"name":"wp","href":"https:\/\/api.w.org\/{rel}","templated":true}]}}