{"id":93000,"date":"2022-07-23T17:25:16","date_gmt":"2022-07-23T22:25:16","guid":{"rendered":"https:\/\/defabrica.com.mx\/defabrica\/?post_type=product&#038;p=93000"},"modified":"2022-07-23T17:25:16","modified_gmt":"2022-07-23T22:25:16","slug":"viotek-monitor-para-juegos-reaper-rfi25cba-25-ips-led-fhd-1ms-negro","status":"publish","type":"product","link":"https:\/\/defabrica.com.mx\/defabrica\/producto\/viotek-monitor-para-juegos-reaper-rfi25cba-25-ips-led-fhd-1ms-negro\/","title":{"rendered":"Viotek &#8211; Monitor para juegos REAPER RFI25CBA 25&#8243; IPS LED FHD 1MS &#8211; Negro"},"content":{"rendered":"<div class=\"embedded-component-container lv product-description\">\n<div>\n<div id=\"shop-product-description-22702383\" class=\"_none\" data-version=\"1.3.46\">\n<div class=\"shop-product-description\">\n<section class=\"align-heading-left\" data-reactroot=\"\">\n<div class=\"long-description-container body-copy \">\n<div class=\"html-fragment\">Presentamos el RFI25CBA, el primero de la serie REAPER para jugadores a los que les encanta jugar y ganar.\u00a0El RFI25CBA se beneficia de un panel IPS de nivel profesional con una resoluci\u00f3n FHD de 1920x1080p.\u00a0Las im\u00e1genes se representan con precisi\u00f3n y una reproducci\u00f3n de color impecable, gracias a una amplia gama sRGB del 111 % y 16,7 millones de colores visualizables.\u00a0Todo con un amplio \u00e1ngulo de visi\u00f3n de 178\u00b0.\u00a0Cada segundo cuenta.\u00a0Afortunadamente, la r\u00e1pida frecuencia de actualizaci\u00f3n del monitor de 144 Hz se combina con el modo MPRT (tiempo de respuesta de imagen en movimiento) de 1 ms para ofrecer una experiencia de juego fluida con un desenfoque de movimiento y un retraso de entrada reducidos.\u00a0El RFI25CBA ofrece Adaptive Sync* que reduce a\u00fan m\u00e1s los fallos de imagen, los desgarros y las im\u00e1genes fantasma en los juegos de ritmo r\u00e1pido y, al mismo tiempo, maximiza las frecuencias de actualizaci\u00f3n en dispositivos compatibles, incluida Xbox One.<\/p>\n<h3><\/h3>\n<h3 class=\"heading-5 v-fw-regular feature-heading\"><strong>Caracter\u00edsticas<\/strong><\/h3>\n<ul>\n<li><strong>Rendimiento extremo<\/strong><br \/>\nActualizaci\u00f3n de 144 Hz, MPRT de 1 ms y sincronizaci\u00f3n adaptativa para videos fluidos con retraso de entrada bajo.<\/li>\n<li><strong>Magn\u00edficas im\u00e1genes<\/strong><br \/>\nResoluci\u00f3n FHD n\u00edtida, \u00e1ngulo de visi\u00f3n extra amplio de 178\u00b0, 111 % sRGB con DCR\/DLC.<\/li>\n<li><strong>Funciones para jugadores profesionales<\/strong><br \/>\nAdaptive Sync listo para G-Sync\/FreeSync, punto de mira GAMEPLUS y optimizaci\u00f3n de FPS.<\/li>\n<li><strong>Soporte 4D<\/strong><br \/>\nIncline, gire, gire y eleve para un posicionamiento \u00f3ptimo. incluido modo retrato con rotaci\u00f3n autom\u00e1tica.<\/li>\n<li><strong>Conectividad enriquecida<\/strong><br \/>\n1 DP, 2 HDMI, 1 salida de audio (3,5 mm), USB-C con DP-ALT-MODE y VESA.<\/li>\n<\/ul>\n<\/div>\n<\/div>\n<\/section>\n<\/div>\n<\/div>\n<\/div>\n<\/div>\n<div class=\"embedded-component-container lv product-features\"><\/div>\n","protected":false},"excerpt":{"rendered":"<p>Presentamos el RFI25CBA, el primero de la serie REAPER para jugadores a los que les encanta jugar y ganar.\u00a0El RFI25CBA se beneficia de un panel IPS de nivel profesional con<\/p>\n","protected":false},"featured_media":93001,"comment_status":"open","ping_status":"closed","template":"","meta":{"_acf_changed":false,"_joinchat":[]},"product_brand":[],"product_cat":[277,280,433],"product_tag":[],"class_list":{"0":"post-93000","1":"product","2":"type-product","3":"status-publish","4":"has-post-thumbnail","6":"product_cat-zona-gamer","7":"product_cat-pc-gaming","8":"product_cat-monitores-gamer","10":"first","11":"instock","12":"sale","13":"shipping-taxable","14":"purchasable","15":"product-type-simple"},"acf":[],"_links":{"self":[{"href":"https:\/\/defabrica.com.mx\/defabrica\/wp-json\/wp\/v2\/product\/93000","targetHints":{"allow":["GET"]}}],"collection":[{"href":"https:\/\/defabrica.com.mx\/defabrica\/wp-json\/wp\/v2\/product"}],"about":[{"href":"https:\/\/defabrica.com.mx\/defabrica\/wp-json\/wp\/v2\/types\/product"}],"replies":[{"embeddable":true,"href":"https:\/\/defabrica.com.mx\/defabrica\/wp-json\/wp\/v2\/comments?post=93000"}],"wp:featuredmedia":[{"embeddable":true,"href":"https:\/\/defabrica.com.mx\/defabrica\/wp-json\/wp\/v2\/media\/93001"}],"wp:attachment":[{"href":"https:\/\/defabrica.com.mx\/defabrica\/wp-json\/wp\/v2\/media?parent=93000"}],"wp:term":[{"taxonomy":"product_brand","embeddable":true,"href":"https:\/\/defabrica.com.mx\/defabrica\/wp-json\/wp\/v2\/product_brand?post=93000"},{"taxonomy":"product_cat","embeddable":true,"href":"https:\/\/defabrica.com.mx\/defabrica\/wp-json\/wp\/v2\/product_cat?post=93000"},{"taxonomy":"product_tag","embeddable":true,"href":"https:\/\/defabrica.com.mx\/defabrica\/wp-json\/wp\/v2\/product_tag?post=93000"}],"curies":[{"name":"wp","href":"https:\/\/api.w.org\/{rel}","templated":true}]}}