{"id":92982,"date":"2022-07-23T17:07:15","date_gmt":"2022-07-23T22:07:15","guid":{"rendered":"https:\/\/defabrica.com.mx\/defabrica\/?post_type=product&#038;p=92982"},"modified":"2022-07-23T17:07:15","modified_gmt":"2022-07-23T22:07:15","slug":"viewsonic-monitor-lcd-27-displayport-hdmi-negro","status":"publish","type":"product","link":"https:\/\/defabrica.com.mx\/defabrica\/producto\/viewsonic-monitor-lcd-27-displayport-hdmi-negro\/","title":{"rendered":"ViewSonic &#8211; Monitor LCD 27 (DisplayPort HDMI) &#8211; Negro"},"content":{"rendered":"<div class=\"embedded-component-container lv product-description\">\n<div>\n<div id=\"shop-product-description-48233122\" class=\"_none\" data-version=\"1.3.46\">\n<div class=\"shop-product-description\">\n<section class=\"align-heading-left\" data-reactroot=\"\">\n<div class=\"long-description-container body-copy \">\n<div class=\"html-fragment\"><span>El ViewSonic VX2768-2KP-MHD es un monitor para juegos WQHD IPS de 27&#8243; dise\u00f1ado para juegos y entretenimiento. Con una frecuencia de actualizaci\u00f3n de 144 Hz y tecnolog\u00eda AMD FreeSync Premium, este monitor pr\u00e1cticamente elimina el desgarro y la intermitencia de la pantalla para un juego fluido durante las escenas de acci\u00f3n de ritmo r\u00e1pido. Un tiempo de respuesta ultrarr\u00e1pido de 1 ms (MPRT) tambi\u00e9n proporciona un rendimiento fluido de la pantalla sin desenfoque ni im\u00e1genes fantasma. Para una ventaja competitiva ganadora del juego, las teclas de acceso r\u00e1pido del modo de juego optimizan el juego para los g\u00e9neros de juegos FPS, RTS y MOBA. Con un dise\u00f1o elegante sin marco , el VX2768-2KP-MHD brinda una experiencia de visualizaci\u00f3n perfecta para configuraciones de juegos con varios monitores.Las opciones de conectividad flexibles, como DisplayPort y HDMI, le permiten conectarse a su tarjeta gr\u00e1fica dedicada y consola de juegos.El VX2768-2KP-MHD presenta todas las ventajas necesarias para dominar sus b\u00fasquedas de juegos y entretenimiento.<\/span><\/div>\n<\/div>\n<\/section>\n<\/div>\n<\/div>\n<\/div>\n<\/div>\n<div class=\"embedded-component-container lv product-features\">\n<h3><\/h3>\n<h3 class=\"heading-5 v-fw-regular feature-heading\"><strong>Caracter\u00edsticas<\/strong><\/h3>\n<ul>\n<li><strong>Experiencia de juego avanzada con FreeSync<\/strong><br \/>\nPonga fin a la jugabilidad entrecortada y los fotogramas rotos con un rendimiento fluido y sin artefactos pr\u00e1cticamente a cualquier velocidad de fotogramas con la tecnolog\u00eda FreeSync<\/li>\n<li><strong>Tama\u00f1o de pantalla visible y tipo de panel<\/strong><br \/>\nTama\u00f1o de pantalla de 27 pulgadas con retroiluminaci\u00f3n LED que mejora el rendimiento de la pantalla para ofrecer una gama de colores y una relaci\u00f3n de contraste excepcionales<\/li>\n<li><strong>Pantalla LCD<\/strong><br \/>\nDisfrute de impresionantes im\u00e1genes visuales luminiscentes con pantalla LCD<\/li>\n<li><strong>\u00c1ngulo de visi\u00f3n<\/strong><br \/>\nEste elegante monitor LCD para juegos ofrece \u00e1ngulos de visi\u00f3n de 178\u00b0\/178\u00b0 para disfrutar de una excelente experiencia de visualizaci\u00f3n sin importar d\u00f3nde y c\u00f3mo lo mire.<\/li>\n<li><strong>Compatible con VESA<\/strong><br \/>\nLa compatibilidad con montaje VESA le permite montar la pantalla en una pared o con un soporte seg\u00fan sus necesidades espec\u00edficas<\/li>\n<li><strong>Brillo<\/strong><br \/>\nVea su contenido f\u00e1cilmente en \u00e1reas bien iluminadas con un brillo de 350 Nit<\/li>\n<li><strong>Juego de azar<\/strong><br \/>\nCon una frecuencia de actualizaci\u00f3n de 144 Hz, est\u00e1 especialmente dise\u00f1ado para juegos.<\/li>\n<\/ul>\n<\/div>\n","protected":false},"excerpt":{"rendered":"<p>El ViewSonic VX2768-2KP-MHD es un monitor para juegos WQHD IPS de 27&#8243; dise\u00f1ado para juegos y entretenimiento. Con una frecuencia de actualizaci\u00f3n de 144 Hz y tecnolog\u00eda AMD FreeSync Premium,<\/p>\n","protected":false},"featured_media":92983,"comment_status":"open","ping_status":"closed","template":"","meta":{"_acf_changed":false,"_joinchat":[]},"product_brand":[],"product_cat":[277,280,433],"product_tag":[],"class_list":{"0":"post-92982","1":"product","2":"type-product","3":"status-publish","4":"has-post-thumbnail","6":"product_cat-zona-gamer","7":"product_cat-pc-gaming","8":"product_cat-monitores-gamer","10":"first","11":"instock","12":"sale","13":"shipping-taxable","14":"purchasable","15":"product-type-simple"},"acf":[],"_links":{"self":[{"href":"https:\/\/defabrica.com.mx\/defabrica\/wp-json\/wp\/v2\/product\/92982","targetHints":{"allow":["GET"]}}],"collection":[{"href":"https:\/\/defabrica.com.mx\/defabrica\/wp-json\/wp\/v2\/product"}],"about":[{"href":"https:\/\/defabrica.com.mx\/defabrica\/wp-json\/wp\/v2\/types\/product"}],"replies":[{"embeddable":true,"href":"https:\/\/defabrica.com.mx\/defabrica\/wp-json\/wp\/v2\/comments?post=92982"}],"wp:featuredmedia":[{"embeddable":true,"href":"https:\/\/defabrica.com.mx\/defabrica\/wp-json\/wp\/v2\/media\/92983"}],"wp:attachment":[{"href":"https:\/\/defabrica.com.mx\/defabrica\/wp-json\/wp\/v2\/media?parent=92982"}],"wp:term":[{"taxonomy":"product_brand","embeddable":true,"href":"https:\/\/defabrica.com.mx\/defabrica\/wp-json\/wp\/v2\/product_brand?post=92982"},{"taxonomy":"product_cat","embeddable":true,"href":"https:\/\/defabrica.com.mx\/defabrica\/wp-json\/wp\/v2\/product_cat?post=92982"},{"taxonomy":"product_tag","embeddable":true,"href":"https:\/\/defabrica.com.mx\/defabrica\/wp-json\/wp\/v2\/product_tag?post=92982"}],"curies":[{"name":"wp","href":"https:\/\/api.w.org\/{rel}","templated":true}]}}