{"id":92956,"date":"2022-07-23T16:44:40","date_gmt":"2022-07-23T21:44:40","guid":{"rendered":"https:\/\/defabrica.com.mx\/defabrica\/?post_type=product&#038;p=92956"},"modified":"2022-07-23T16:44:40","modified_gmt":"2022-07-23T21:44:40","slug":"viewsonic-monitor-elite-27-lcd-fhd-g-sync-displayport-usb-hdmi-negro","status":"publish","type":"product","link":"https:\/\/defabrica.com.mx\/defabrica\/producto\/viewsonic-monitor-elite-27-lcd-fhd-g-sync-displayport-usb-hdmi-negro\/","title":{"rendered":"ViewSonic &#8211; Monitor Elite 27 LCD FHD G-SYNC (DisplayPort USB, HDMI) &#8211; Negro"},"content":{"rendered":"<div class=\"embedded-component-container lv product-description\">\n<div>\n<div id=\"shop-product-description-56902464\" class=\"_none\" data-version=\"1.3.46\">\n<div class=\"shop-product-description\">\n<section class=\"align-heading-left\" data-reactroot=\"\">\n<div class=\"long-description-container body-copy \">\n<div class=\"html-fragment\"><span>El ViewSonic ELITE XG270 es un monitor para juegos de 27&#8243; que ofrece una velocidad y claridad incre\u00edbles para los entusiastas de los deportes electr\u00f3nicos. El tiempo de respuesta ultrarr\u00e1pido de 1 ms (GTG) y la frecuencia de actualizaci\u00f3n de 240 Hz de la pantalla IPS permiten transiciones de pantalla fluidas al tiempo que ofrecen una reproducci\u00f3n precisa del color y amplios \u00e1ngulos de visi\u00f3n. El panel est\u00e1 equipado con una resoluci\u00f3n Full HD de 1920 x 1080 y una cobertura de color sRGB del 99 % para brindar im\u00e1genes asombrosas durante el juego.<\/span><\/div>\n<\/div>\n<\/section>\n<\/div>\n<\/div>\n<\/div>\n<\/div>\n<div class=\"embedded-component-container lv product-features\">\n<h3><\/h3>\n<h3 class=\"heading-5 v-fw-regular feature-heading\"><strong>Caracter\u00edsticas<\/strong><\/h3>\n<ul>\n<li><strong>Full HD<\/strong><br \/>\nEl tama\u00f1o de pantalla de 27 pulgadas con resoluci\u00f3n de 1920 x 1080 proporciona una visualizaci\u00f3n nativa de fuentes de video Full HD sin ninguna degradaci\u00f3n debido a las tecnolog\u00edas de reducci\u00f3n de muestreo<\/li>\n<li><strong>Experiencia de juego avanzada con G-Sync<\/strong><br \/>\nExperimente un rendimiento revolucionario sin desgarros ni tartamudeos con la tecnolog\u00eda NVIDIA G-sync<\/li>\n<li><strong>Tama\u00f1o de pantalla visible y tipo de panel<\/strong><br \/>\nTama\u00f1o de pantalla de 27 pulgadas con retroiluminaci\u00f3n LED que mejora el rendimiento de la pantalla para ofrecer una gama de colores y una relaci\u00f3n de contraste excepcionales<\/li>\n<li><strong>Pantalla LCD<\/strong><br \/>\nDisfrute de impresionantes im\u00e1genes visuales luminiscentes con pantalla LCD<\/li>\n<li><strong>Compatible con VESA<\/strong><br \/>\nLa compatibilidad con montaje VESA le permite montar la pantalla en una pared o con un soporte seg\u00fan sus necesidades espec\u00edficas<\/li>\n<li><strong>Brillo<\/strong><br \/>\nVea su contenido f\u00e1cilmente en \u00e1reas bien iluminadas con un brillo de 400 Nit<\/li>\n<li><strong>Juego de azar<\/strong><br \/>\nCon una frecuencia de actualizaci\u00f3n de 240 Hz, est\u00e1 especialmente dise\u00f1ado para juegos.<\/li>\n<\/ul>\n<\/div>\n","protected":false},"excerpt":{"rendered":"<p>El ViewSonic ELITE XG270 es un monitor para juegos de 27&#8243; que ofrece una velocidad y claridad incre\u00edbles para los entusiastas de los deportes electr\u00f3nicos. El tiempo de respuesta ultrarr\u00e1pido<\/p>\n","protected":false},"featured_media":92957,"comment_status":"open","ping_status":"closed","template":"","meta":{"_acf_changed":false,"_joinchat":[]},"product_brand":[],"product_cat":[277,280,433],"product_tag":[],"class_list":{"0":"post-92956","1":"product","2":"type-product","3":"status-publish","4":"has-post-thumbnail","6":"product_cat-zona-gamer","7":"product_cat-pc-gaming","8":"product_cat-monitores-gamer","10":"first","11":"instock","12":"sale","13":"shipping-taxable","14":"purchasable","15":"product-type-simple"},"acf":[],"_links":{"self":[{"href":"https:\/\/defabrica.com.mx\/defabrica\/wp-json\/wp\/v2\/product\/92956","targetHints":{"allow":["GET"]}}],"collection":[{"href":"https:\/\/defabrica.com.mx\/defabrica\/wp-json\/wp\/v2\/product"}],"about":[{"href":"https:\/\/defabrica.com.mx\/defabrica\/wp-json\/wp\/v2\/types\/product"}],"replies":[{"embeddable":true,"href":"https:\/\/defabrica.com.mx\/defabrica\/wp-json\/wp\/v2\/comments?post=92956"}],"wp:featuredmedia":[{"embeddable":true,"href":"https:\/\/defabrica.com.mx\/defabrica\/wp-json\/wp\/v2\/media\/92957"}],"wp:attachment":[{"href":"https:\/\/defabrica.com.mx\/defabrica\/wp-json\/wp\/v2\/media?parent=92956"}],"wp:term":[{"taxonomy":"product_brand","embeddable":true,"href":"https:\/\/defabrica.com.mx\/defabrica\/wp-json\/wp\/v2\/product_brand?post=92956"},{"taxonomy":"product_cat","embeddable":true,"href":"https:\/\/defabrica.com.mx\/defabrica\/wp-json\/wp\/v2\/product_cat?post=92956"},{"taxonomy":"product_tag","embeddable":true,"href":"https:\/\/defabrica.com.mx\/defabrica\/wp-json\/wp\/v2\/product_tag?post=92956"}],"curies":[{"name":"wp","href":"https:\/\/api.w.org\/{rel}","templated":true}]}}