{"id":92905,"date":"2022-07-23T16:16:17","date_gmt":"2022-07-23T21:16:17","guid":{"rendered":"https:\/\/defabrica.com.mx\/defabrica\/?post_type=product&#038;p=92905"},"modified":"2022-07-23T16:16:17","modified_gmt":"2022-07-23T21:16:17","slug":"viewsonic-monitor-ips-led-fhd-freesync-de-24","status":"publish","type":"product","link":"https:\/\/defabrica.com.mx\/defabrica\/producto\/viewsonic-monitor-ips-led-fhd-freesync-de-24\/","title":{"rendered":"ViewSonic &#8211; Monitor IPS LED FHD FreeSync de 24&#8243;"},"content":{"rendered":"<p>Domine los campos de batalla en el juego con este monitor de juegos ViewSonic IPS de 24 pulgadas.\u00a0La tecnolog\u00eda SuperClear IPS mejora la precisi\u00f3n del color y proporciona un \u00e1ngulo de visi\u00f3n de 178 grados, mientras que la tecnolog\u00eda AMD FreeSync sincroniza la frecuencia de actualizaci\u00f3n con la frecuencia de cuadro para eliminar el desgarro y la intermitencia de la pantalla.\u00a0Este monitor de juegos ViewSonic IPS admite resoluci\u00f3n Full HD para una calidad de imagen detallada, y el tiempo de respuesta de 1 ms minimiza la latencia de entrada.<\/p>\n<h3><\/h3>\n<h3 class=\"heading-5 v-fw-regular feature-heading\"><strong>Caracter\u00edsticas<\/strong><\/h3>\n<ul>\n<li><strong>Monitor LED IPS de 24&#8243; (23,8&#8243; visibles)<\/strong><br \/>\nSu tecnolog\u00eda SuperClear IPS brinda colores precisos e im\u00e1genes v\u00edvidas, ya sea que mire la pantalla desde arriba, abajo, de frente o de lado. El tipo de pantalla eficiente utiliza LED para proporcionar una retroiluminaci\u00f3n precisa a los p\u00edxeles.<\/li>\n<li><strong>Altavoces duales integrados de 2 W<\/strong><br \/>\nEste monitor combina un rendimiento de pantalla de calidad con sonido est\u00e9reo para una experiencia multimedia inmersiva.<\/li>\n<li><strong>\u00c1ngulos de visi\u00f3n horizontal y vertical de 178\u00b0<\/strong><br \/>\nPermite ver la pantalla desde una amplia gama de \u00e1ngulos.<\/li>\n<li><strong>Tecnolog\u00eda AMD FreeSync Premium<\/strong><br \/>\nCuenta con una tecnolog\u00eda de sincronizaci\u00f3n adaptativa, que reduce el desgarro de la pantalla, el tartamudeo y la latencia de entrada. La compensaci\u00f3n de baja velocidad de fotogramas garantiza que cada escena fluya sin problemas.<\/li>\n<li><strong>Dise\u00f1o de montaje en pared<\/strong><br \/>\nRequiere un kit de montaje opcional (no incluido). El montaje VESA de 100&#215;100 mm hace que el monitor sea ideal para colocarlo en la mayor\u00eda de las paredes.<\/li>\n<li><strong>Brillo de 250 cd\/m\u00b2<\/strong><br \/>\nProduce im\u00e1genes brillantes que se pueden ver claramente incluso en habitaciones bien iluminadas.<\/li>\n<li><strong>Entradas DisplayPort y HDMI<\/strong><br \/>\nOfrece una amplia gama de compatibilidad, brind\u00e1ndole una excelente flexibilidad al conectar dispositivos. Adem\u00e1s, cuenta con un conector para auriculares.<\/li>\n<li><strong>Relaci\u00f3n de contraste din\u00e1mico de 80 000 000:1 (1000:1 t\u00edpica)<\/strong><br \/>\nLa relaci\u00f3n de contraste megadin\u00e1mico crea profundidad en las im\u00e1genes al agregar m\u00e1s definici\u00f3n a los colores m\u00e1s oscuros y m\u00e1s brillantes en la pantalla para garantizar que las im\u00e1genes se muestren con los detalles m\u00e1s finos.<\/li>\n<li><strong>Resoluci\u00f3n FHD de 1920 x 1080 con relaci\u00f3n de aspecto de 16:9<\/strong><br \/>\nDisfrute de una s\u00f3lida experiencia de juego o video sin una tensi\u00f3n excesiva en su tarjeta gr\u00e1fica.<\/li>\n<li><strong>Soporte f\u00e1cilmente ajustable<\/strong><br \/>\nPivote, incline, gire y ajuste la altura de su monitor para una configuraci\u00f3n c\u00f3moda durante todo el d\u00eda.<\/li>\n<li><strong>Tiempo de respuesta ultrarr\u00e1pido de 1 ms (MPRT)<\/strong><br \/>\nOfrece im\u00e1genes fluidas al tiempo que minimiza el desenfoque de movimiento y las im\u00e1genes fantasma. Durante las secuencias de acci\u00f3n de ritmo r\u00e1pido, se alegrar\u00e1 de que su monitor reaccione tan r\u00e1pido como usted.<\/li>\n<li><strong>Frecuencia de actualizaci\u00f3n de 144 Hz<\/strong><br \/>\nEste monitor ofrece una carga de fotogramas fluida y gr\u00e1ficos fant\u00e1sticos sin importar qu\u00e9 tan r\u00e1pido se desarrolle la acci\u00f3n en el juego.<\/li>\n<li><strong>Dise\u00f1o sin marco<\/strong><br \/>\nCon un elegante dise\u00f1o sin bordes en tres lados, maximiza el tama\u00f1o de visualizaci\u00f3n y minimiza las distracciones del marco. Perfecto para configuraciones de juegos multipantalla, creaci\u00f3n de contenido o transmisi\u00f3n en l\u00ednea.<\/li>\n<li><strong>Modo de juego personalizado por el usuario<\/strong><br \/>\nEl modo Juego integra la configuraci\u00f3n de juego FPS, RTS y MOBA precalibrada con pruebas y ajustes en el juego para lograr la combinaci\u00f3n perfecta de color y tecnolog\u00eda.<\/li>\n<li><strong>Comodidad de visualizaci\u00f3n<\/strong><br \/>\nSu tecnolog\u00eda sin parpadeo y su filtro de luz azul ayudan a reducir la fatiga visual y la fatiga por pasar demasiado tiempo frente a la pantalla y el uso intenso.<\/li>\n<\/ul>\n","protected":false},"excerpt":{"rendered":"<p>Domine los campos de batalla en el juego con este monitor de juegos ViewSonic IPS de 24 pulgadas.\u00a0La tecnolog\u00eda SuperClear IPS mejora la precisi\u00f3n del color y proporciona un \u00e1ngulo<\/p>\n","protected":false},"featured_media":92906,"comment_status":"open","ping_status":"closed","template":"","meta":{"_acf_changed":false,"_joinchat":[]},"product_brand":[],"product_cat":[277,280,433],"product_tag":[],"class_list":{"0":"post-92905","1":"product","2":"type-product","3":"status-publish","4":"has-post-thumbnail","6":"product_cat-zona-gamer","7":"product_cat-pc-gaming","8":"product_cat-monitores-gamer","10":"first","11":"instock","12":"sale","13":"shipping-taxable","14":"purchasable","15":"product-type-simple"},"acf":[],"_links":{"self":[{"href":"https:\/\/defabrica.com.mx\/defabrica\/wp-json\/wp\/v2\/product\/92905","targetHints":{"allow":["GET"]}}],"collection":[{"href":"https:\/\/defabrica.com.mx\/defabrica\/wp-json\/wp\/v2\/product"}],"about":[{"href":"https:\/\/defabrica.com.mx\/defabrica\/wp-json\/wp\/v2\/types\/product"}],"replies":[{"embeddable":true,"href":"https:\/\/defabrica.com.mx\/defabrica\/wp-json\/wp\/v2\/comments?post=92905"}],"wp:featuredmedia":[{"embeddable":true,"href":"https:\/\/defabrica.com.mx\/defabrica\/wp-json\/wp\/v2\/media\/92906"}],"wp:attachment":[{"href":"https:\/\/defabrica.com.mx\/defabrica\/wp-json\/wp\/v2\/media?parent=92905"}],"wp:term":[{"taxonomy":"product_brand","embeddable":true,"href":"https:\/\/defabrica.com.mx\/defabrica\/wp-json\/wp\/v2\/product_brand?post=92905"},{"taxonomy":"product_cat","embeddable":true,"href":"https:\/\/defabrica.com.mx\/defabrica\/wp-json\/wp\/v2\/product_cat?post=92905"},{"taxonomy":"product_tag","embeddable":true,"href":"https:\/\/defabrica.com.mx\/defabrica\/wp-json\/wp\/v2\/product_tag?post=92905"}],"curies":[{"name":"wp","href":"https:\/\/api.w.org\/{rel}","templated":true}]}}