{"id":92899,"date":"2022-07-23T16:12:55","date_gmt":"2022-07-23T21:12:55","guid":{"rendered":"https:\/\/defabrica.com.mx\/defabrica\/?post_type=product&#038;p=92899"},"modified":"2022-07-23T16:12:55","modified_gmt":"2022-07-23T21:12:55","slug":"viewsonic-monitor-curvo-lcd-27-displayport-hdmi","status":"publish","type":"product","link":"https:\/\/defabrica.com.mx\/defabrica\/producto\/viewsonic-monitor-curvo-lcd-27-displayport-hdmi\/","title":{"rendered":"ViewSonic &#8211; Monitor curvo LCD 27 (DisplayPort HDMI)"},"content":{"rendered":"<div class=\"embedded-component-container lv product-description\">\n<div>\n<div id=\"shop-product-description-30097172\" class=\"_none\" data-version=\"1.3.46\">\n<div class=\"shop-product-description\">\n<section class=\"align-heading-left\" data-reactroot=\"\">\n<div class=\"long-description-container body-copy \">\n<div class=\"html-fragment\"><span>Con una pantalla curva 1500R inmersiva y una impresionante resoluci\u00f3n WQHD de 2560 x 1440, el monitor VX2768-2KPC-MHD de ViewSonic ofrece una experiencia de visualizaci\u00f3n incre\u00edble para trabajar o jugar.\u00a0Con caracter\u00edsticas que incluyen una alta frecuencia de actualizaci\u00f3n de 144 Hz, tiempo de respuesta de 1 ms (MPRT) y tecnolog\u00eda AMD FreeSync Premium, este monitor pr\u00e1cticamente elimina el desgarro y la intermitencia de la pantalla para una experiencia de juego fluida.\u00a0El VX2768-2KPC-MHD tambi\u00e9n viene equipado con preajustes ViewMode exclusivos de ViewSonic, que ofrecen un rendimiento de pantalla optimizado para diferentes aplicaciones de entretenimiento en el hogar, como ver pel\u00edculas, editar archivos o jugar videojuegos.\u00a0Dos entradas HDMI (v2.0) y una entrada DisplayPort (v1.2) ofrecen conectividad flexible tanto para uso general como para entretenimiento.<\/span><\/div>\n<\/div>\n<\/section>\n<\/div>\n<\/div>\n<\/div>\n<\/div>\n<div class=\"embedded-component-container lv product-features\">\n<h3><\/h3>\n<h3 class=\"heading-5 v-fw-regular feature-heading\"><strong>Caracter\u00edsticas<\/strong><\/h3>\n<ul>\n<li><strong>Experiencia inmersiva<\/strong><br \/>\nSum\u00e9rjase por completo con el panel curvo de 27&#8243; que est\u00e1 dise\u00f1ado para brindar comodidad, productividad y estilo<\/li>\n<li><strong>Experiencia de juego avanzada con FreeSync<\/strong><br \/>\nPonga fin a la jugabilidad entrecortada y los fotogramas rotos con un rendimiento fluido y sin artefactos pr\u00e1cticamente a cualquier velocidad de fotogramas con la tecnolog\u00eda FreeSync<\/li>\n<li><strong>Tama\u00f1o de pantalla visible y tipo de panel<\/strong><br \/>\nTama\u00f1o de pantalla de 27 pulgadas con retroiluminaci\u00f3n LED que mejora el rendimiento de la pantalla para ofrecer una gama de colores y una relaci\u00f3n de contraste excepcionales<\/li>\n<li><strong>Pantalla LCD<\/strong><br \/>\nDisfrute de impresionantes im\u00e1genes visuales luminiscentes con pantalla LCD<\/li>\n<li><strong>\u00c1ngulo de visi\u00f3n<\/strong><br \/>\nEste elegante monitor LCD para juegos ofrece \u00e1ngulos de visi\u00f3n de 178\u00b0\/178\u00b0 para disfrutar de una excelente experiencia de visualizaci\u00f3n sin importar d\u00f3nde y c\u00f3mo lo mire.<\/li>\n<li><strong>Compatible con VESA<\/strong><br \/>\nLa compatibilidad con montaje VESA le permite montar la pantalla en una pared o con un soporte seg\u00fan sus necesidades espec\u00edficas<\/li>\n<li><strong>Brillo<\/strong><br \/>\nVea su contenido f\u00e1cilmente en \u00e1reas bien iluminadas con un brillo de 250 Nit<\/li>\n<li><strong>Juego de azar<\/strong><br \/>\nCon una frecuencia de actualizaci\u00f3n de 120 Hz, est\u00e1 especialmente dise\u00f1ado para juegos.<\/li>\n<\/ul>\n<\/div>\n","protected":false},"excerpt":{"rendered":"<p>Con una pantalla curva 1500R inmersiva y una impresionante resoluci\u00f3n WQHD de 2560 x 1440, el monitor VX2768-2KPC-MHD de ViewSonic ofrece una experiencia de visualizaci\u00f3n incre\u00edble para trabajar o jugar.\u00a0Con<\/p>\n","protected":false},"featured_media":92900,"comment_status":"open","ping_status":"closed","template":"","meta":{"_acf_changed":false,"_joinchat":[]},"product_brand":[],"product_cat":[277,280,433],"product_tag":[],"class_list":{"0":"post-92899","1":"product","2":"type-product","3":"status-publish","4":"has-post-thumbnail","6":"product_cat-zona-gamer","7":"product_cat-pc-gaming","8":"product_cat-monitores-gamer","10":"first","11":"instock","12":"sale","13":"shipping-taxable","14":"purchasable","15":"product-type-simple"},"acf":[],"_links":{"self":[{"href":"https:\/\/defabrica.com.mx\/defabrica\/wp-json\/wp\/v2\/product\/92899","targetHints":{"allow":["GET"]}}],"collection":[{"href":"https:\/\/defabrica.com.mx\/defabrica\/wp-json\/wp\/v2\/product"}],"about":[{"href":"https:\/\/defabrica.com.mx\/defabrica\/wp-json\/wp\/v2\/types\/product"}],"replies":[{"embeddable":true,"href":"https:\/\/defabrica.com.mx\/defabrica\/wp-json\/wp\/v2\/comments?post=92899"}],"wp:featuredmedia":[{"embeddable":true,"href":"https:\/\/defabrica.com.mx\/defabrica\/wp-json\/wp\/v2\/media\/92900"}],"wp:attachment":[{"href":"https:\/\/defabrica.com.mx\/defabrica\/wp-json\/wp\/v2\/media?parent=92899"}],"wp:term":[{"taxonomy":"product_brand","embeddable":true,"href":"https:\/\/defabrica.com.mx\/defabrica\/wp-json\/wp\/v2\/product_brand?post=92899"},{"taxonomy":"product_cat","embeddable":true,"href":"https:\/\/defabrica.com.mx\/defabrica\/wp-json\/wp\/v2\/product_cat?post=92899"},{"taxonomy":"product_tag","embeddable":true,"href":"https:\/\/defabrica.com.mx\/defabrica\/wp-json\/wp\/v2\/product_tag?post=92899"}],"curies":[{"name":"wp","href":"https:\/\/api.w.org\/{rel}","templated":true}]}}