{"id":92891,"date":"2022-07-23T16:08:24","date_gmt":"2022-07-23T21:08:24","guid":{"rendered":"https:\/\/defabrica.com.mx\/defabrica\/?post_type=product&#038;p=92891"},"modified":"2023-01-19T13:48:30","modified_gmt":"2023-01-19T19:48:30","slug":"viewsonic-monitor-elite-32-ips-led-4k-uhd-freesync-displayport-hdmi-usb","status":"publish","type":"product","link":"https:\/\/defabrica.com.mx\/defabrica\/producto\/viewsonic-monitor-elite-32-ips-led-4k-uhd-freesync-displayport-hdmi-usb\/","title":{"rendered":"ViewSonic &#8211; Monitor ELITE 32&#8243; IPS LED 4K UHD FreeSync (DisplayPort, HDMI, USB)"},"content":{"rendered":"<p>Sum\u00e9rjase en impresionantes mundos virtuales con este monitor de juegos ViewSonic UHD de 32 pulgadas.\u00a0La frecuencia de actualizaci\u00f3n de 150 Hz garantiza una mejor capacidad de respuesta, minimizando el retraso de entrada, y la tecnolog\u00eda AMD FreeSync Premium Pro elimina el desgarro de la pantalla cuando la velocidad de fotogramas es variable.\u00a0Este monitor para juegos 4K ViewSonic UHD cuenta con la certificaci\u00f3n VESA HDR 600 para una excelente calidad de color y contraste, mientras que el tiempo de respuesta de 1 ms reduce las im\u00e1genes fantasma en escenas de ritmo r\u00e1pido.<\/p>\n<h3><\/h3>\n<h3 class=\"heading-5 v-fw-regular feature-heading\"><strong>Caracter\u00edsticas<\/strong><\/h3>\n<ul>\n<li><strong>Monitor LED de 32&#8243;<\/strong><br \/>\nSu tipo de pantalla eficiente utiliza LED para proporcionar una retroiluminaci\u00f3n precisa a los p\u00edxeles.<\/li>\n<li><strong>Altavoces incorporados<\/strong><br \/>\nLe permite disfrutar de su entretenimiento favorito con sonido est\u00e9reo.<\/li>\n<li><strong>\u00c1ngulos de visi\u00f3n de 178\u00b0 horizontal y 178\u00b0 vertical<\/strong><br \/>\nLe permite ver la pantalla desde una amplia gama de \u00e1ngulos.<\/li>\n<li><strong>Tecnolog\u00eda FreeSync Premium Pro para un juego fluido<\/strong><br \/>\nSincroniza la frecuencia de actualizaci\u00f3n entre el monitor y la tarjeta gr\u00e1fica para eliminar las im\u00e1genes rotas y entrecortadas.<\/li>\n<li><strong>Dise\u00f1o de montaje en pared<\/strong><br \/>\nCompatible con una montura VESA de 100 mm x 100 mm.<\/li>\n<li><strong>Brillo de 400 cd\/m\u00b2<\/strong><br \/>\nProduce im\u00e1genes brillantes que se pueden ver claramente incluso en habitaciones bien iluminadas.<\/li>\n<li><strong>Dos entradas HDMI, DisplayPort y USB<\/strong><br \/>\nLe permite configurar reproductores de DVD y otras fuentes de A\/V para una se\u00f1al de audio y video clara y de alta calidad.<\/li>\n<li><strong>Relaci\u00f3n de contraste din\u00e1mico de 120 000 000:1 (1000:1 t\u00edpico)<\/strong><br \/>\nGarantiza que las im\u00e1genes sean n\u00edtidas y claras con negros profundos y luces brillantes.<\/li>\n<li><strong>Resoluci\u00f3n 3840 x 2160 4K Ultra HD<\/strong><br \/>\nProporciona im\u00e1genes n\u00edtidas y detalladas. Este monitor, que muestra m\u00e1s de 8 millones de p\u00edxeles con una alta densidad de p\u00edxeles, ofrece lo \u00faltimo en detalles de imagen y claridad para una experiencia de juego sorprendente y altamente inmersiva.<\/li>\n<li><strong>Tiempo de respuesta ultrarr\u00e1pido de 1 ms<\/strong><br \/>\nGarantiza que los p\u00edxeles cambien de color r\u00e1pidamente para ayudar a evitar las rayas, el desenfoque y las im\u00e1genes fantasma durante las escenas de acci\u00f3n y los videojuegos de ritmo r\u00e1pido.<\/li>\n<li><strong>frecuencia de actualizaci\u00f3n de 150 Hz<\/strong><br \/>\nEste monitor ofrece una mayor fluidez visual y gr\u00e1ficos asombrosos sin importar qu\u00e9 tan r\u00e1pido se desarrolle la acci\u00f3n en el juego.<\/li>\n<\/ul>\n","protected":false},"excerpt":{"rendered":"<p>Sum\u00e9rjase en impresionantes mundos virtuales con este monitor de juegos ViewSonic UHD de 32 pulgadas.\u00a0La frecuencia de actualizaci\u00f3n de 150 Hz garantiza una mejor capacidad de respuesta, minimizando el retraso<\/p>\n","protected":false},"featured_media":92897,"comment_status":"open","ping_status":"closed","template":"","meta":{"_acf_changed":false,"_joinchat":[]},"product_brand":[],"product_cat":[277,280,433],"product_tag":[],"class_list":{"0":"post-92891","1":"product","2":"type-product","3":"status-publish","4":"has-post-thumbnail","6":"product_cat-zona-gamer","7":"product_cat-pc-gaming","8":"product_cat-monitores-gamer","10":"first","11":"instock","12":"sale","13":"shipping-taxable","14":"purchasable","15":"product-type-simple"},"acf":[],"_links":{"self":[{"href":"https:\/\/defabrica.com.mx\/defabrica\/wp-json\/wp\/v2\/product\/92891","targetHints":{"allow":["GET"]}}],"collection":[{"href":"https:\/\/defabrica.com.mx\/defabrica\/wp-json\/wp\/v2\/product"}],"about":[{"href":"https:\/\/defabrica.com.mx\/defabrica\/wp-json\/wp\/v2\/types\/product"}],"replies":[{"embeddable":true,"href":"https:\/\/defabrica.com.mx\/defabrica\/wp-json\/wp\/v2\/comments?post=92891"}],"wp:featuredmedia":[{"embeddable":true,"href":"https:\/\/defabrica.com.mx\/defabrica\/wp-json\/wp\/v2\/media\/92897"}],"wp:attachment":[{"href":"https:\/\/defabrica.com.mx\/defabrica\/wp-json\/wp\/v2\/media?parent=92891"}],"wp:term":[{"taxonomy":"product_brand","embeddable":true,"href":"https:\/\/defabrica.com.mx\/defabrica\/wp-json\/wp\/v2\/product_brand?post=92891"},{"taxonomy":"product_cat","embeddable":true,"href":"https:\/\/defabrica.com.mx\/defabrica\/wp-json\/wp\/v2\/product_cat?post=92891"},{"taxonomy":"product_tag","embeddable":true,"href":"https:\/\/defabrica.com.mx\/defabrica\/wp-json\/wp\/v2\/product_tag?post=92891"}],"curies":[{"name":"wp","href":"https:\/\/api.w.org\/{rel}","templated":true}]}}