{"id":92819,"date":"2022-07-22T11:20:40","date_gmt":"2022-07-22T16:20:40","guid":{"rendered":"https:\/\/defabrica.com.mx\/defabrica\/?post_type=product&#038;p=92819"},"modified":"2023-01-19T15:44:19","modified_gmt":"2023-01-19T21:44:19","slug":"battlefield-2042-xbox-one","status":"publish","type":"product","link":"https:\/\/defabrica.com.mx\/defabrica\/producto\/battlefield-2042-xbox-one\/","title":{"rendered":"Battlefield 2042 &#8211; Xbox One"},"content":{"rendered":"<p>battlefield 2042 es un juego de disparos en primera persona que marca el regreso a la ic\u00f3nica guerra total de la franquicia. Adaptarse y superarse en un mundo de futuro cercano transformado por el desorden.\u00a0Forme un equipo y traiga un arsenal de vanguardia a campos de batalla que cambian din\u00e1micamente y admiten 128 jugadores *, escala sin precedentes y destrucci\u00f3n \u00e9pica.<\/p>\n<h3 class=\"heading-5 v-fw-regular feature-heading\"><strong>Caracter\u00edsticas<\/strong><\/h3>\n<ul>\n<li><strong>Un mundo transformado por el desorden<\/strong><br \/>\nEn 2042, los fen\u00f3menos meteorol\u00f3gicos extremos y los conflictos por los recursos cambiaron el equilibrio del poder mundial.<\/li>\n<li><strong>128 jugadores simult\u00e1neos<\/strong><br \/>\nPor primera vez en la historia de Battlefield, 128 jugadores pueden unirse a la guerra total al mismo tiempo.<\/li>\n<li><strong>Compatible solo con Xbox Series X|S, PlayStation 5 y PC. Xbox One y PlayStation 4 estar\u00e1n bloqueados en 64 jugadores.<\/strong><\/li>\n<li><strong>Entornos amplios y din\u00e1micos<\/strong><br \/>\nObtenga una sensaci\u00f3n a\u00fan mayor de guerra espectacular a gran escala en siete mapas masivos, elaborados a trav\u00e9s de una filosof\u00eda de dise\u00f1o renovada.<\/li>\n<li><strong>Un arsenal de vanguardia<\/strong><br \/>\nD\u00e9 rienda suelta a su creatividad de combate a trav\u00e9s de una lista completa de armas, veh\u00edculos, jets, helic\u00f3pteros y equipos completamente nuevos inspirados en el futuro cercano de 2042.<\/li>\n<li><strong>Especialistas<\/strong><br \/>\nElige tu papel en el campo de batalla y forma escuadrones personalizados a trav\u00e9s del nuevo sistema de especialistas.<\/li>\n<li><strong>Nuevas Temporadas, Nuevo Contenido<\/strong><br \/>\nT\u00fa y la comunidad progresar\u00e9is en Battlefield 2042 a trav\u00e9s de un sistema de temporada, que traer\u00e1 continuamente nuevas actualizaciones al juego.<\/li>\n<\/ul>\n","protected":false},"excerpt":{"rendered":"<p>battlefield 2042 es un juego de disparos en primera persona que marca el regreso a la ic\u00f3nica guerra total de la franquicia. Adaptarse y superarse en un mundo de futuro<\/p>\n","protected":false},"featured_media":92820,"comment_status":"open","ping_status":"closed","template":"","meta":{"_acf_changed":false,"_joinchat":[]},"product_brand":[],"product_cat":[1515,277,894],"product_tag":[],"class_list":{"0":"post-92819","1":"product","2":"type-product","3":"status-publish","4":"has-post-thumbnail","6":"product_cat-ofetas-zonagamer","7":"product_cat-zona-gamer","8":"product_cat-videojuegos","10":"first","11":"instock","12":"sale","13":"shipping-taxable","14":"purchasable","15":"product-type-simple"},"acf":[],"_links":{"self":[{"href":"https:\/\/defabrica.com.mx\/defabrica\/wp-json\/wp\/v2\/product\/92819","targetHints":{"allow":["GET"]}}],"collection":[{"href":"https:\/\/defabrica.com.mx\/defabrica\/wp-json\/wp\/v2\/product"}],"about":[{"href":"https:\/\/defabrica.com.mx\/defabrica\/wp-json\/wp\/v2\/types\/product"}],"replies":[{"embeddable":true,"href":"https:\/\/defabrica.com.mx\/defabrica\/wp-json\/wp\/v2\/comments?post=92819"}],"wp:featuredmedia":[{"embeddable":true,"href":"https:\/\/defabrica.com.mx\/defabrica\/wp-json\/wp\/v2\/media\/92820"}],"wp:attachment":[{"href":"https:\/\/defabrica.com.mx\/defabrica\/wp-json\/wp\/v2\/media?parent=92819"}],"wp:term":[{"taxonomy":"product_brand","embeddable":true,"href":"https:\/\/defabrica.com.mx\/defabrica\/wp-json\/wp\/v2\/product_brand?post=92819"},{"taxonomy":"product_cat","embeddable":true,"href":"https:\/\/defabrica.com.mx\/defabrica\/wp-json\/wp\/v2\/product_cat?post=92819"},{"taxonomy":"product_tag","embeddable":true,"href":"https:\/\/defabrica.com.mx\/defabrica\/wp-json\/wp\/v2\/product_tag?post=92819"}],"curies":[{"name":"wp","href":"https:\/\/api.w.org\/{rel}","templated":true}]}}