{"id":92812,"date":"2022-07-22T11:17:24","date_gmt":"2022-07-22T16:17:24","guid":{"rendered":"https:\/\/defabrica.com.mx\/defabrica\/?post_type=product&#038;p=92812"},"modified":"2023-01-19T15:43:40","modified_gmt":"2023-01-19T21:43:40","slug":"paquete-de-expansion-los-sims-4-escape-nevado-windows","status":"publish","type":"product","link":"https:\/\/defabrica.com.mx\/defabrica\/producto\/paquete-de-expansion-los-sims-4-escape-nevado-windows\/","title":{"rendered":"Paquete de expansi\u00f3n Los Sims 4 Escape Nevado &#8211; Windows"},"content":{"rendered":"<p>Prep\u00e1rate para emocionantes deportes de nieve, rel\u00e1jate en aguas termales naturales y dise\u00f1a tu casa de inspiraci\u00f3n japonesa en Los Sims 4 Snowy Escape Expansion Pack.<\/p>\n<h3 class=\"heading-5 v-fw-regular feature-heading\"><strong>Caracter\u00edsticas<\/strong><\/h3>\n<ul>\n<li><strong>PERSIGUE TUS EMOCIONES<\/strong><br \/>\nPon a prueba la habilidad y la resistencia de tu Sim con actividades en la ladera de la monta\u00f1a<\/li>\n<li><strong>ENCUENTRA TU Z\u00c9N<\/strong><br \/>\nDeja que las preocupaciones de tu Sim floten en las aguas termales naturales<\/li>\n<li><strong>CREA TU SANTUARIO<\/strong><br \/>\nYa sea que prefiera los detalles tradicionales o los toques modernos de los muebles y la decoraci\u00f3n de inspiraci\u00f3n japonesa, puede incorporar puertas, ventanas y pantallas shoji, tatamis y m\u00e1s para dise\u00f1ar un hogar que complemente su vida.<\/li>\n<li><strong>DEFINE TU ESTILO DE VIDA<\/strong><br \/>\nDesbloquea nuevos efectos de personalidad y relaciones con la introducci\u00f3n de Estilos de vida y Sentimientos.<\/li>\n<\/ul>\n","protected":false},"excerpt":{"rendered":"<p>Prep\u00e1rate para emocionantes deportes de nieve, rel\u00e1jate en aguas termales naturales y dise\u00f1a tu casa de inspiraci\u00f3n japonesa en Los Sims 4 Snowy Escape Expansion Pack. Caracter\u00edsticas PERSIGUE TUS EMOCIONES<\/p>\n","protected":false},"featured_media":92813,"comment_status":"open","ping_status":"closed","template":"","meta":{"_acf_changed":false,"_joinchat":[]},"product_brand":[],"product_cat":[277,894],"product_tag":[],"class_list":{"0":"post-92812","1":"product","2":"type-product","3":"status-publish","4":"has-post-thumbnail","6":"product_cat-zona-gamer","7":"product_cat-videojuegos","9":"first","10":"instock","11":"sale","12":"shipping-taxable","13":"purchasable","14":"product-type-simple"},"acf":[],"_links":{"self":[{"href":"https:\/\/defabrica.com.mx\/defabrica\/wp-json\/wp\/v2\/product\/92812","targetHints":{"allow":["GET"]}}],"collection":[{"href":"https:\/\/defabrica.com.mx\/defabrica\/wp-json\/wp\/v2\/product"}],"about":[{"href":"https:\/\/defabrica.com.mx\/defabrica\/wp-json\/wp\/v2\/types\/product"}],"replies":[{"embeddable":true,"href":"https:\/\/defabrica.com.mx\/defabrica\/wp-json\/wp\/v2\/comments?post=92812"}],"wp:featuredmedia":[{"embeddable":true,"href":"https:\/\/defabrica.com.mx\/defabrica\/wp-json\/wp\/v2\/media\/92813"}],"wp:attachment":[{"href":"https:\/\/defabrica.com.mx\/defabrica\/wp-json\/wp\/v2\/media?parent=92812"}],"wp:term":[{"taxonomy":"product_brand","embeddable":true,"href":"https:\/\/defabrica.com.mx\/defabrica\/wp-json\/wp\/v2\/product_brand?post=92812"},{"taxonomy":"product_cat","embeddable":true,"href":"https:\/\/defabrica.com.mx\/defabrica\/wp-json\/wp\/v2\/product_cat?post=92812"},{"taxonomy":"product_tag","embeddable":true,"href":"https:\/\/defabrica.com.mx\/defabrica\/wp-json\/wp\/v2\/product_tag?post=92812"}],"curies":[{"name":"wp","href":"https:\/\/api.w.org\/{rel}","templated":true}]}}