{"id":92807,"date":"2022-07-22T11:13:43","date_gmt":"2022-07-22T16:13:43","guid":{"rendered":"https:\/\/defabrica.com.mx\/defabrica\/?post_type=product&#038;p=92807"},"modified":"2023-01-19T15:43:00","modified_gmt":"2023-01-19T21:43:00","slug":"los-sims-4-hazte-famoso-mac-windows","status":"publish","type":"product","link":"https:\/\/defabrica.com.mx\/defabrica\/producto\/los-sims-4-hazte-famoso-mac-windows\/","title":{"rendered":"Los Sims 4 \u00a1Hazte Famoso! &#8211; Mac, Windows"},"content":{"rendered":"<p>Convi\u00e9rtete en una superestrella con esta expansi\u00f3n para PC de Los Sims 4 \u00a1Hazte Famoso!\u00a0La nueva carrera de actuaci\u00f3n te permite llevar a tus Sims de audicionar para comerciales a vivir la gran vida como una estrella internacional.\u00a0Los Sims 4 \u00a1Hazte Famoso! incluye nuevos atuendos y disfraces para personalizar a tus personajes y nuevas ventajas de celebridades que te har\u00e1n sentir como una verdadera estrella,<\/p>\n<h3 class=\"heading-5 v-fw-regular feature-heading\"><strong>Caracter\u00edsticas<\/strong><\/h3>\n<ul>\n<li><strong>Ahora tus Sims pueden vivir sus sue\u00f1os m\u00e1s salvajes de fama y fortuna. Ascienda al estrellato en su carrera actual, o salte a la fama con una nueva b\u00fasqueda<\/strong><\/li>\n<li><strong>Disfruta del centro de atenci\u00f3n como aspirante a actor o transmite en vivo cada momento como influencer. Pero recuerda, cuanto m\u00e1s populares se vuelvan tus Sims, m\u00e1s atenci\u00f3n, ventajas y admiradores deslumbrados atraer\u00e1n.<\/strong><\/li>\n<li><strong>Volverse rico y famoso puede ser impredecible, pero ya sea que haga una fortuna o desperdicie sus simoleones, nunca mirar\u00e1 hacia atr\u00e1s una vez que viva ese estilo de vida VIP.<\/strong><\/li>\n<li><strong>S\u00e9 tu propia musa y dirige a tus Sims hacia una brillante carrera como actor. Obtenga su oportunidad con presentaciones comerciales o gane un papel en una serie de televisi\u00f3n<\/strong><\/li>\n<li><strong>Cuando tus Sims hagan un esfuerzo adicional estudiando l\u00edneas y usando disfraces \u00fanicos, todo ese trabajo duro podr\u00eda llevarlos a un papel protag\u00f3nico en el pr\u00f3ximo gran \u00e9xito de taquilla.<\/strong><\/li>\n<li><strong>\u00danete al brillo y el glamour de Del Sol Valley, un nuevo mundo donde tus Sims son la comidilla de la ciudad. Obtenga una casa inicial en Mirage Park, o avance hasta una casa en las colinas de Pinnacles<\/strong><\/li>\n<li><strong>Consigue una estrella legendaria en el paseo de la fama con el nombre de tu Sim y har\u00e1s que todo el mundo hable de ti en un santiam\u00e9n.<\/strong><\/li>\n<li><strong>H\u00e1gase notar en la ciudad con ropa de calle elegante, o v\u00edstase con atuendos glamorosos en el set<\/strong><\/li>\n<li><strong>A medida que el estado de tu Sim aumenta r\u00e1pidamente, obtienes ventajas de celebridad. Decora una hermosa mansi\u00f3n con muebles chapados en oro y ll\u00e9vate a casa una pieza \u00fanica para exhibir como tributo a tu edad dorada.<\/strong><\/li>\n<li><strong>* Requiere el juego Los Sims 4 (se vende por separado) y todas las actualizaciones del juego para jugar.<\/strong><\/li>\n<\/ul>\n","protected":false},"excerpt":{"rendered":"<p>Convi\u00e9rtete en una superestrella con esta expansi\u00f3n para PC de Los Sims 4 \u00a1Hazte Famoso!\u00a0La nueva carrera de actuaci\u00f3n te permite llevar a tus Sims de audicionar para comerciales a<\/p>\n","protected":false},"featured_media":92808,"comment_status":"open","ping_status":"closed","template":"","meta":{"_acf_changed":false,"_joinchat":[]},"product_brand":[],"product_cat":[277,894],"product_tag":[],"class_list":{"0":"post-92807","1":"product","2":"type-product","3":"status-publish","4":"has-post-thumbnail","6":"product_cat-zona-gamer","7":"product_cat-videojuegos","9":"first","10":"instock","11":"sale","12":"shipping-taxable","13":"purchasable","14":"product-type-simple"},"acf":[],"_links":{"self":[{"href":"https:\/\/defabrica.com.mx\/defabrica\/wp-json\/wp\/v2\/product\/92807","targetHints":{"allow":["GET"]}}],"collection":[{"href":"https:\/\/defabrica.com.mx\/defabrica\/wp-json\/wp\/v2\/product"}],"about":[{"href":"https:\/\/defabrica.com.mx\/defabrica\/wp-json\/wp\/v2\/types\/product"}],"replies":[{"embeddable":true,"href":"https:\/\/defabrica.com.mx\/defabrica\/wp-json\/wp\/v2\/comments?post=92807"}],"wp:featuredmedia":[{"embeddable":true,"href":"https:\/\/defabrica.com.mx\/defabrica\/wp-json\/wp\/v2\/media\/92808"}],"wp:attachment":[{"href":"https:\/\/defabrica.com.mx\/defabrica\/wp-json\/wp\/v2\/media?parent=92807"}],"wp:term":[{"taxonomy":"product_brand","embeddable":true,"href":"https:\/\/defabrica.com.mx\/defabrica\/wp-json\/wp\/v2\/product_brand?post=92807"},{"taxonomy":"product_cat","embeddable":true,"href":"https:\/\/defabrica.com.mx\/defabrica\/wp-json\/wp\/v2\/product_cat?post=92807"},{"taxonomy":"product_tag","embeddable":true,"href":"https:\/\/defabrica.com.mx\/defabrica\/wp-json\/wp\/v2\/product_tag?post=92807"}],"curies":[{"name":"wp","href":"https:\/\/api.w.org\/{rel}","templated":true}]}}