{"id":92778,"date":"2022-07-22T10:45:21","date_gmt":"2022-07-22T15:45:21","guid":{"rendered":"https:\/\/defabrica.com.mx\/defabrica\/?post_type=product&#038;p=92778"},"modified":"2023-01-19T15:39:00","modified_gmt":"2023-01-19T21:39:00","slug":"stardew-valley-nintendo-switch","status":"publish","type":"product","link":"https:\/\/defabrica.com.mx\/defabrica\/producto\/stardew-valley-nintendo-switch\/","title":{"rendered":"Stardew Valley &#8211; Nintendo Switch"},"content":{"rendered":"<p>\u00a1Stardew Valley es un juego de rol de vida rural abierto!\u00a0Has heredado la antigua parcela agr\u00edcola de tu abuelo en Stardew Valley.\u00a0Armado con herramientas de segunda mano y algunas monedas, se dispuso a comenzar su nueva vida.\u00a0\u00bfPuedes aprender a vivir de la tierra y convertir estos campos cubiertos de maleza en un hogar pr\u00f3spero?\u00a0No ser\u00e1 f\u00e1cil.<\/p>\n<h3 class=\"heading-5 v-fw-regular feature-heading\"><strong>Caracter\u00edsticas<\/strong><\/h3>\n<ul>\n<li><strong>Crea la granja de tus sue\u00f1os: \u00a1Construye tu granja desde cero en 1 de 5 dise\u00f1os de mapas que se adapten a tu estilo de juego!<\/strong><\/li>\n<li><strong>Domina tus habilidades de ganader\u00eda: \u00a1Cr\u00eda animales, cultiva, comienza un huerto y construye m\u00e1quinas \u00fatiles!<\/strong><\/li>\n<li><strong>Convi\u00e9rtase en parte de la comunidad local: \u00a1Conozca a los m\u00e1s de 30 residentes de Pelican Town!<\/strong><\/li>\n<li><strong>Personaliza a tu granjero: \u00a1Hay cientos de opciones de personalizaci\u00f3n de personajes para elegir!<\/strong><\/li>\n<li><strong>Establecerse y formar una familia: comparte la vida en la granja con 1 de los 12 personajes con los que puedes salir y casarte, \u00a1e incluso tener hijos!<\/strong><\/li>\n<li><strong>\u00a1Explora vastas y misteriosas cuevas! \u00a1Encuentra peligrosos monstruos y valiosos tesoros!<\/strong><\/li>\n<li><strong>Pase una tarde relajante en uno de los lugares de pesca locales: las aguas est\u00e1n repletas de variedades de temporada de deliciosos pescados. \u00a1Crea cebos, bobbers y nasas para cangrejos para ayudarte en tu viaje hacia la captura de todos los peces y convertirte en una leyenda local!<\/strong><\/li>\n<li><strong>Cocine comidas deliciosas y elabore art\u00edculos \u00fatiles para ayudarlo: con m\u00e1s de 100 recetas de cocina y artesan\u00eda, tendr\u00e1 una amplia variedad de art\u00edculos para crear.<\/strong><\/li>\n<\/ul>\n","protected":false},"excerpt":{"rendered":"<p>\u00a1Stardew Valley es un juego de rol de vida rural abierto!\u00a0Has heredado la antigua parcela agr\u00edcola de tu abuelo en Stardew Valley.\u00a0Armado con herramientas de segunda mano y algunas monedas,<\/p>\n","protected":false},"featured_media":92779,"comment_status":"open","ping_status":"closed","template":"","meta":{"_acf_changed":false,"_joinchat":[]},"product_brand":[],"product_cat":[277,894],"product_tag":[],"class_list":{"0":"post-92778","1":"product","2":"type-product","3":"status-publish","4":"has-post-thumbnail","6":"product_cat-zona-gamer","7":"product_cat-videojuegos","9":"first","10":"instock","11":"sale","12":"shipping-taxable","13":"purchasable","14":"product-type-simple"},"acf":[],"_links":{"self":[{"href":"https:\/\/defabrica.com.mx\/defabrica\/wp-json\/wp\/v2\/product\/92778","targetHints":{"allow":["GET"]}}],"collection":[{"href":"https:\/\/defabrica.com.mx\/defabrica\/wp-json\/wp\/v2\/product"}],"about":[{"href":"https:\/\/defabrica.com.mx\/defabrica\/wp-json\/wp\/v2\/types\/product"}],"replies":[{"embeddable":true,"href":"https:\/\/defabrica.com.mx\/defabrica\/wp-json\/wp\/v2\/comments?post=92778"}],"wp:featuredmedia":[{"embeddable":true,"href":"https:\/\/defabrica.com.mx\/defabrica\/wp-json\/wp\/v2\/media\/92779"}],"wp:attachment":[{"href":"https:\/\/defabrica.com.mx\/defabrica\/wp-json\/wp\/v2\/media?parent=92778"}],"wp:term":[{"taxonomy":"product_brand","embeddable":true,"href":"https:\/\/defabrica.com.mx\/defabrica\/wp-json\/wp\/v2\/product_brand?post=92778"},{"taxonomy":"product_cat","embeddable":true,"href":"https:\/\/defabrica.com.mx\/defabrica\/wp-json\/wp\/v2\/product_cat?post=92778"},{"taxonomy":"product_tag","embeddable":true,"href":"https:\/\/defabrica.com.mx\/defabrica\/wp-json\/wp\/v2\/product_tag?post=92778"}],"curies":[{"name":"wp","href":"https:\/\/api.w.org\/{rel}","templated":true}]}}