{"id":92773,"date":"2022-07-22T10:23:34","date_gmt":"2022-07-22T15:23:34","guid":{"rendered":"https:\/\/defabrica.com.mx\/defabrica\/?post_type=product&#038;p=92773"},"modified":"2023-01-19T15:36:24","modified_gmt":"2023-01-19T21:36:24","slug":"insurgency-sandstorm-xbox-one-xbox-series-s-xbox-series-x","status":"publish","type":"product","link":"https:\/\/defabrica.com.mx\/defabrica\/producto\/insurgency-sandstorm-xbox-one-xbox-series-s-xbox-series-x\/","title":{"rendered":"Insurgency Sandstorm &#8211; Xbox One, Xbox Series S, Xbox Series X"},"content":{"rendered":"<p>Lucha en los entornos devastados por la guerra de un conflicto contempor\u00e1neo a trav\u00e9s de una serie de intensos modos multijugador cooperativos y competitivos.\u00a0Con una inmersi\u00f3n sin igual, siente cada bala y teme cada impacto en feroces combates cuerpo a cuerpo.\u00a0La muerte llega r\u00e1pido.\u00a0\u00a1Administra las municiones con cuidado y usa t\u00e1cticas y trabajo en equipo para navegar por los entornos mientras luchas por la victoria!<\/p>\n<h3 class=\"heading-5 v-fw-regular feature-heading\"><strong>Caracter\u00edsticas<\/strong><\/h3>\n<ul>\n<li><strong>Forme un equipo en un intenso juego cooperativo de 8 jugadores<\/strong><\/li>\n<li><strong>Compite en partidas JcJ basadas en objetivos con hasta 20 jugadores<\/strong><\/li>\n<li><strong>Sum\u00e9rgete en la bal\u00edstica realista y la asombrosa atenci\u00f3n al detalle<\/strong><\/li>\n<li><strong>Personaliza completamente tu personaje y tus armas.<\/strong><\/li>\n<li><strong>Dise\u00f1o de audio sin precedentes con chat de voz posicional para una atm\u00f3sfera emocionante<\/strong><\/li>\n<\/ul>\n","protected":false},"excerpt":{"rendered":"<p>Lucha en los entornos devastados por la guerra de un conflicto contempor\u00e1neo a trav\u00e9s de una serie de intensos modos multijugador cooperativos y competitivos.\u00a0Con una inmersi\u00f3n sin igual, siente cada<\/p>\n","protected":false},"featured_media":92774,"comment_status":"open","ping_status":"closed","template":"","meta":{"_acf_changed":false,"_joinchat":[]},"product_brand":[],"product_cat":[277,894],"product_tag":[],"class_list":{"0":"post-92773","1":"product","2":"type-product","3":"status-publish","4":"has-post-thumbnail","6":"product_cat-zona-gamer","7":"product_cat-videojuegos","9":"first","10":"instock","11":"sale","12":"shipping-taxable","13":"purchasable","14":"product-type-simple"},"acf":[],"_links":{"self":[{"href":"https:\/\/defabrica.com.mx\/defabrica\/wp-json\/wp\/v2\/product\/92773","targetHints":{"allow":["GET"]}}],"collection":[{"href":"https:\/\/defabrica.com.mx\/defabrica\/wp-json\/wp\/v2\/product"}],"about":[{"href":"https:\/\/defabrica.com.mx\/defabrica\/wp-json\/wp\/v2\/types\/product"}],"replies":[{"embeddable":true,"href":"https:\/\/defabrica.com.mx\/defabrica\/wp-json\/wp\/v2\/comments?post=92773"}],"wp:featuredmedia":[{"embeddable":true,"href":"https:\/\/defabrica.com.mx\/defabrica\/wp-json\/wp\/v2\/media\/92774"}],"wp:attachment":[{"href":"https:\/\/defabrica.com.mx\/defabrica\/wp-json\/wp\/v2\/media?parent=92773"}],"wp:term":[{"taxonomy":"product_brand","embeddable":true,"href":"https:\/\/defabrica.com.mx\/defabrica\/wp-json\/wp\/v2\/product_brand?post=92773"},{"taxonomy":"product_cat","embeddable":true,"href":"https:\/\/defabrica.com.mx\/defabrica\/wp-json\/wp\/v2\/product_cat?post=92773"},{"taxonomy":"product_tag","embeddable":true,"href":"https:\/\/defabrica.com.mx\/defabrica\/wp-json\/wp\/v2\/product_tag?post=92773"}],"curies":[{"name":"wp","href":"https:\/\/api.w.org\/{rel}","templated":true}]}}