{"id":92764,"date":"2022-07-22T10:16:33","date_gmt":"2022-07-22T15:16:33","guid":{"rendered":"https:\/\/defabrica.com.mx\/defabrica\/?post_type=product&#038;p=92764"},"modified":"2023-01-19T15:34:02","modified_gmt":"2023-01-19T21:34:02","slug":"nickelodeon-all-star-brawl-playstation-5","status":"publish","type":"product","link":"https:\/\/defabrica.com.mx\/defabrica\/producto\/nickelodeon-all-star-brawl-playstation-5\/","title":{"rendered":"Nickelodeon All Star Brawl &#8211; PlayStation 5"},"content":{"rendered":"<p>Nickelodeon All Star Brawl re\u00fane a tus personajes favoritos de Nickelodeon para una batalla rimbombante.\u00a0Con un poderoso elenco de h\u00e9roes de los mejores espect\u00e1culos del universo de Nickelodeon, enfr\u00e9ntate a las estrellas de Bob Esponja, Las Tortugas Ninja, The Loud House, \u00a1\u00a1Aaahh!! monstruos reales, Avatar, Los Thornberry salvajes, \u00a1Oye, Arnold!, Rugrats y muchos m\u00e1s para determinar el dominio final.<\/p>\n<h3 class=\"heading-5 v-fw-regular feature-heading\"><strong>Caracter\u00edsticas<\/strong><\/h3>\n<ul>\n<li><strong>Con el elenco de estrellas de NickelodeonCon el elenco de estrellas de Nickelodeon de programas favoritos de los fan\u00e1ticos como SpongeBob Squarepants, Teenage Mutant Ninja Turtles, Rugrats, Avatar, The Loud House, \u00a1y m\u00e1s!<\/strong><\/li>\n<li><strong>Lucha contra tus amigos localmente con hasta 4 jugadores simult\u00e1neamente<\/strong><\/li>\n<li><strong>M\u00e1s juego en l\u00ednea multijugador competitivo<\/strong><\/li>\n<li><strong>22 niveles tem\u00e1ticos como Jellyfish Field de Bob Esponja<\/strong><\/li>\n<li><strong>Cada personaje ofrece un estilo de juego y un conjunto de movimientos completamente diferentes e innovadores.<\/strong><\/li>\n<li><strong>Repleto de movimientos incre\u00edblemente din\u00e1micos que se extraen de forma \u00fanica de sus adorables personalidades.<\/strong><\/li>\n<\/ul>\n","protected":false},"excerpt":{"rendered":"<p>Nickelodeon All Star Brawl re\u00fane a tus personajes favoritos de Nickelodeon para una batalla rimbombante.\u00a0Con un poderoso elenco de h\u00e9roes de los mejores espect\u00e1culos del universo de Nickelodeon, enfr\u00e9ntate a<\/p>\n","protected":false},"featured_media":92765,"comment_status":"open","ping_status":"closed","template":"","meta":{"_acf_changed":false,"_joinchat":[]},"product_brand":[],"product_cat":[277,894],"product_tag":[],"class_list":{"0":"post-92764","1":"product","2":"type-product","3":"status-publish","4":"has-post-thumbnail","6":"product_cat-zona-gamer","7":"product_cat-videojuegos","9":"first","10":"instock","11":"sale","12":"shipping-taxable","13":"purchasable","14":"product-type-simple"},"acf":[],"_links":{"self":[{"href":"https:\/\/defabrica.com.mx\/defabrica\/wp-json\/wp\/v2\/product\/92764","targetHints":{"allow":["GET"]}}],"collection":[{"href":"https:\/\/defabrica.com.mx\/defabrica\/wp-json\/wp\/v2\/product"}],"about":[{"href":"https:\/\/defabrica.com.mx\/defabrica\/wp-json\/wp\/v2\/types\/product"}],"replies":[{"embeddable":true,"href":"https:\/\/defabrica.com.mx\/defabrica\/wp-json\/wp\/v2\/comments?post=92764"}],"wp:featuredmedia":[{"embeddable":true,"href":"https:\/\/defabrica.com.mx\/defabrica\/wp-json\/wp\/v2\/media\/92765"}],"wp:attachment":[{"href":"https:\/\/defabrica.com.mx\/defabrica\/wp-json\/wp\/v2\/media?parent=92764"}],"wp:term":[{"taxonomy":"product_brand","embeddable":true,"href":"https:\/\/defabrica.com.mx\/defabrica\/wp-json\/wp\/v2\/product_brand?post=92764"},{"taxonomy":"product_cat","embeddable":true,"href":"https:\/\/defabrica.com.mx\/defabrica\/wp-json\/wp\/v2\/product_cat?post=92764"},{"taxonomy":"product_tag","embeddable":true,"href":"https:\/\/defabrica.com.mx\/defabrica\/wp-json\/wp\/v2\/product_tag?post=92764"}],"curies":[{"name":"wp","href":"https:\/\/api.w.org\/{rel}","templated":true}]}}