{"id":92762,"date":"2022-07-22T10:12:26","date_gmt":"2022-07-22T15:12:26","guid":{"rendered":"https:\/\/defabrica.com.mx\/defabrica\/?post_type=product&#038;p=92762"},"modified":"2023-01-19T15:33:27","modified_gmt":"2023-01-19T21:33:27","slug":"nickelodeon-all-star-brawl-nintendo-switch","status":"publish","type":"product","link":"https:\/\/defabrica.com.mx\/defabrica\/producto\/nickelodeon-all-star-brawl-nintendo-switch\/","title":{"rendered":"Nickelodeon All Star Brawl &#8211; Nintendo Switch"},"content":{"rendered":"<p>Nickelodeon All Star Brawl re\u00fane a tus personajes favoritos de Nickelodeon para una batalla rimbombante.\u00a0Con un poderoso elenco de h\u00e9roes de los mejores espect\u00e1culos del universo de Nickelodeon, enfr\u00e9ntate a las estrellas de Bob Esponja, Las Tortugas Ninja, The Loud House, \u00a1\u00a1Aaahh!! Monstruos reales, Avatar, Los Thornberry salvajes, \u00a1Oye, Arnold!, Rugrats y muchos m\u00e1s para determinar el dominio final.<\/p>\n<h3 class=\"heading-5 v-fw-regular feature-heading\"><strong>Caracter\u00edsticas<\/strong><\/h3>\n<ul>\n<li><strong>\u00a1Con un elenco de estrellas de Nickelodeon de programas favoritos de los fan\u00e1ticos como Bob Esponja, Rugrats, Avatar y m\u00e1s!<\/strong><\/li>\n<li><strong>Lucha contra tus amigos localmente con hasta 4 jugadores simult\u00e1neamente<\/strong><\/li>\n<li><strong>M\u00e1s juego en l\u00ednea multijugador competitivo<\/strong><\/li>\n<li><strong>22 niveles tem\u00e1ticos como Jellyfish Field de Bob Esponja<\/strong><\/li>\n<li><strong>Cada personaje ofrece un estilo de juego y un conjunto de movimientos completamente diferentes e innovadores.<\/strong><\/li>\n<li><strong>Repleto de movimientos incre\u00edblemente din\u00e1micos que se extraen de forma \u00fanica de sus adorables personalidades.<\/strong><\/li>\n<\/ul>\n","protected":false},"excerpt":{"rendered":"<p>Nickelodeon All Star Brawl re\u00fane a tus personajes favoritos de Nickelodeon para una batalla rimbombante.\u00a0Con un poderoso elenco de h\u00e9roes de los mejores espect\u00e1culos del universo de Nickelodeon, enfr\u00e9ntate a<\/p>\n","protected":false},"featured_media":92763,"comment_status":"open","ping_status":"closed","template":"","meta":{"_acf_changed":false,"_joinchat":[]},"product_brand":[],"product_cat":[277,894],"product_tag":[],"class_list":{"0":"post-92762","1":"product","2":"type-product","3":"status-publish","4":"has-post-thumbnail","6":"product_cat-zona-gamer","7":"product_cat-videojuegos","9":"first","10":"instock","11":"sale","12":"shipping-taxable","13":"purchasable","14":"product-type-simple"},"acf":[],"_links":{"self":[{"href":"https:\/\/defabrica.com.mx\/defabrica\/wp-json\/wp\/v2\/product\/92762","targetHints":{"allow":["GET"]}}],"collection":[{"href":"https:\/\/defabrica.com.mx\/defabrica\/wp-json\/wp\/v2\/product"}],"about":[{"href":"https:\/\/defabrica.com.mx\/defabrica\/wp-json\/wp\/v2\/types\/product"}],"replies":[{"embeddable":true,"href":"https:\/\/defabrica.com.mx\/defabrica\/wp-json\/wp\/v2\/comments?post=92762"}],"wp:featuredmedia":[{"embeddable":true,"href":"https:\/\/defabrica.com.mx\/defabrica\/wp-json\/wp\/v2\/media\/92763"}],"wp:attachment":[{"href":"https:\/\/defabrica.com.mx\/defabrica\/wp-json\/wp\/v2\/media?parent=92762"}],"wp:term":[{"taxonomy":"product_brand","embeddable":true,"href":"https:\/\/defabrica.com.mx\/defabrica\/wp-json\/wp\/v2\/product_brand?post=92762"},{"taxonomy":"product_cat","embeddable":true,"href":"https:\/\/defabrica.com.mx\/defabrica\/wp-json\/wp\/v2\/product_cat?post=92762"},{"taxonomy":"product_tag","embeddable":true,"href":"https:\/\/defabrica.com.mx\/defabrica\/wp-json\/wp\/v2\/product_tag?post=92762"}],"curies":[{"name":"wp","href":"https:\/\/api.w.org\/{rel}","templated":true}]}}