{"id":92742,"date":"2022-07-22T09:56:27","date_gmt":"2022-07-22T14:56:27","guid":{"rendered":"https:\/\/defabrica.com.mx\/defabrica\/?post_type=product&#038;p=92742"},"modified":"2022-07-22T09:56:27","modified_gmt":"2022-07-22T14:56:27","slug":"the-dungeon-of-naheulbeuk-the-amulet-of-chaos-chicken-edition-playstation-4","status":"publish","type":"product","link":"https:\/\/defabrica.com.mx\/defabrica\/producto\/the-dungeon-of-naheulbeuk-the-amulet-of-chaos-chicken-edition-playstation-4\/","title":{"rendered":"The Dungeon of Naheulbeuk: The Amulet of Chaos Chicken Edition &#8211; PlayStation 4"},"content":{"rendered":"<p><span>\u00bfEst\u00e1s listo para sumergirte en un juego de rol t\u00e1ctico repleto de encanto, humor y personajes locos?\u00a0<\/span><span>Son torpes, inexpertos y luchadores pero&#8230; tendr\u00e1n que soportar la compa\u00f1\u00eda del otro para conseguir el tesoro de la mazmorra.\u00a0<\/span><span>Sin embargo, r\u00e1pidamente surge una sensaci\u00f3n de d\u00e9j\u00e0-vu&#8230; \u00a1Gu\u00eda a este equipo de h\u00e9roes inveros\u00edmiles en una aventura llena de humor y caos!\u00a0<\/span><span>El universo Naheulbeuk es una creaci\u00f3n original del autor franc\u00e9s John Lang.<\/span><\/p>\n<h3 class=\"heading-5 v-fw-regular feature-heading\"><strong>Caracter\u00edsticas<\/strong><\/h3>\n<ul>\n<li><strong>Juega con siete personajes cl\u00e1sicos de juegos de rol que complementan las habilidades de los dem\u00e1s a medida que subes de nivel: \u00a1el guardabosques, el duende, el enano, el b\u00e1rbaro, el mago, el ogro y el ladr\u00f3n!<\/strong><\/li>\n<li><strong>Cada miembro del equipo tiene su propio \u00e1rbol de habilidades para mejorar sus habilidades y equipos.<\/strong><\/li>\n<li><strong>\u00a1Elige uno de los tres compa\u00f1eros adicionales para unirte al equipo en su aventura!<\/strong><\/li>\n<li><strong>Emocionantes batallas por turnos, con mec\u00e1nicas de apoyo creativas entre los miembros del equipo.<\/strong><\/li>\n<li><strong>Un sistema de dificultad adaptable: desde un modo historia accesible y divertido con combate simplificado hasta el \u00abmodo pesadilla\u00bb donde los errores t\u00e1cticos m\u00e1s peque\u00f1os te condenar\u00e1n<\/strong>.<\/li>\n<\/ul>\n","protected":false},"excerpt":{"rendered":"<p>\u00bfEst\u00e1s listo para sumergirte en un juego de rol t\u00e1ctico repleto de encanto, humor y personajes locos?\u00a0Son torpes, inexpertos y luchadores pero&#8230; tendr\u00e1n que soportar la compa\u00f1\u00eda del otro para<\/p>\n","protected":false},"featured_media":92743,"comment_status":"open","ping_status":"closed","template":"","meta":{"_acf_changed":false,"_joinchat":[]},"product_brand":[],"product_cat":[277,894],"product_tag":[],"class_list":{"0":"post-92742","1":"product","2":"type-product","3":"status-publish","4":"has-post-thumbnail","6":"product_cat-zona-gamer","7":"product_cat-videojuegos","9":"first","10":"instock","11":"sale","12":"shipping-taxable","13":"purchasable","14":"product-type-simple"},"acf":[],"_links":{"self":[{"href":"https:\/\/defabrica.com.mx\/defabrica\/wp-json\/wp\/v2\/product\/92742","targetHints":{"allow":["GET"]}}],"collection":[{"href":"https:\/\/defabrica.com.mx\/defabrica\/wp-json\/wp\/v2\/product"}],"about":[{"href":"https:\/\/defabrica.com.mx\/defabrica\/wp-json\/wp\/v2\/types\/product"}],"replies":[{"embeddable":true,"href":"https:\/\/defabrica.com.mx\/defabrica\/wp-json\/wp\/v2\/comments?post=92742"}],"wp:featuredmedia":[{"embeddable":true,"href":"https:\/\/defabrica.com.mx\/defabrica\/wp-json\/wp\/v2\/media\/92743"}],"wp:attachment":[{"href":"https:\/\/defabrica.com.mx\/defabrica\/wp-json\/wp\/v2\/media?parent=92742"}],"wp:term":[{"taxonomy":"product_brand","embeddable":true,"href":"https:\/\/defabrica.com.mx\/defabrica\/wp-json\/wp\/v2\/product_brand?post=92742"},{"taxonomy":"product_cat","embeddable":true,"href":"https:\/\/defabrica.com.mx\/defabrica\/wp-json\/wp\/v2\/product_cat?post=92742"},{"taxonomy":"product_tag","embeddable":true,"href":"https:\/\/defabrica.com.mx\/defabrica\/wp-json\/wp\/v2\/product_tag?post=92742"}],"curies":[{"name":"wp","href":"https:\/\/api.w.org\/{rel}","templated":true}]}}