{"id":92727,"date":"2022-07-22T09:43:26","date_gmt":"2022-07-22T14:43:26","guid":{"rendered":"https:\/\/defabrica.com.mx\/defabrica\/?post_type=product&#038;p=92727"},"modified":"2022-07-22T09:43:26","modified_gmt":"2022-07-22T14:43:26","slug":"etherborn-nintendo-switch","status":"publish","type":"product","link":"https:\/\/defabrica.com.mx\/defabrica\/producto\/etherborn-nintendo-switch\/","title":{"rendered":"Etherborn &#8211; Nintendo Switch"},"content":{"rendered":"<p><span>Etherborn es una experiencia de rompecabezas surrealista, en la que los jugadores atraviesan entornos deformados y cambiantes, desafiando las ideas preconcebidas sobre el espacio y la gravedad.\u00a0<\/span><span>Su avatar, una creaci\u00f3n curiosamente transl\u00facida, es capaz de adherirse a superficies que se retuercen y giran de formas extra\u00f1as.\u00a0<\/span><span>Resolver acertijos se convierte en un ejercicio para aprender a ajustar las percepciones mientras se explora este mundo extra\u00f1o y hermoso.<\/span><\/p>\n<h3 class=\"heading-5 v-fw-regular feature-heading\"><strong>Caracter\u00edsticas<\/strong><\/h3>\n<ul>\n<li><strong>Compatibilidad libre de regiones en todo el mundo<\/strong><\/li>\n<\/ul>\n","protected":false},"excerpt":{"rendered":"<p>Etherborn es una experiencia de rompecabezas surrealista, en la que los jugadores atraviesan entornos deformados y cambiantes, desafiando las ideas preconcebidas sobre el espacio y la gravedad.\u00a0Su avatar, una creaci\u00f3n<\/p>\n","protected":false},"featured_media":92728,"comment_status":"open","ping_status":"closed","template":"","meta":{"_acf_changed":false,"_joinchat":[]},"product_brand":[],"product_cat":[277,894],"product_tag":[],"class_list":{"0":"post-92727","1":"product","2":"type-product","3":"status-publish","4":"has-post-thumbnail","6":"product_cat-zona-gamer","7":"product_cat-videojuegos","9":"first","10":"instock","11":"sale","12":"shipping-taxable","13":"purchasable","14":"product-type-simple"},"acf":[],"_links":{"self":[{"href":"https:\/\/defabrica.com.mx\/defabrica\/wp-json\/wp\/v2\/product\/92727","targetHints":{"allow":["GET"]}}],"collection":[{"href":"https:\/\/defabrica.com.mx\/defabrica\/wp-json\/wp\/v2\/product"}],"about":[{"href":"https:\/\/defabrica.com.mx\/defabrica\/wp-json\/wp\/v2\/types\/product"}],"replies":[{"embeddable":true,"href":"https:\/\/defabrica.com.mx\/defabrica\/wp-json\/wp\/v2\/comments?post=92727"}],"wp:featuredmedia":[{"embeddable":true,"href":"https:\/\/defabrica.com.mx\/defabrica\/wp-json\/wp\/v2\/media\/92728"}],"wp:attachment":[{"href":"https:\/\/defabrica.com.mx\/defabrica\/wp-json\/wp\/v2\/media?parent=92727"}],"wp:term":[{"taxonomy":"product_brand","embeddable":true,"href":"https:\/\/defabrica.com.mx\/defabrica\/wp-json\/wp\/v2\/product_brand?post=92727"},{"taxonomy":"product_cat","embeddable":true,"href":"https:\/\/defabrica.com.mx\/defabrica\/wp-json\/wp\/v2\/product_cat?post=92727"},{"taxonomy":"product_tag","embeddable":true,"href":"https:\/\/defabrica.com.mx\/defabrica\/wp-json\/wp\/v2\/product_tag?post=92727"}],"curies":[{"name":"wp","href":"https:\/\/api.w.org\/{rel}","templated":true}]}}