{"id":92719,"date":"2022-07-22T09:38:10","date_gmt":"2022-07-22T14:38:10","guid":{"rendered":"https:\/\/defabrica.com.mx\/defabrica\/?post_type=product&#038;p=92719"},"modified":"2022-07-22T09:38:10","modified_gmt":"2022-07-22T14:38:10","slug":"carto-nintendo-switch","status":"publish","type":"product","link":"https:\/\/defabrica.com.mx\/defabrica\/producto\/carto-nintendo-switch\/","title":{"rendered":"Carto &#8211; Nintendo Switch"},"content":{"rendered":"<p><span>Un encantador juego de aventuras envuelto en una mec\u00e1nica de rompecabezas \u00fanica que altera el mundo.\u00a0<\/span><span>Separada de su abuela durante una tormenta, la joven Carto debe usar sus poderes cartogr\u00e1ficos innatos para mapear y manipular el mundo que la rodea en su b\u00fasqueda para reunirse.\u00a0<\/span><span>A medida que descubre nuevas \u00abpiezas\u00bb del mapa del juego, los jugadores pueden reorganizarlas para dar forma a los niveles, desbloqueando nuevos caminos, rompecabezas y momentos de la historia.<\/span><\/p>\n<h3 class=\"heading-5 v-fw-regular feature-heading\"><strong>Caracter\u00edsticas<\/strong><\/h3>\n<ul>\n<li><strong>Rompecabezas \u00fanico y mec\u00e1nica de exploraci\u00f3n.<\/strong><\/li>\n<li><strong>Reorganiza piezas de tu mapa y observa c\u00f3mo cambia el mundo a tu alrededor.<\/strong><\/li>\n<li><strong>Rel\u00e1jate y explora tierras pac\u00edficas pero misteriosas<\/strong><\/li>\n<li><strong>Compatibilidad mundial sin regiones<\/strong><\/li>\n<\/ul>\n","protected":false},"excerpt":{"rendered":"<p>Un encantador juego de aventuras envuelto en una mec\u00e1nica de rompecabezas \u00fanica que altera el mundo.\u00a0Separada de su abuela durante una tormenta, la joven Carto debe usar sus poderes cartogr\u00e1ficos<\/p>\n","protected":false},"featured_media":92720,"comment_status":"open","ping_status":"closed","template":"","meta":{"_acf_changed":false,"_joinchat":[]},"product_brand":[],"product_cat":[277,894],"product_tag":[],"class_list":{"0":"post-92719","1":"product","2":"type-product","3":"status-publish","4":"has-post-thumbnail","6":"product_cat-zona-gamer","7":"product_cat-videojuegos","9":"first","10":"instock","11":"sale","12":"shipping-taxable","13":"purchasable","14":"product-type-simple"},"acf":[],"_links":{"self":[{"href":"https:\/\/defabrica.com.mx\/defabrica\/wp-json\/wp\/v2\/product\/92719","targetHints":{"allow":["GET"]}}],"collection":[{"href":"https:\/\/defabrica.com.mx\/defabrica\/wp-json\/wp\/v2\/product"}],"about":[{"href":"https:\/\/defabrica.com.mx\/defabrica\/wp-json\/wp\/v2\/types\/product"}],"replies":[{"embeddable":true,"href":"https:\/\/defabrica.com.mx\/defabrica\/wp-json\/wp\/v2\/comments?post=92719"}],"wp:featuredmedia":[{"embeddable":true,"href":"https:\/\/defabrica.com.mx\/defabrica\/wp-json\/wp\/v2\/media\/92720"}],"wp:attachment":[{"href":"https:\/\/defabrica.com.mx\/defabrica\/wp-json\/wp\/v2\/media?parent=92719"}],"wp:term":[{"taxonomy":"product_brand","embeddable":true,"href":"https:\/\/defabrica.com.mx\/defabrica\/wp-json\/wp\/v2\/product_brand?post=92719"},{"taxonomy":"product_cat","embeddable":true,"href":"https:\/\/defabrica.com.mx\/defabrica\/wp-json\/wp\/v2\/product_cat?post=92719"},{"taxonomy":"product_tag","embeddable":true,"href":"https:\/\/defabrica.com.mx\/defabrica\/wp-json\/wp\/v2\/product_tag?post=92719"}],"curies":[{"name":"wp","href":"https:\/\/api.w.org\/{rel}","templated":true}]}}