{"id":92708,"date":"2022-07-22T09:25:31","date_gmt":"2022-07-22T14:25:31","guid":{"rendered":"https:\/\/defabrica.com.mx\/defabrica\/?post_type=product&#038;p=92708"},"modified":"2022-07-22T09:25:31","modified_gmt":"2022-07-22T14:25:31","slug":"edicion-estandar-de-sayonara-wild-hearts-nintendo-switch","status":"publish","type":"product","link":"https:\/\/defabrica.com.mx\/defabrica\/producto\/edicion-estandar-de-sayonara-wild-hearts-nintendo-switch\/","title":{"rendered":"Edici\u00f3n est\u00e1ndar de Sayonara Wild Hearts &#8211; Nintendo Switch"},"content":{"rendered":"<p><span>Explora un llamativo mundo de ensue\u00f1o en Sayonara Wild Hearts para Nintendo Switch.\u00a0<\/span><span>Una banda sonora personalizada influenciada por el pop ofrece una emocionante m\u00fasica de fondo mientras conduces, bailas y luchas en un mundo estilizado.\u00a0<\/span><span>Sayonara Wild Hearts te pone en el papel de The Fool, un motociclista enmascarado y el alter ego de una mujer desconsolada que debe restablecer el equilibrio en el universo.<\/span><\/p>\n<h3 class=\"heading-5 v-fw-regular feature-heading\"><strong>Caracter\u00edsticas<\/strong><\/h3>\n<ul>\n<li><strong>\u00danete a una odisea arcade de ensue\u00f1o con carreras de motos de ritmo r\u00e1pido y batallas de baile empapadas de fluorescentes<\/strong><\/li>\n<li><strong>Dispara l\u00e1seres, empu\u00f1a espadas y rompe corazones a 200 mph<\/strong><\/li>\n<li><strong>Convi\u00e9rtete en la estrella de tu propio video musical<\/strong><\/li>\n<li><strong>Restaura la armon\u00eda en el universo en tu viaje a la autopista en el cielo<\/strong><\/li>\n<li><strong>para un jugador<\/strong><\/li>\n<\/ul>\n","protected":false},"excerpt":{"rendered":"<p>Explora un llamativo mundo de ensue\u00f1o en Sayonara Wild Hearts para Nintendo Switch.\u00a0Una banda sonora personalizada influenciada por el pop ofrece una emocionante m\u00fasica de fondo mientras conduces, bailas y<\/p>\n","protected":false},"featured_media":92709,"comment_status":"open","ping_status":"closed","template":"","meta":{"_acf_changed":false,"_joinchat":[]},"product_brand":[],"product_cat":[277,894],"product_tag":[],"class_list":{"0":"post-92708","1":"product","2":"type-product","3":"status-publish","4":"has-post-thumbnail","6":"product_cat-zona-gamer","7":"product_cat-videojuegos","9":"first","10":"instock","11":"sale","12":"shipping-taxable","13":"purchasable","14":"product-type-simple"},"acf":[],"_links":{"self":[{"href":"https:\/\/defabrica.com.mx\/defabrica\/wp-json\/wp\/v2\/product\/92708","targetHints":{"allow":["GET"]}}],"collection":[{"href":"https:\/\/defabrica.com.mx\/defabrica\/wp-json\/wp\/v2\/product"}],"about":[{"href":"https:\/\/defabrica.com.mx\/defabrica\/wp-json\/wp\/v2\/types\/product"}],"replies":[{"embeddable":true,"href":"https:\/\/defabrica.com.mx\/defabrica\/wp-json\/wp\/v2\/comments?post=92708"}],"wp:featuredmedia":[{"embeddable":true,"href":"https:\/\/defabrica.com.mx\/defabrica\/wp-json\/wp\/v2\/media\/92709"}],"wp:attachment":[{"href":"https:\/\/defabrica.com.mx\/defabrica\/wp-json\/wp\/v2\/media?parent=92708"}],"wp:term":[{"taxonomy":"product_brand","embeddable":true,"href":"https:\/\/defabrica.com.mx\/defabrica\/wp-json\/wp\/v2\/product_brand?post=92708"},{"taxonomy":"product_cat","embeddable":true,"href":"https:\/\/defabrica.com.mx\/defabrica\/wp-json\/wp\/v2\/product_cat?post=92708"},{"taxonomy":"product_tag","embeddable":true,"href":"https:\/\/defabrica.com.mx\/defabrica\/wp-json\/wp\/v2\/product_tag?post=92708"}],"curies":[{"name":"wp","href":"https:\/\/api.w.org\/{rel}","templated":true}]}}