{"id":92703,"date":"2022-07-22T09:22:28","date_gmt":"2022-07-22T14:22:28","guid":{"rendered":"https:\/\/defabrica.com.mx\/defabrica\/?post_type=product&#038;p=92703"},"modified":"2022-07-22T09:22:28","modified_gmt":"2022-07-22T14:22:28","slug":"cupid-parasite-nintendo-switch","status":"publish","type":"product","link":"https:\/\/defabrica.com.mx\/defabrica\/producto\/cupid-parasite-nintendo-switch\/","title":{"rendered":"Cupid Parasite &#8211; Nintendo Switch"},"content":{"rendered":"<p><span>\u00a1Bienvenido a la Corporaci\u00f3n Cupido!\u00a0<\/span><span>Ubicada en la deslumbrante y vanguardista metr\u00f3polis de Los York, Cupid Corporation es una audaz agencia matrimonial conocida por su estilo y tasa de \u00e9xito.\u00a0<\/span><span>Nuestra hero\u00edna, Lynette Mirror, es la principal asesora nupcial de Cupid Corporation, cuyo trabajo es consultar a los solteros de moda para hacer realidad sus sue\u00f1os rom\u00e1nticos m\u00e1s salvajes.<\/span><\/p>\n<h3 class=\"heading-5 v-fw-regular feature-heading\"><strong>Caracter\u00edsticas<\/strong><\/h3>\n<ul>\n<li><strong>De ni\u00f1os a hombres<\/strong><br \/>\nAyuda a los Par\u00e1sitos 5 a encontrar el amor verdadero a trav\u00e9s de \u00abcitas de pr\u00e1ctica\u00bb para prepararlos para sus futuras parejas. \u00bfQuiz\u00e1s encuentres a tu verdadero amor en el camino?<\/li>\n<li><strong>\u00bfEres ese alguien?<\/strong><br \/>\n\u00a1Encuentra tu tipo de amor ideal a trav\u00e9s del cuestionario de citas! Cada miembro de Parasite 5 tiene un tipo de amor diferente, lo que significa que la pareja con la que termines depender\u00e1 de los resultados del cuestionario.<\/li>\n<li><strong>Primero viene el amor, luego viene el matrimonio<\/strong><br \/>\nLas respuestas que eliges durante las opciones de la historia pueden aumentar tu nivel de amor con un personaje. Si a un personaje le gusta tu respuesta, experimentar\u00e1s una oleada de amor.<\/li>\n<li><strong>Cubierta Reversible<\/strong><br \/>\nEl juego f\u00edsico contar\u00e1 con una imagen especial en el reverso de la portada.<\/li>\n<\/ul>\n","protected":false},"excerpt":{"rendered":"<p>\u00a1Bienvenido a la Corporaci\u00f3n Cupido!\u00a0Ubicada en la deslumbrante y vanguardista metr\u00f3polis de Los York, Cupid Corporation es una audaz agencia matrimonial conocida por su estilo y tasa de \u00e9xito.\u00a0Nuestra hero\u00edna,<\/p>\n","protected":false},"featured_media":92704,"comment_status":"open","ping_status":"closed","template":"","meta":{"_acf_changed":false,"_joinchat":[]},"product_brand":[],"product_cat":[277,894],"product_tag":[],"class_list":{"0":"post-92703","1":"product","2":"type-product","3":"status-publish","4":"has-post-thumbnail","6":"product_cat-zona-gamer","7":"product_cat-videojuegos","9":"first","10":"instock","11":"sale","12":"shipping-taxable","13":"purchasable","14":"product-type-simple"},"acf":[],"_links":{"self":[{"href":"https:\/\/defabrica.com.mx\/defabrica\/wp-json\/wp\/v2\/product\/92703","targetHints":{"allow":["GET"]}}],"collection":[{"href":"https:\/\/defabrica.com.mx\/defabrica\/wp-json\/wp\/v2\/product"}],"about":[{"href":"https:\/\/defabrica.com.mx\/defabrica\/wp-json\/wp\/v2\/types\/product"}],"replies":[{"embeddable":true,"href":"https:\/\/defabrica.com.mx\/defabrica\/wp-json\/wp\/v2\/comments?post=92703"}],"wp:featuredmedia":[{"embeddable":true,"href":"https:\/\/defabrica.com.mx\/defabrica\/wp-json\/wp\/v2\/media\/92704"}],"wp:attachment":[{"href":"https:\/\/defabrica.com.mx\/defabrica\/wp-json\/wp\/v2\/media?parent=92703"}],"wp:term":[{"taxonomy":"product_brand","embeddable":true,"href":"https:\/\/defabrica.com.mx\/defabrica\/wp-json\/wp\/v2\/product_brand?post=92703"},{"taxonomy":"product_cat","embeddable":true,"href":"https:\/\/defabrica.com.mx\/defabrica\/wp-json\/wp\/v2\/product_cat?post=92703"},{"taxonomy":"product_tag","embeddable":true,"href":"https:\/\/defabrica.com.mx\/defabrica\/wp-json\/wp\/v2\/product_tag?post=92703"}],"curies":[{"name":"wp","href":"https:\/\/api.w.org\/{rel}","templated":true}]}}