{"id":92670,"date":"2022-07-22T08:55:53","date_gmt":"2022-07-22T13:55:53","guid":{"rendered":"https:\/\/defabrica.com.mx\/defabrica\/?post_type=product&#038;p=92670"},"modified":"2023-01-19T15:14:14","modified_gmt":"2023-01-19T21:14:14","slug":"mary-skelter-finale-playstation-4","status":"publish","type":"product","link":"https:\/\/defabrica.com.mx\/defabrica\/producto\/mary-skelter-finale-playstation-4\/","title":{"rendered":"Mary Skelter Finale &#8211; PlayStation 4"},"content":{"rendered":"<p>\u00a1Mary Skelter llega a su cap\u00edtulo final!\u00a0C\u00e1rcel: una prisi\u00f3n viviente para humanos, enterrada a 666 metros bajo tierra.\u00a0Apareci\u00f3 repentinamente hace varias d\u00e9cadas, dando a luz a monstruos llamados Marchen y patrullados por Pesadillas inductoras de locura.\u00a0Un grupo de prisioneros, Jack y las Blood Maidens, eran reencarnaciones de cuentos de hadas que se atrevieron a escapar.\u00a0Subieron desde el fondo de la torre hasta la superficie, llenos de esperanza&#8230;<\/p>\n<h3 class=\"heading-5 v-fw-regular feature-heading\"><strong>Caracter\u00edsticas<\/strong><\/h3>\n<ul>\n<li><strong>Zapear y explorar<\/strong><br \/>\n\u00abZap\u00bb entre 6 grupos de personajes para profundizar en sus historias y relaciones individuales. Si lo hace, tambi\u00e9n le permitir\u00e1 coordinar la resoluci\u00f3n de acertijos a trav\u00e9s de mazmorras llenas de trampas imperdonables, trucos ocultos y tesoros.<\/li>\n<li><strong>insectos infecciosos<\/strong><br \/>\n\u00a1Durante la batalla, pueden aparecer larvas de Nightmare conocidas como \u00abInsectmare\u00bb! Estas plagas se aferrar\u00e1n a la pantalla de un jugador, obstruir\u00e1n la vista de la batalla, deshabilitar\u00e1n los comandos de batalla y les dar\u00e1n a los jugadores dolencias de condici\u00f3n negativa.<\/li>\n<li><strong>Sum\u00e9rgete en las profundidades de la trilog\u00eda<\/strong><br \/>\n\u00a1Descubre m\u00e1s sobre el universo de Mary Skelter con la ayuda de las tres novelas ligeras que se incluyen digitalmente en el juego! \u00bfPodr\u00e1n Jack, Alice y el resto del equipo escapar de las garras de una c\u00e1rcel viviente y vivir felices para siempre?<\/li>\n<li><strong>Pesadilla D\u00e9j\u00e0 vu<\/strong><br \/>\n\u00a1Mary Skelter Finale incluye todas las escenas de eventos de Mary Skelter: Nightmares y Mary Skelter 2! Con la opci\u00f3n ANTES DE LA HISTORIA, los reci\u00e9n llegados pueden ponerse al d\u00eda con la historia antes de abordar el final de la serie, y los veteranos pueden sentarse y revivir la \u00e9pica historia de Mary Skelter.<\/li>\n<li><strong>Voces y texto en el juego<\/strong><br \/>\nDisfruta de las voces del juego en japon\u00e9s e ingl\u00e9s y del texto del juego en ingl\u00e9s en este juego de rol para un jugador.<\/li>\n<\/ul>\n","protected":false},"excerpt":{"rendered":"<p>\u00a1Mary Skelter llega a su cap\u00edtulo final!\u00a0C\u00e1rcel: una prisi\u00f3n viviente para humanos, enterrada a 666 metros bajo tierra.\u00a0Apareci\u00f3 repentinamente hace varias d\u00e9cadas, dando a luz a monstruos llamados Marchen y<\/p>\n","protected":false},"featured_media":92671,"comment_status":"open","ping_status":"closed","template":"","meta":{"_acf_changed":false,"_joinchat":[]},"product_brand":[],"product_cat":[277,894],"product_tag":[],"class_list":{"0":"post-92670","1":"product","2":"type-product","3":"status-publish","4":"has-post-thumbnail","6":"product_cat-zona-gamer","7":"product_cat-videojuegos","9":"first","10":"instock","11":"sale","12":"shipping-taxable","13":"purchasable","14":"product-type-simple"},"acf":[],"_links":{"self":[{"href":"https:\/\/defabrica.com.mx\/defabrica\/wp-json\/wp\/v2\/product\/92670","targetHints":{"allow":["GET"]}}],"collection":[{"href":"https:\/\/defabrica.com.mx\/defabrica\/wp-json\/wp\/v2\/product"}],"about":[{"href":"https:\/\/defabrica.com.mx\/defabrica\/wp-json\/wp\/v2\/types\/product"}],"replies":[{"embeddable":true,"href":"https:\/\/defabrica.com.mx\/defabrica\/wp-json\/wp\/v2\/comments?post=92670"}],"wp:featuredmedia":[{"embeddable":true,"href":"https:\/\/defabrica.com.mx\/defabrica\/wp-json\/wp\/v2\/media\/92671"}],"wp:attachment":[{"href":"https:\/\/defabrica.com.mx\/defabrica\/wp-json\/wp\/v2\/media?parent=92670"}],"wp:term":[{"taxonomy":"product_brand","embeddable":true,"href":"https:\/\/defabrica.com.mx\/defabrica\/wp-json\/wp\/v2\/product_brand?post=92670"},{"taxonomy":"product_cat","embeddable":true,"href":"https:\/\/defabrica.com.mx\/defabrica\/wp-json\/wp\/v2\/product_cat?post=92670"},{"taxonomy":"product_tag","embeddable":true,"href":"https:\/\/defabrica.com.mx\/defabrica\/wp-json\/wp\/v2\/product_tag?post=92670"}],"curies":[{"name":"wp","href":"https:\/\/api.w.org\/{rel}","templated":true}]}}