{"id":92663,"date":"2022-07-22T08:46:33","date_gmt":"2022-07-22T13:46:33","guid":{"rendered":"https:\/\/defabrica.com.mx\/defabrica\/?post_type=product&#038;p=92663"},"modified":"2022-07-22T08:46:34","modified_gmt":"2022-07-22T13:46:34","slug":"port-royale-4-xbox-one-xbox-serie-x","status":"publish","type":"product","link":"https:\/\/defabrica.com.mx\/defabrica\/producto\/port-royale-4-xbox-one-xbox-serie-x\/","title":{"rendered":"Port Royale 4 &#8211; Xbox One, Xbox Serie X"},"content":{"rendered":"<p><span>Zarpa y \u00fanete a las potencias coloniales de Espa\u00f1a, Inglaterra, Francia y los Pa\u00edses Bajos en su lucha por la supremac\u00eda del Caribe en el siglo XVII.\u00a0<\/span><span>En &#8216;Port Royale 4&#8217; tomar\u00e1s el control de una colonia como un gobernador joven y ambicioso que est\u00e1 ansioso por aprender lo que se necesita para administrar y convertir su peque\u00f1o asentamiento en una bulliciosa ciudad comercial.<\/span><\/p>\n<h3 class=\"heading-5 v-fw-regular feature-heading\"><strong>Caracter\u00edsticas<\/strong><\/h3>\n<ul>\n<li><strong>Elige entre cuatro potencias coloniales: Inglaterra, Francia, Espa\u00f1a y los Pa\u00edses Bajos, cada una de las cuales brinda diferentes beneficios y un estilo de juego \u00fanico.<\/strong><\/li>\n<li><strong>Enfr\u00e9ntate a cuatro extensas campa\u00f1as para un jugador siguiendo a cada naci\u00f3n en su camino hacia la supremac\u00eda.<\/strong><\/li>\n<li><strong>Designa un l\u00edder para tu aventura entre cuatro clases de personajes jugables diferentes: el Explorador, el Mercader, el Bucanero y el Pirata, cada uno con sus propias ventajas y desventajas.<\/strong><\/li>\n<\/ul>\n","protected":false},"excerpt":{"rendered":"<p>Zarpa y \u00fanete a las potencias coloniales de Espa\u00f1a, Inglaterra, Francia y los Pa\u00edses Bajos en su lucha por la supremac\u00eda del Caribe en el siglo XVII.\u00a0En &#8216;Port Royale 4&#8217;<\/p>\n","protected":false},"featured_media":92664,"comment_status":"open","ping_status":"closed","template":"","meta":{"_acf_changed":false,"_joinchat":[]},"product_brand":[],"product_cat":[277,894],"product_tag":[],"class_list":{"0":"post-92663","1":"product","2":"type-product","3":"status-publish","4":"has-post-thumbnail","6":"product_cat-zona-gamer","7":"product_cat-videojuegos","9":"first","10":"instock","11":"sale","12":"shipping-taxable","13":"purchasable","14":"product-type-simple"},"acf":[],"_links":{"self":[{"href":"https:\/\/defabrica.com.mx\/defabrica\/wp-json\/wp\/v2\/product\/92663","targetHints":{"allow":["GET"]}}],"collection":[{"href":"https:\/\/defabrica.com.mx\/defabrica\/wp-json\/wp\/v2\/product"}],"about":[{"href":"https:\/\/defabrica.com.mx\/defabrica\/wp-json\/wp\/v2\/types\/product"}],"replies":[{"embeddable":true,"href":"https:\/\/defabrica.com.mx\/defabrica\/wp-json\/wp\/v2\/comments?post=92663"}],"wp:featuredmedia":[{"embeddable":true,"href":"https:\/\/defabrica.com.mx\/defabrica\/wp-json\/wp\/v2\/media\/92664"}],"wp:attachment":[{"href":"https:\/\/defabrica.com.mx\/defabrica\/wp-json\/wp\/v2\/media?parent=92663"}],"wp:term":[{"taxonomy":"product_brand","embeddable":true,"href":"https:\/\/defabrica.com.mx\/defabrica\/wp-json\/wp\/v2\/product_brand?post=92663"},{"taxonomy":"product_cat","embeddable":true,"href":"https:\/\/defabrica.com.mx\/defabrica\/wp-json\/wp\/v2\/product_cat?post=92663"},{"taxonomy":"product_tag","embeddable":true,"href":"https:\/\/defabrica.com.mx\/defabrica\/wp-json\/wp\/v2\/product_tag?post=92663"}],"curies":[{"name":"wp","href":"https:\/\/api.w.org\/{rel}","templated":true}]}}