{"id":92659,"date":"2022-07-22T08:40:33","date_gmt":"2022-07-22T13:40:33","guid":{"rendered":"https:\/\/defabrica.com.mx\/defabrica\/?post_type=product&#038;p=92659"},"modified":"2022-07-22T08:40:33","modified_gmt":"2022-07-22T13:40:33","slug":"tropico-6-edicion-de-proxima-generacion-xbox-series-x","status":"publish","type":"product","link":"https:\/\/defabrica.com.mx\/defabrica\/producto\/tropico-6-edicion-de-proxima-generacion-xbox-series-x\/","title":{"rendered":"Tropico 6 &#8211; Edici\u00f3n de pr\u00f3xima generaci\u00f3n &#8211; Xbox Series X"},"content":{"rendered":"<p><span>En tiempos de agitaci\u00f3n pol\u00edtica y malestar social, la gente pide l\u00edderes visionarios que dirijan el destino de su pa\u00eds con previsi\u00f3n e ingenio.\u00a0<\/span><span>Demuestra tu val\u00eda una vez m\u00e1s como un temido dictador o un estadista amante de la paz en el estado insular de Tropico y da forma al futuro de tu naci\u00f3n a trav\u00e9s de cuatro eras distintivas.\u00a0<\/span><span>Enfrente nuevos desaf\u00edos en el escenario internacional y tenga siempre en cuenta las necesidades de su gente y su cuenta bancaria suiza.<\/span><\/p>\n<h3 class=\"heading-5 v-fw-regular feature-heading\"><strong>Caracter\u00edsticas<\/strong><\/h3>\n<ul>\n<li><strong>Experimente Tropico 6 &#8211; Next Gen Edition en consola en resoluci\u00f3n nativa de 4k y encuentre sus calles llenas de vida.<\/strong><\/li>\n<li><strong>Juega en grandes archipi\u00e9lagos por primera vez en la serie.<\/strong><\/li>\n<li><strong>Administre varias islas al mismo tiempo y ad\u00e1ptese a varios desaf\u00edos nuevos.<\/strong><\/li>\n<li><strong>Env\u00ede a sus agentes en redadas a tierras extranjeras para robar maravillas y monumentos del mundo, para que pueda agregarlos a su colecci\u00f3n.<\/strong><\/li>\n<li><strong>Construya puentes, construya t\u00faneles y transporte a sus ciudadanos y turistas en taxis, autobuses y telef\u00e9ricos. Tropico 6 \u2013 Next Gen Edition ofrece posibilidades de transporte e infraestructura completamente nuevas<\/strong><\/li>\n<\/ul>\n","protected":false},"excerpt":{"rendered":"<p>En tiempos de agitaci\u00f3n pol\u00edtica y malestar social, la gente pide l\u00edderes visionarios que dirijan el destino de su pa\u00eds con previsi\u00f3n e ingenio.\u00a0Demuestra tu val\u00eda una vez m\u00e1s como<\/p>\n","protected":false},"featured_media":92660,"comment_status":"open","ping_status":"closed","template":"","meta":{"_acf_changed":false,"_joinchat":[]},"product_brand":[],"product_cat":[277,894],"product_tag":[],"class_list":{"0":"post-92659","1":"product","2":"type-product","3":"status-publish","4":"has-post-thumbnail","6":"product_cat-zona-gamer","7":"product_cat-videojuegos","9":"first","10":"instock","11":"sale","12":"shipping-taxable","13":"purchasable","14":"product-type-simple"},"acf":[],"_links":{"self":[{"href":"https:\/\/defabrica.com.mx\/defabrica\/wp-json\/wp\/v2\/product\/92659","targetHints":{"allow":["GET"]}}],"collection":[{"href":"https:\/\/defabrica.com.mx\/defabrica\/wp-json\/wp\/v2\/product"}],"about":[{"href":"https:\/\/defabrica.com.mx\/defabrica\/wp-json\/wp\/v2\/types\/product"}],"replies":[{"embeddable":true,"href":"https:\/\/defabrica.com.mx\/defabrica\/wp-json\/wp\/v2\/comments?post=92659"}],"wp:featuredmedia":[{"embeddable":true,"href":"https:\/\/defabrica.com.mx\/defabrica\/wp-json\/wp\/v2\/media\/92660"}],"wp:attachment":[{"href":"https:\/\/defabrica.com.mx\/defabrica\/wp-json\/wp\/v2\/media?parent=92659"}],"wp:term":[{"taxonomy":"product_brand","embeddable":true,"href":"https:\/\/defabrica.com.mx\/defabrica\/wp-json\/wp\/v2\/product_brand?post=92659"},{"taxonomy":"product_cat","embeddable":true,"href":"https:\/\/defabrica.com.mx\/defabrica\/wp-json\/wp\/v2\/product_cat?post=92659"},{"taxonomy":"product_tag","embeddable":true,"href":"https:\/\/defabrica.com.mx\/defabrica\/wp-json\/wp\/v2\/product_tag?post=92659"}],"curies":[{"name":"wp","href":"https:\/\/api.w.org\/{rel}","templated":true}]}}