{"id":92657,"date":"2022-07-22T08:38:04","date_gmt":"2022-07-22T13:38:04","guid":{"rendered":"https:\/\/defabrica.com.mx\/defabrica\/?post_type=product&#038;p=92657"},"modified":"2023-01-19T15:10:51","modified_gmt":"2023-01-19T21:10:51","slug":"matchpoint-xbox-one","status":"publish","type":"product","link":"https:\/\/defabrica.com.mx\/defabrica\/producto\/matchpoint-xbox-one\/","title":{"rendered":"Matchpoint &#8211; Xbox One"},"content":{"rendered":"<p>MATCHPOINT: Tennis Championships es una versi\u00f3n moderna del tenis, que presenta una experiencia real en la cancha respaldada por un modo de carrera profunda y un sistema de rivalidad \u00fanico.\u00a0El juego pone un fuerte \u00e9nfasis en el realismo t\u00e1ctico, el posicionamiento y la punter\u00eda, lo que permite al jugador mover a su superestrella exactamente de la manera correcta para aprovechar al m\u00e1ximo sus tiros.<\/p>\n<h3 class=\"heading-5 v-fw-regular feature-heading\"><strong>Caracter\u00edsticas<\/strong><\/h3>\n<ul>\n<li><strong>Comienza tu viaje en un solo jugador o multijugador en l\u00ednea<\/strong><br \/>\nUn modo de carrera profunda que presenta un sistema de clasificaci\u00f3n basado en m\u00e9ritos, permite un emparejamiento preciso y competitivo.<\/li>\n<li><strong>Crea tu propia estrella de tenis en 3D<\/strong><br \/>\nElija su apariencia, moda y estilo de juego con una variedad de opciones de personalizaci\u00f3n que incluyen t\u00e9cnicas realistas, como rev\u00e9s con la mano izquierda o derecha, con una o dos manos.<\/li>\n<li><strong>Domina la cancha como un tenista profesional<\/strong><br \/>\nMATCHPOINT: Tennis Championships presenta a 16 estrellas internacionales del tenis de la vida real del circuito profesional, incluidos Nick Kyrgios, Kei Nishikori, Amanda Anisimova y dos leyendas retiradas, Tommy Haas y Tim Henman.<\/li>\n<li><strong>Personaliza completamente a tu atleta y wearables<\/strong><br \/>\nDesde raquetas hasta ropa, el juego presenta equipos de todas las marcas de tenis, incluidas UNIQLO, HEAD y muchas m\u00e1s.<\/li>\n<li><strong>Domina todos los golpes y tiros con gran estilo<\/strong><br \/>\nDetermina el resultado de un peloteo eligiendo la mejor t\u00e9cnica para el momento: top spin, flat, lob o slice.<\/li>\n<\/ul>\n","protected":false},"excerpt":{"rendered":"<p>MATCHPOINT: Tennis Championships es una versi\u00f3n moderna del tenis, que presenta una experiencia real en la cancha respaldada por un modo de carrera profunda y un sistema de rivalidad \u00fanico.\u00a0El<\/p>\n","protected":false},"featured_media":92658,"comment_status":"open","ping_status":"closed","template":"","meta":{"_acf_changed":false,"_joinchat":[]},"product_brand":[],"product_cat":[1515,277,894],"product_tag":[],"class_list":{"0":"post-92657","1":"product","2":"type-product","3":"status-publish","4":"has-post-thumbnail","6":"product_cat-ofetas-zonagamer","7":"product_cat-zona-gamer","8":"product_cat-videojuegos","10":"first","11":"instock","12":"sale","13":"shipping-taxable","14":"purchasable","15":"product-type-simple"},"acf":[],"_links":{"self":[{"href":"https:\/\/defabrica.com.mx\/defabrica\/wp-json\/wp\/v2\/product\/92657","targetHints":{"allow":["GET"]}}],"collection":[{"href":"https:\/\/defabrica.com.mx\/defabrica\/wp-json\/wp\/v2\/product"}],"about":[{"href":"https:\/\/defabrica.com.mx\/defabrica\/wp-json\/wp\/v2\/types\/product"}],"replies":[{"embeddable":true,"href":"https:\/\/defabrica.com.mx\/defabrica\/wp-json\/wp\/v2\/comments?post=92657"}],"wp:featuredmedia":[{"embeddable":true,"href":"https:\/\/defabrica.com.mx\/defabrica\/wp-json\/wp\/v2\/media\/92658"}],"wp:attachment":[{"href":"https:\/\/defabrica.com.mx\/defabrica\/wp-json\/wp\/v2\/media?parent=92657"}],"wp:term":[{"taxonomy":"product_brand","embeddable":true,"href":"https:\/\/defabrica.com.mx\/defabrica\/wp-json\/wp\/v2\/product_brand?post=92657"},{"taxonomy":"product_cat","embeddable":true,"href":"https:\/\/defabrica.com.mx\/defabrica\/wp-json\/wp\/v2\/product_cat?post=92657"},{"taxonomy":"product_tag","embeddable":true,"href":"https:\/\/defabrica.com.mx\/defabrica\/wp-json\/wp\/v2\/product_tag?post=92657"}],"curies":[{"name":"wp","href":"https:\/\/api.w.org\/{rel}","templated":true}]}}