{"id":92647,"date":"2022-07-22T08:29:04","date_gmt":"2022-07-22T13:29:04","guid":{"rendered":"https:\/\/defabrica.com.mx\/defabrica\/?post_type=product&#038;p=92647"},"modified":"2022-07-22T08:29:04","modified_gmt":"2022-07-22T13:29:04","slug":"sudden-strike-4-coleccion-completa-xbox-one","status":"publish","type":"product","link":"https:\/\/defabrica.com.mx\/defabrica\/producto\/sudden-strike-4-coleccion-completa-xbox-one\/","title":{"rendered":"Sudden Strike 4: Colecci\u00f3n completa &#8211; Xbox One"},"content":{"rendered":"<div class=\"embedded-component-container lv product-description\">\n<div>\n<div id=\"shop-product-description-91456353\" class=\"_none\" data-version=\"1.3.46\">\n<div class=\"shop-product-description\">\n<section class=\"align-heading-left\" data-reactroot=\"\">\n<div class=\"long-description-container body-copy \">\n<div class=\"html-fragment\"><span>Dirige tus tropas en Sudden Strike 4: Complete Collection para Xbox One.\u00a0Los cinco paquetes DLC incluidos ampl\u00edan la experiencia con nuevas misiones, unidades y estructuras y brindan horas de desafiante juego de estrategia en tiempo real.\u00a0Sudden Strike 4: Complete Collection incluye un manual digital que te ayuda a aprender a jugar y una banda sonora digital y un libro de arte para una experiencia m\u00e1s completa.<\/span><\/div>\n<\/div>\n<\/section>\n<\/div>\n<\/div>\n<\/div>\n<\/div>\n<div class=\"embedded-component-container lv product-features\">\n<h3><\/h3>\n<h3 class=\"heading-5 v-fw-regular feature-heading\"><strong>Caracter\u00edsticas<\/strong><\/h3>\n<ul>\n<li><strong>Contiene todas las actualizaciones de contenido gratuitas disponibles, con m\u00e1s de 10 mapas nuevos y mejoras en el juego.<\/strong><\/li>\n<li><strong>Obtiene contenido adicional digital: una banda sonora, un libro de arte y un manual<\/strong><\/li>\n<li><strong>Sudden Strike 4: Complete Collection ofrece un juego de estrategia realista en tiempo real con profundidad t\u00e1ctica y un entorno hist\u00f3rico en 11 campa\u00f1as.<\/strong><\/li>\n<li><strong>Road to Dunkerque: 4 nuevas misiones, 2 nuevos comandantes y 10 unidades completamente nuevas, as\u00ed como edificios y barcos adicionales<\/strong><\/li>\n<li><strong>Finlandia &#8211; Tormenta de invierno: 6 nuevas misiones, 3 nuevos comandantes y 19 veh\u00edculos completamente nuevos, junto con edificios y unidades adicionales<\/strong><\/li>\n<li><strong>\u00c1frica &#8211; Tormenta del desierto: 6 nuevas misiones, 5 nuevos comandantes y 30 veh\u00edculos nuevos, incluido un cami\u00f3n m\u00e9dico<\/strong><\/li>\n<li><strong>La Guerra del Pac\u00edfico: 10 misiones nuevas, 6 comandantes nuevos y m\u00e1s de 50 veh\u00edculos nuevos, incluidos portaaviones<\/strong><\/li>\n<li><strong>Enfr\u00e9ntate a otros comandantes o desaf\u00eda a la IA enemiga en modos multijugador competitivos.<\/strong><\/li>\n<li><strong>Para soporte de un jugador y multijugador<\/strong><\/li>\n<\/ul>\n<\/div>\n","protected":false},"excerpt":{"rendered":"<p>Dirige tus tropas en Sudden Strike 4: Complete Collection para Xbox One.\u00a0Los cinco paquetes DLC incluidos ampl\u00edan la experiencia con nuevas misiones, unidades y estructuras y brindan horas de desafiante<\/p>\n","protected":false},"featured_media":92648,"comment_status":"open","ping_status":"closed","template":"","meta":{"_acf_changed":false,"_joinchat":[]},"product_brand":[],"product_cat":[277,894],"product_tag":[],"class_list":{"0":"post-92647","1":"product","2":"type-product","3":"status-publish","4":"has-post-thumbnail","6":"product_cat-zona-gamer","7":"product_cat-videojuegos","9":"first","10":"instock","11":"sale","12":"shipping-taxable","13":"purchasable","14":"product-type-simple"},"acf":[],"_links":{"self":[{"href":"https:\/\/defabrica.com.mx\/defabrica\/wp-json\/wp\/v2\/product\/92647","targetHints":{"allow":["GET"]}}],"collection":[{"href":"https:\/\/defabrica.com.mx\/defabrica\/wp-json\/wp\/v2\/product"}],"about":[{"href":"https:\/\/defabrica.com.mx\/defabrica\/wp-json\/wp\/v2\/types\/product"}],"replies":[{"embeddable":true,"href":"https:\/\/defabrica.com.mx\/defabrica\/wp-json\/wp\/v2\/comments?post=92647"}],"wp:featuredmedia":[{"embeddable":true,"href":"https:\/\/defabrica.com.mx\/defabrica\/wp-json\/wp\/v2\/media\/92648"}],"wp:attachment":[{"href":"https:\/\/defabrica.com.mx\/defabrica\/wp-json\/wp\/v2\/media?parent=92647"}],"wp:term":[{"taxonomy":"product_brand","embeddable":true,"href":"https:\/\/defabrica.com.mx\/defabrica\/wp-json\/wp\/v2\/product_brand?post=92647"},{"taxonomy":"product_cat","embeddable":true,"href":"https:\/\/defabrica.com.mx\/defabrica\/wp-json\/wp\/v2\/product_cat?post=92647"},{"taxonomy":"product_tag","embeddable":true,"href":"https:\/\/defabrica.com.mx\/defabrica\/wp-json\/wp\/v2\/product_tag?post=92647"}],"curies":[{"name":"wp","href":"https:\/\/api.w.org\/{rel}","templated":true}]}}