{"id":92606,"date":"2022-07-22T03:11:17","date_gmt":"2022-07-22T08:11:17","guid":{"rendered":"https:\/\/defabrica.com.mx\/defabrica\/?post_type=product&#038;p=92606"},"modified":"2023-01-19T12:21:24","modified_gmt":"2023-01-19T18:21:24","slug":"yurukill-the-calumniation-games-edicion-de-lujo-playstation-5","status":"publish","type":"product","link":"https:\/\/defabrica.com.mx\/defabrica\/producto\/yurukill-the-calumniation-games-edicion-de-lujo-playstation-5\/","title":{"rendered":"Yurukill: The Calumniation Games Edici\u00f3n de lujo &#8211; PlayStation 5"},"content":{"rendered":"<p>El renombrado autor Homura Kawamoto (Kakegurui) ofrece una historia retorcida y multifac\u00e9tica en Yurukill.\u00a0Acusado de incendio premeditado y del asesinato de 21 personas, el protagonista Sengoku Shunju se ve obligado a luchar por su libertad y demostrar su inocencia.<\/p>\n<h3 class=\"heading-5 v-fw-regular feature-heading\"><strong>Caracter\u00edsticas<\/strong><\/h3>\n<ul>\n<li><strong>Una historia envuelta en misterio<\/strong><br \/>\nHistoria intrigante y misteriosa escrita por el aclamado autor Homura Kawamoto, conocido por su exitosa obra Kakegurui.<\/li>\n<li><strong>Shmup con pedigr\u00ed<\/strong><br \/>\nJuego de disparos intenso y de alta calidad del renombrado desarrollador G.Rev.<\/li>\n<li><strong>Tablas de clasificaci\u00f3n en l\u00ednea<\/strong><br \/>\nVea c\u00f3mo cuadra con las tablas de clasificaci\u00f3n y clasificaci\u00f3n en l\u00ednea.<\/li>\n<\/ul>\n","protected":false},"excerpt":{"rendered":"<p>El renombrado autor Homura Kawamoto (Kakegurui) ofrece una historia retorcida y multifac\u00e9tica en Yurukill.\u00a0Acusado de incendio premeditado y del asesinato de 21 personas, el protagonista Sengoku Shunju se ve obligado<\/p>\n","protected":false},"featured_media":92607,"comment_status":"open","ping_status":"closed","template":"","meta":{"_acf_changed":false,"_joinchat":[]},"product_brand":[],"product_cat":[1515,277,894],"product_tag":[],"class_list":{"0":"post-92606","1":"product","2":"type-product","3":"status-publish","4":"has-post-thumbnail","6":"product_cat-ofetas-zonagamer","7":"product_cat-zona-gamer","8":"product_cat-videojuegos","10":"first","11":"instock","12":"sale","13":"shipping-taxable","14":"purchasable","15":"product-type-simple"},"acf":[],"_links":{"self":[{"href":"https:\/\/defabrica.com.mx\/defabrica\/wp-json\/wp\/v2\/product\/92606","targetHints":{"allow":["GET"]}}],"collection":[{"href":"https:\/\/defabrica.com.mx\/defabrica\/wp-json\/wp\/v2\/product"}],"about":[{"href":"https:\/\/defabrica.com.mx\/defabrica\/wp-json\/wp\/v2\/types\/product"}],"replies":[{"embeddable":true,"href":"https:\/\/defabrica.com.mx\/defabrica\/wp-json\/wp\/v2\/comments?post=92606"}],"wp:featuredmedia":[{"embeddable":true,"href":"https:\/\/defabrica.com.mx\/defabrica\/wp-json\/wp\/v2\/media\/92607"}],"wp:attachment":[{"href":"https:\/\/defabrica.com.mx\/defabrica\/wp-json\/wp\/v2\/media?parent=92606"}],"wp:term":[{"taxonomy":"product_brand","embeddable":true,"href":"https:\/\/defabrica.com.mx\/defabrica\/wp-json\/wp\/v2\/product_brand?post=92606"},{"taxonomy":"product_cat","embeddable":true,"href":"https:\/\/defabrica.com.mx\/defabrica\/wp-json\/wp\/v2\/product_cat?post=92606"},{"taxonomy":"product_tag","embeddable":true,"href":"https:\/\/defabrica.com.mx\/defabrica\/wp-json\/wp\/v2\/product_tag?post=92606"}],"curies":[{"name":"wp","href":"https:\/\/api.w.org\/{rel}","templated":true}]}}