{"id":92580,"date":"2022-07-22T02:54:16","date_gmt":"2022-07-22T07:54:16","guid":{"rendered":"https:\/\/defabrica.com.mx\/defabrica\/?post_type=product&#038;p=92580"},"modified":"2023-01-19T12:18:16","modified_gmt":"2023-01-19T18:18:16","slug":"dnf-duel-playstation-5","status":"publish","type":"product","link":"https:\/\/defabrica.com.mx\/defabrica\/producto\/dnf-duel-playstation-5\/","title":{"rendered":"DNF Duel &#8211; PlayStation 5"},"content":{"rendered":"<div class=\"embedded-component-container lv product-description\">\n<div>\n<div id=\"shop-product-description-27490552\" class=\"_none\" data-version=\"1.3.46\">\n<div class=\"shop-product-description\">\n<section class=\"align-heading-left\" data-reactroot=\"\">\n<div class=\"long-description-container body-copy \">\n<div class=\"html-fragment\">Acci\u00f3n de lucha en su extremo!\u00a0\u00a1Entra en el nuevo mundo beat &#8216;em up de Arad como tu personaje favorito de la querida franquicia Dungeon and Fighter!\u00a0Dungeon and Fighter, uno de los juegos de rol m\u00e1s populares y jugados del mundo, ahora regresa como un juego de lucha de acci\u00f3n 2.5D.\u00a0Elige entre 10 encantadores personajes, cada uno con sus propias habilidades y personalidades distintas.\u00a0\u00a1Supera a tus oponentes en astucia, juego o francamente golpea a tus oponentes y convi\u00e9rtete en el maestro de la \u00daltima Voluntad!<\/div>\n<\/div>\n<\/section>\n<\/div>\n<\/div>\n<\/div>\n<\/div>\n<div class=\"embedded-component-container lv product-features\">\n<h3><\/h3>\n<h3 class=\"heading-5 v-fw-regular feature-heading\"><strong>Caracter\u00edsticas<\/strong><\/h3>\n<ul>\n<li><strong>Conoce a tus personajes favoritos de cerca y personalmente<\/strong><br \/>\nDNF DUEL reinterpreta a la perfecci\u00f3n las clases ic\u00f3nicas del cl\u00e1sico Dungeon and Fighter RPG.<\/li>\n<li><strong>Un mundo impresionante nacido del universo de mazmorras y luchadores.<\/strong><br \/>\n16 a\u00f1os de tradici\u00f3n se integran en la narraci\u00f3n y el desarrollo del personaje de DNF DUEL, respaldados por impresionantes detalles gr\u00e1ficos que se fusionan a la perfecci\u00f3n con los dise\u00f1os esc\u00e9nicos de Arad.<\/li>\n<li><strong>Mecanismos de combate \u00fanicos para la lucha estrat\u00e9gica.<\/strong><br \/>\nDNF DUEL lleva el g\u00e9nero de los juegos de lucha a un nivel completamente nuevo con su exclusivo sistema de combate y t\u00e1cticas. Cada personaje ic\u00f3nico tiene sus movimientos y fortalezas caracter\u00edsticos, que se acent\u00faan a\u00fan m\u00e1s con sus efectos de Despertar.<\/li>\n<li><strong>Si\u00e9ntese y rel\u00e1jese con un juego en l\u00ednea fluido<\/strong><br \/>\n\u00a1Salta en l\u00ednea con facilidad para batirte en duelo contra tus amigos u otros retadores de todo el mundo! Totalmente equipado con servidores exclusivos y PlayStation Network, se garantiza que las partidas en DNF DUEL sean una experiencia multijugador fluida y de bajo retraso.<\/li>\n<\/ul>\n<\/div>\n","protected":false},"excerpt":{"rendered":"<p>Acci\u00f3n de lucha en su extremo!\u00a0\u00a1Entra en el nuevo mundo beat &#8216;em up de Arad como tu personaje favorito de la querida franquicia Dungeon and Fighter!\u00a0Dungeon and Fighter, uno de<\/p>\n","protected":false},"featured_media":92583,"comment_status":"open","ping_status":"closed","template":"","meta":{"_acf_changed":false,"_joinchat":[]},"product_brand":[],"product_cat":[277,894],"product_tag":[],"class_list":{"0":"post-92580","1":"product","2":"type-product","3":"status-publish","4":"has-post-thumbnail","6":"product_cat-zona-gamer","7":"product_cat-videojuegos","9":"first","10":"instock","11":"sale","12":"shipping-taxable","13":"purchasable","14":"product-type-simple"},"acf":[],"_links":{"self":[{"href":"https:\/\/defabrica.com.mx\/defabrica\/wp-json\/wp\/v2\/product\/92580","targetHints":{"allow":["GET"]}}],"collection":[{"href":"https:\/\/defabrica.com.mx\/defabrica\/wp-json\/wp\/v2\/product"}],"about":[{"href":"https:\/\/defabrica.com.mx\/defabrica\/wp-json\/wp\/v2\/types\/product"}],"replies":[{"embeddable":true,"href":"https:\/\/defabrica.com.mx\/defabrica\/wp-json\/wp\/v2\/comments?post=92580"}],"wp:featuredmedia":[{"embeddable":true,"href":"https:\/\/defabrica.com.mx\/defabrica\/wp-json\/wp\/v2\/media\/92583"}],"wp:attachment":[{"href":"https:\/\/defabrica.com.mx\/defabrica\/wp-json\/wp\/v2\/media?parent=92580"}],"wp:term":[{"taxonomy":"product_brand","embeddable":true,"href":"https:\/\/defabrica.com.mx\/defabrica\/wp-json\/wp\/v2\/product_brand?post=92580"},{"taxonomy":"product_cat","embeddable":true,"href":"https:\/\/defabrica.com.mx\/defabrica\/wp-json\/wp\/v2\/product_cat?post=92580"},{"taxonomy":"product_tag","embeddable":true,"href":"https:\/\/defabrica.com.mx\/defabrica\/wp-json\/wp\/v2\/product_tag?post=92580"}],"curies":[{"name":"wp","href":"https:\/\/api.w.org\/{rel}","templated":true}]}}