{"id":92578,"date":"2022-07-22T02:49:36","date_gmt":"2022-07-22T07:49:36","guid":{"rendered":"https:\/\/defabrica.com.mx\/defabrica\/?post_type=product&#038;p=92578"},"modified":"2022-07-22T02:49:36","modified_gmt":"2022-07-22T07:49:36","slug":"dynasty-warriors-9-empires-xbox-one","status":"publish","type":"product","link":"https:\/\/defabrica.com.mx\/defabrica\/producto\/dynasty-warriors-9-empires-xbox-one\/","title":{"rendered":"Dynasty Warriors 9 Empires &#8211; Xbox One"},"content":{"rendered":"<div class=\"embedded-component-container lv product-description\">\n<div>\n<div id=\"shop-product-description-17068793\" class=\"_none\" data-version=\"1.3.46\">\n<div class=\"shop-product-description\">\n<section class=\"align-heading-left\" data-reactroot=\"\">\n<div class=\"long-description-container body-copy \">\n<div class=\"html-fragment\"><span>Combinando la acci\u00f3n de 1 contra 1000 de DYNASTY WARRIORS con la adici\u00f3n de elementos t\u00e1cticos, DYNASTY WARRIORS 9 Empires pone a los jugadores en una b\u00fasqueda para conquistar la antigua China combinando el uso de la estrategia y la espada.<\/span><\/div>\n<\/div>\n<\/section>\n<\/div>\n<\/div>\n<\/div>\n<\/div>\n<div class=\"embedded-component-container lv product-features\">\n<h3><\/h3>\n<h3 class=\"heading-5 v-fw-regular feature-heading\"><strong>Caracter\u00edsticas<\/strong><\/h3>\n<ul>\n<li><strong>asaltando el castillo<\/strong><br \/>\nLas \u00e1reas alrededor de los castillos ahora se convirtieron en campos de batalla, las escaramuzas se convierten en encuentros de \u00abasalto al castillo\u00bb, con jugadores que luchan por tomar el control del castillo.<\/li>\n<li><strong>Batallas de asedio con tropas<\/strong><br \/>\nLos jugadores pueden utilizar tropas para invadir la base enemiga, aprovechando las armas de asedio mientras les dan instrucciones durante la batalla.<\/li>\n<li><strong>Batalla decisiva<\/strong><br \/>\nUna vez que los jugadores atraviesan la puerta de un enemigo, entrar\u00e1n y podr\u00e1n reclamar la victoria despu\u00e9s de derrotar al comandante.<\/li>\n<li><strong>Planes secretos<\/strong><br \/>\nLos seleccionados en la fase de preparaci\u00f3n de la batalla ahora se activar\u00e1n como misiones durante las batallas, y cada \u00abPlan secreto\u00bb tendr\u00e1 sus propias condiciones para el \u00e9xito y el fracaso.<\/li>\n<\/ul>\n<\/div>\n","protected":false},"excerpt":{"rendered":"<p>Combinando la acci\u00f3n de 1 contra 1000 de DYNASTY WARRIORS con la adici\u00f3n de elementos t\u00e1cticos, DYNASTY WARRIORS 9 Empires pone a los jugadores en una b\u00fasqueda para conquistar la<\/p>\n","protected":false},"featured_media":92579,"comment_status":"open","ping_status":"closed","template":"","meta":{"_acf_changed":false,"_joinchat":[]},"product_brand":[],"product_cat":[277,894],"product_tag":[],"class_list":{"0":"post-92578","1":"product","2":"type-product","3":"status-publish","4":"has-post-thumbnail","6":"product_cat-zona-gamer","7":"product_cat-videojuegos","9":"first","10":"instock","11":"sale","12":"shipping-taxable","13":"purchasable","14":"product-type-simple"},"acf":[],"_links":{"self":[{"href":"https:\/\/defabrica.com.mx\/defabrica\/wp-json\/wp\/v2\/product\/92578","targetHints":{"allow":["GET"]}}],"collection":[{"href":"https:\/\/defabrica.com.mx\/defabrica\/wp-json\/wp\/v2\/product"}],"about":[{"href":"https:\/\/defabrica.com.mx\/defabrica\/wp-json\/wp\/v2\/types\/product"}],"replies":[{"embeddable":true,"href":"https:\/\/defabrica.com.mx\/defabrica\/wp-json\/wp\/v2\/comments?post=92578"}],"wp:featuredmedia":[{"embeddable":true,"href":"https:\/\/defabrica.com.mx\/defabrica\/wp-json\/wp\/v2\/media\/92579"}],"wp:attachment":[{"href":"https:\/\/defabrica.com.mx\/defabrica\/wp-json\/wp\/v2\/media?parent=92578"}],"wp:term":[{"taxonomy":"product_brand","embeddable":true,"href":"https:\/\/defabrica.com.mx\/defabrica\/wp-json\/wp\/v2\/product_brand?post=92578"},{"taxonomy":"product_cat","embeddable":true,"href":"https:\/\/defabrica.com.mx\/defabrica\/wp-json\/wp\/v2\/product_cat?post=92578"},{"taxonomy":"product_tag","embeddable":true,"href":"https:\/\/defabrica.com.mx\/defabrica\/wp-json\/wp\/v2\/product_tag?post=92578"}],"curies":[{"name":"wp","href":"https:\/\/api.w.org\/{rel}","templated":true}]}}