{"id":92562,"date":"2022-07-22T02:32:19","date_gmt":"2022-07-22T07:32:19","guid":{"rendered":"https:\/\/defabrica.com.mx\/defabrica\/?post_type=product&#038;p=92562"},"modified":"2023-01-19T12:14:21","modified_gmt":"2023-01-19T18:14:21","slug":"terminator-resistance-enhanced-playstation-5","status":"publish","type":"product","link":"https:\/\/defabrica.com.mx\/defabrica\/producto\/terminator-resistance-enhanced-playstation-5\/","title":{"rendered":"Terminator: Resistance Enhanced &#8211; PlayStation 5"},"content":{"rendered":"<div class=\"embedded-component-container lv product-description\">\n<div>\n<div id=\"shop-product-description-60946176\" class=\"_none\" data-version=\"1.3.46\">\n<div class=\"shop-product-description\">\n<section class=\"align-heading-left\" data-reactroot=\"\">\n<div class=\"long-description-container body-copy \">\n<div class=\"html-fragment\">No hay destino sino lo que haces.\u00a0Vive los acontecimientos que condujeron a la batalla final y decisiva por el destino de la humanidad en la guerra contra las m\u00e1quinas.\u00a0Terminator: Resistance es un juego de disparos en primera persona, ambientado durante el escenario de &#8216;Future War&#8217; que solo se vislumbr\u00f3 en las pel\u00edculas ic\u00f3nicas, &#8216;The Terminator&#8217; y &#8216;T2: Judgment Day&#8217;.\u00a0Tambi\u00e9n puede disfrutar de una variedad de mejoras para PlayStation\u00ae5, que incluyen velocidades de fotogramas mejoradas y fidelidad gr\u00e1fica, tiempos de carga m\u00e1s r\u00e1pidos y las nuevas funciones de hardware del controlador DualSense\u00bb.<\/div>\n<\/div>\n<\/section>\n<\/div>\n<\/div>\n<\/div>\n<\/div>\n<div class=\"embedded-component-container lv product-features\">\n<h3><\/h3>\n<h3 class=\"heading-5 v-fw-regular feature-heading\"><strong>Caracter\u00edsticas<\/strong><\/h3>\n<ul>\n<li><strong>\u00a1Corre y dispara o escab\u00fallete y piratea las defensas de Skynet!<\/strong><\/li>\n<li><strong>\u00a1Interact\u00faa con un variopinto grupo de supervivientes y cambia su destino!<\/strong><\/li>\n<li><strong>M\u00e9tete bajo la piel del ic\u00f3nico Infiltrator de la serie T-800 y enfr\u00e9ntate a las fuerzas de la Resistencia con el nuevo modo Infiltrator.<\/strong><\/li>\n<\/ul>\n<\/div>\n","protected":false},"excerpt":{"rendered":"<p>No hay destino sino lo que haces.\u00a0Vive los acontecimientos que condujeron a la batalla final y decisiva por el destino de la humanidad en la guerra contra las m\u00e1quinas.\u00a0Terminator: Resistance<\/p>\n","protected":false},"featured_media":92563,"comment_status":"open","ping_status":"closed","template":"","meta":{"_acf_changed":false,"_joinchat":[]},"product_brand":[],"product_cat":[277,894],"product_tag":[],"class_list":{"0":"post-92562","1":"product","2":"type-product","3":"status-publish","4":"has-post-thumbnail","6":"product_cat-zona-gamer","7":"product_cat-videojuegos","9":"first","10":"instock","11":"sale","12":"shipping-taxable","13":"purchasable","14":"product-type-simple"},"acf":[],"_links":{"self":[{"href":"https:\/\/defabrica.com.mx\/defabrica\/wp-json\/wp\/v2\/product\/92562","targetHints":{"allow":["GET"]}}],"collection":[{"href":"https:\/\/defabrica.com.mx\/defabrica\/wp-json\/wp\/v2\/product"}],"about":[{"href":"https:\/\/defabrica.com.mx\/defabrica\/wp-json\/wp\/v2\/types\/product"}],"replies":[{"embeddable":true,"href":"https:\/\/defabrica.com.mx\/defabrica\/wp-json\/wp\/v2\/comments?post=92562"}],"wp:featuredmedia":[{"embeddable":true,"href":"https:\/\/defabrica.com.mx\/defabrica\/wp-json\/wp\/v2\/media\/92563"}],"wp:attachment":[{"href":"https:\/\/defabrica.com.mx\/defabrica\/wp-json\/wp\/v2\/media?parent=92562"}],"wp:term":[{"taxonomy":"product_brand","embeddable":true,"href":"https:\/\/defabrica.com.mx\/defabrica\/wp-json\/wp\/v2\/product_brand?post=92562"},{"taxonomy":"product_cat","embeddable":true,"href":"https:\/\/defabrica.com.mx\/defabrica\/wp-json\/wp\/v2\/product_cat?post=92562"},{"taxonomy":"product_tag","embeddable":true,"href":"https:\/\/defabrica.com.mx\/defabrica\/wp-json\/wp\/v2\/product_tag?post=92562"}],"curies":[{"name":"wp","href":"https:\/\/api.w.org\/{rel}","templated":true}]}}