{"id":92556,"date":"2022-07-22T02:25:10","date_gmt":"2022-07-22T07:25:10","guid":{"rendered":"https:\/\/defabrica.com.mx\/defabrica\/?post_type=product&#038;p=92556"},"modified":"2023-01-19T12:12:27","modified_gmt":"2023-01-19T18:12:27","slug":"panzer-dragoon-playstation-4","status":"publish","type":"product","link":"https:\/\/defabrica.com.mx\/defabrica\/producto\/panzer-dragoon-playstation-4\/","title":{"rendered":"Panzer Dragoon &#8211; PlayStation 4"},"content":{"rendered":"<div class=\"embedded-component-container lv product-description\">\n<div>\n<div id=\"shop-product-description-83559326\" class=\"_none\" data-version=\"1.3.46\">\n<div class=\"shop-product-description\">\n<section class=\"align-heading-left\" data-reactroot=\"\">\n<div class=\"long-description-container body-copy \">\n<div class=\"html-fragment\">Una nueva versi\u00f3n rehecha del juego Panzer Dragoon: fiel al original, con gr\u00e1ficos y controles mejorados, \u00a1que se adapta a los est\u00e1ndares de juego modernos!\u00a0En un planeta lejano y solitario, te encuentras con dos dragones despiertos de la antig\u00fcedad.\u00a0Armado con un arma mortal del pasado y la gu\u00eda de tu drag\u00f3n azul acorazado, debes cumplir tu destino y evitar que el Prototipo de Drag\u00f3n llegue a la Torre o morir en el intento.<\/div>\n<\/div>\n<\/section>\n<\/div>\n<\/div>\n<\/div>\n<\/div>\n<div class=\"embedded-component-container lv product-features\">\n<h3><\/h3>\n<h3 class=\"heading-5 v-fw-regular feature-heading\"><strong>Caracter\u00edsticas<\/strong><\/h3>\n<ul>\n<li><strong>Pilota a trav\u00e9s de siete niveles incre\u00edblemente realistas que van desde ciudades tropicales del oc\u00e9ano azul hasta intrincadas ruinas subterr\u00e1neas.<\/strong><\/li>\n<li><strong>Lucha contra el prototipo de drag\u00f3n que aparece junto con malvadas lib\u00e9lulas gigantes, aterradoras avispas del tama\u00f1o de un hombre, gusanos de arena gigantes y acorazados voladores letales.<\/strong><\/li>\n<li><strong>Ataca a los enemigos que se acerquen desde todos los lados r\u00e1pidamente y sin piedad, con controles mejorados de 360 \u200b\u200bgrados y fijaci\u00f3n de objetivos.<\/strong><\/li>\n<\/ul>\n<\/div>\n","protected":false},"excerpt":{"rendered":"<p>Una nueva versi\u00f3n rehecha del juego Panzer Dragoon: fiel al original, con gr\u00e1ficos y controles mejorados, \u00a1que se adapta a los est\u00e1ndares de juego modernos!\u00a0En un planeta lejano y solitario,<\/p>\n","protected":false},"featured_media":92557,"comment_status":"open","ping_status":"closed","template":"","meta":{"_acf_changed":false,"_joinchat":[]},"product_brand":[],"product_cat":[277,894],"product_tag":[],"class_list":{"0":"post-92556","1":"product","2":"type-product","3":"status-publish","4":"has-post-thumbnail","6":"product_cat-zona-gamer","7":"product_cat-videojuegos","9":"first","10":"instock","11":"sale","12":"shipping-taxable","13":"purchasable","14":"product-type-simple"},"acf":[],"_links":{"self":[{"href":"https:\/\/defabrica.com.mx\/defabrica\/wp-json\/wp\/v2\/product\/92556","targetHints":{"allow":["GET"]}}],"collection":[{"href":"https:\/\/defabrica.com.mx\/defabrica\/wp-json\/wp\/v2\/product"}],"about":[{"href":"https:\/\/defabrica.com.mx\/defabrica\/wp-json\/wp\/v2\/types\/product"}],"replies":[{"embeddable":true,"href":"https:\/\/defabrica.com.mx\/defabrica\/wp-json\/wp\/v2\/comments?post=92556"}],"wp:featuredmedia":[{"embeddable":true,"href":"https:\/\/defabrica.com.mx\/defabrica\/wp-json\/wp\/v2\/media\/92557"}],"wp:attachment":[{"href":"https:\/\/defabrica.com.mx\/defabrica\/wp-json\/wp\/v2\/media?parent=92556"}],"wp:term":[{"taxonomy":"product_brand","embeddable":true,"href":"https:\/\/defabrica.com.mx\/defabrica\/wp-json\/wp\/v2\/product_brand?post=92556"},{"taxonomy":"product_cat","embeddable":true,"href":"https:\/\/defabrica.com.mx\/defabrica\/wp-json\/wp\/v2\/product_cat?post=92556"},{"taxonomy":"product_tag","embeddable":true,"href":"https:\/\/defabrica.com.mx\/defabrica\/wp-json\/wp\/v2\/product_tag?post=92556"}],"curies":[{"name":"wp","href":"https:\/\/api.w.org\/{rel}","templated":true}]}}