{"id":92544,"date":"2022-07-22T02:10:57","date_gmt":"2022-07-22T07:10:57","guid":{"rendered":"https:\/\/defabrica.com.mx\/defabrica\/?post_type=product&#038;p=92544"},"modified":"2023-01-19T12:06:48","modified_gmt":"2023-01-19T18:06:48","slug":"sam-y-max-salvan-el-mundo-nintendo-switch","status":"publish","type":"product","link":"https:\/\/defabrica.com.mx\/defabrica\/producto\/sam-y-max-salvan-el-mundo-nintendo-switch\/","title":{"rendered":"Sam y Max salvan el mundo &#8211; Nintendo Switch"},"content":{"rendered":"<p>Juntos, son la Polic\u00eda Independiente.\u00a0Y est\u00e1n a punto de salvar el mundo.\u00a0En 2006, el d\u00fao de lucha contra el crimen de c\u00f3mics Sam &amp; Max protagoniz\u00f3 el primer juego epis\u00f3dico completo de Telltale, el estudio que luego hizo The Walking Dead y Batman: The Enemy Within.<\/p>\n<h3 class=\"heading-5 v-fw-regular feature-heading\"><strong>Caracter\u00edsticas<\/strong><\/h3>\n<ul>\n<li><strong>\u00bfQui\u00e9n es la fuente de esta malversaci\u00f3n y cu\u00e1l es su cobarde plan?<\/strong><br \/>\nResolver este caso requerir\u00e1 el olfato de Sam para el trabajo de detective, la falta de conciencia de Max, una variedad de art\u00edculos de inventario y un poco de ayuda de los vecinos Sybil Pandemik, Bosco y Jimmy Two-Teeth.<\/li>\n<li><strong>Gr\u00e1ficos mejorados<\/strong><br \/>\nSoporte de pantalla t\u00e1ctil<\/li>\n<\/ul>\n","protected":false},"excerpt":{"rendered":"<p>Juntos, son la Polic\u00eda Independiente.\u00a0Y est\u00e1n a punto de salvar el mundo.\u00a0En 2006, el d\u00fao de lucha contra el crimen de c\u00f3mics Sam &amp; Max protagoniz\u00f3 el primer juego epis\u00f3dico<\/p>\n","protected":false},"featured_media":92545,"comment_status":"open","ping_status":"closed","template":"","meta":{"_acf_changed":false,"_joinchat":[]},"product_brand":[],"product_cat":[277,894],"product_tag":[],"class_list":{"0":"post-92544","1":"product","2":"type-product","3":"status-publish","4":"has-post-thumbnail","6":"product_cat-zona-gamer","7":"product_cat-videojuegos","9":"first","10":"instock","11":"sale","12":"shipping-taxable","13":"purchasable","14":"product-type-simple"},"acf":[],"_links":{"self":[{"href":"https:\/\/defabrica.com.mx\/defabrica\/wp-json\/wp\/v2\/product\/92544","targetHints":{"allow":["GET"]}}],"collection":[{"href":"https:\/\/defabrica.com.mx\/defabrica\/wp-json\/wp\/v2\/product"}],"about":[{"href":"https:\/\/defabrica.com.mx\/defabrica\/wp-json\/wp\/v2\/types\/product"}],"replies":[{"embeddable":true,"href":"https:\/\/defabrica.com.mx\/defabrica\/wp-json\/wp\/v2\/comments?post=92544"}],"wp:featuredmedia":[{"embeddable":true,"href":"https:\/\/defabrica.com.mx\/defabrica\/wp-json\/wp\/v2\/media\/92545"}],"wp:attachment":[{"href":"https:\/\/defabrica.com.mx\/defabrica\/wp-json\/wp\/v2\/media?parent=92544"}],"wp:term":[{"taxonomy":"product_brand","embeddable":true,"href":"https:\/\/defabrica.com.mx\/defabrica\/wp-json\/wp\/v2\/product_brand?post=92544"},{"taxonomy":"product_cat","embeddable":true,"href":"https:\/\/defabrica.com.mx\/defabrica\/wp-json\/wp\/v2\/product_cat?post=92544"},{"taxonomy":"product_tag","embeddable":true,"href":"https:\/\/defabrica.com.mx\/defabrica\/wp-json\/wp\/v2\/product_tag?post=92544"}],"curies":[{"name":"wp","href":"https:\/\/api.w.org\/{rel}","templated":true}]}}