{"id":92542,"date":"2022-07-22T02:07:29","date_gmt":"2022-07-22T07:07:29","guid":{"rendered":"https:\/\/defabrica.com.mx\/defabrica\/?post_type=product&#038;p=92542"},"modified":"2023-01-19T12:06:13","modified_gmt":"2023-01-19T18:06:13","slug":"no-more-heroes-nintendo-switch","status":"publish","type":"product","link":"https:\/\/defabrica.com.mx\/defabrica\/producto\/no-more-heroes-nintendo-switch\/","title":{"rendered":"No More Heroes &#8211; Nintendo Switch"},"content":{"rendered":"<p>\u00a1\u00c1brete camino hasta la cima en la remasterizaci\u00f3n HD del juego de acci\u00f3n de asesinos favorito de todos!\u00a0Despu\u00e9s de ocupar el puesto n\u00famero 11 en la Asociaci\u00f3n de Asesinos Unidos, Travis Touchdown pone a prueba su confiable katana de rayos mientras se enfrenta a los 10 mejores asesinos del mundo en una batalla mortal.\u00a0Es un largo camino hasta la cima, \u00a1pero este otaku totalmente estadounidense no se detendr\u00e1 hasta que sea el asesino n\u00famero 1, beb\u00e9!<\/p>\n<h3 class=\"heading-5 v-fw-regular feature-heading\"><strong>Caracter\u00edsticas<\/strong><\/h3>\n<ul>\n<li><strong>\u00a1Quema goma por la ciudad costera de Santa Destroy en la moto de Travis, la Schpeltiger!<\/strong><\/li>\n<li><strong>Desbloquea un devastador arsenal de movimientos de lucha profesional, desde Power Bombs hasta Brain Busters.<\/strong><\/li>\n<li><strong>\u00a1Libera el poderoso Lado Oscuro para acabar con la competencia y mostrarles qui\u00e9n manda!<\/strong><\/li>\n<\/ul>\n","protected":false},"excerpt":{"rendered":"<p>\u00a1\u00c1brete camino hasta la cima en la remasterizaci\u00f3n HD del juego de acci\u00f3n de asesinos favorito de todos!\u00a0Despu\u00e9s de ocupar el puesto n\u00famero 11 en la Asociaci\u00f3n de Asesinos Unidos,<\/p>\n","protected":false},"featured_media":92543,"comment_status":"open","ping_status":"closed","template":"","meta":{"_acf_changed":false,"_joinchat":[]},"product_brand":[],"product_cat":[277,894],"product_tag":[],"class_list":{"0":"post-92542","1":"product","2":"type-product","3":"status-publish","4":"has-post-thumbnail","6":"product_cat-zona-gamer","7":"product_cat-videojuegos","9":"first","10":"instock","11":"sale","12":"shipping-taxable","13":"purchasable","14":"product-type-simple"},"acf":[],"_links":{"self":[{"href":"https:\/\/defabrica.com.mx\/defabrica\/wp-json\/wp\/v2\/product\/92542","targetHints":{"allow":["GET"]}}],"collection":[{"href":"https:\/\/defabrica.com.mx\/defabrica\/wp-json\/wp\/v2\/product"}],"about":[{"href":"https:\/\/defabrica.com.mx\/defabrica\/wp-json\/wp\/v2\/types\/product"}],"replies":[{"embeddable":true,"href":"https:\/\/defabrica.com.mx\/defabrica\/wp-json\/wp\/v2\/comments?post=92542"}],"wp:featuredmedia":[{"embeddable":true,"href":"https:\/\/defabrica.com.mx\/defabrica\/wp-json\/wp\/v2\/media\/92543"}],"wp:attachment":[{"href":"https:\/\/defabrica.com.mx\/defabrica\/wp-json\/wp\/v2\/media?parent=92542"}],"wp:term":[{"taxonomy":"product_brand","embeddable":true,"href":"https:\/\/defabrica.com.mx\/defabrica\/wp-json\/wp\/v2\/product_brand?post=92542"},{"taxonomy":"product_cat","embeddable":true,"href":"https:\/\/defabrica.com.mx\/defabrica\/wp-json\/wp\/v2\/product_cat?post=92542"},{"taxonomy":"product_tag","embeddable":true,"href":"https:\/\/defabrica.com.mx\/defabrica\/wp-json\/wp\/v2\/product_tag?post=92542"}],"curies":[{"name":"wp","href":"https:\/\/api.w.org\/{rel}","templated":true}]}}