{"id":92534,"date":"2022-07-22T02:01:46","date_gmt":"2022-07-22T07:01:46","guid":{"rendered":"https:\/\/defabrica.com.mx\/defabrica\/?post_type=product&#038;p=92534"},"modified":"2023-01-19T12:05:05","modified_gmt":"2023-01-19T18:05:05","slug":"edicion-de-lujo-de-hitman-3-playstation-4","status":"publish","type":"product","link":"https:\/\/defabrica.com.mx\/defabrica\/producto\/edicion-de-lujo-de-hitman-3-playstation-4\/","title":{"rendered":"Edici\u00f3n de lujo de Hitman 3 &#8211; PlayStation 4"},"content":{"rendered":"<p>HITMAN 3 es la conclusi\u00f3n dram\u00e1tica de la trilog\u00eda World of Assassination y lleva a los jugadores de todo el mundo en una aventura trotamundos a lugares de arena en expansi\u00f3n.\u00a0El Agente 47 regresa como un profesional despiadado para los contratos m\u00e1s importantes de toda su carrera.\u00a0La muerte espera.\u00a0Disfruta de una libertad sin igual y completa tus objetivos mientras el mundo del juego reacciona a todo lo que haces.<\/p>\n<h3 class=\"heading-5 v-fw-regular feature-heading\"><strong>Caracter\u00edsticas<\/strong><\/h3>\n<ul>\n<li><strong>Convi\u00e9rtete en el Agente 47<\/strong><br \/>\nPrep\u00e1rate para una aventura de suspenso y esp\u00edas donde todas tus habilidades mortales se ponen a prueba.<\/li>\n<li><strong>Libertad de acercamiento<\/strong><br \/>\nTu arma m\u00e1s letal es la creatividad. Desbloquea equipo nuevo y mejora tu juego en misiones altamente rejugables.<\/li>\n<li><strong>mundo de asesinato<\/strong><br \/>\nViaja por un mundo vivo, repleto de personajes sombr\u00edos y oportunidades mortales.<\/li>\n<\/ul>\n","protected":false},"excerpt":{"rendered":"<p>HITMAN 3 es la conclusi\u00f3n dram\u00e1tica de la trilog\u00eda World of Assassination y lleva a los jugadores de todo el mundo en una aventura trotamundos a lugares de arena en<\/p>\n","protected":false},"featured_media":92535,"comment_status":"open","ping_status":"closed","template":"","meta":{"_acf_changed":false,"_joinchat":[]},"product_brand":[],"product_cat":[1515,277,894],"product_tag":[],"class_list":{"0":"post-92534","1":"product","2":"type-product","3":"status-publish","4":"has-post-thumbnail","6":"product_cat-ofetas-zonagamer","7":"product_cat-zona-gamer","8":"product_cat-videojuegos","10":"first","11":"instock","12":"sale","13":"shipping-taxable","14":"purchasable","15":"product-type-simple"},"acf":[],"_links":{"self":[{"href":"https:\/\/defabrica.com.mx\/defabrica\/wp-json\/wp\/v2\/product\/92534","targetHints":{"allow":["GET"]}}],"collection":[{"href":"https:\/\/defabrica.com.mx\/defabrica\/wp-json\/wp\/v2\/product"}],"about":[{"href":"https:\/\/defabrica.com.mx\/defabrica\/wp-json\/wp\/v2\/types\/product"}],"replies":[{"embeddable":true,"href":"https:\/\/defabrica.com.mx\/defabrica\/wp-json\/wp\/v2\/comments?post=92534"}],"wp:featuredmedia":[{"embeddable":true,"href":"https:\/\/defabrica.com.mx\/defabrica\/wp-json\/wp\/v2\/media\/92535"}],"wp:attachment":[{"href":"https:\/\/defabrica.com.mx\/defabrica\/wp-json\/wp\/v2\/media?parent=92534"}],"wp:term":[{"taxonomy":"product_brand","embeddable":true,"href":"https:\/\/defabrica.com.mx\/defabrica\/wp-json\/wp\/v2\/product_brand?post=92534"},{"taxonomy":"product_cat","embeddable":true,"href":"https:\/\/defabrica.com.mx\/defabrica\/wp-json\/wp\/v2\/product_cat?post=92534"},{"taxonomy":"product_tag","embeddable":true,"href":"https:\/\/defabrica.com.mx\/defabrica\/wp-json\/wp\/v2\/product_tag?post=92534"}],"curies":[{"name":"wp","href":"https:\/\/api.w.org\/{rel}","templated":true}]}}