{"id":92505,"date":"2022-07-22T01:16:15","date_gmt":"2022-07-22T06:16:15","guid":{"rendered":"https:\/\/defabrica.com.mx\/defabrica\/?post_type=product&#038;p=92505"},"modified":"2023-01-19T12:02:41","modified_gmt":"2023-01-19T18:02:41","slug":"vampire-the-masquerade-swansong-xbox-series-x","status":"publish","type":"product","link":"https:\/\/defabrica.com.mx\/defabrica\/producto\/vampire-the-masquerade-swansong-xbox-series-x\/","title":{"rendered":"Vampire: The Masquerade &#8211; Swansong &#8211; Xbox Series X"},"content":{"rendered":"<p>Juega como 3 vampiros, ejerce sus poderes sabiamente y logra el equilibrio adecuado entre tu lado humano y animal en una historia conmovedora en la que tus elecciones decidir\u00e1n el destino de Boston.\u00a0Basado en el juego de rol de culto y desarrollado por especialistas en el g\u00e9nero, Vampire: The Masquerade \u2013 Swansong es un juego de rol narrativo en el que cada elecci\u00f3n determina el destino de los tres personajes principales y de la Camarilla de Boston.<\/p>\n<h3 class=\"heading-5 v-fw-regular feature-heading\"><strong>Caracter\u00edsticas<\/strong><\/h3>\n<ul>\n<li><strong>Bienvenido al mundo de las tinieblas<\/strong><br \/>\nEn Vampire: The Masquerade, juegas como estos atractivos monstruos en un mundo sofisticado donde las l\u00edneas entre lo real y lo sobrenatural siempre son borrosas.<\/li>\n<li><strong>Un thriller conmovedor<\/strong><br \/>\nHazel Iversen, el Cisne, es el nuevo Pr\u00edncipe de la Camarilla de Boston. Con una mano de hierro en un guante de terciopelo, tiene la intenci\u00f3n de afirmar su poder y respetar la Mascarada, la ley vamp\u00edrica dise\u00f1ada para garantizar que los humanos nunca se enteren de la existencia de estas criaturas de la noche.<\/li>\n<li><strong>Juega como 3 vampiros originales<\/strong><br \/>\nJuega como 3 vampiros que tienen m\u00e1s de cien a\u00f1os. Avanza en el juego a trav\u00e9s de sus destinos entrelazados, lidia con sus diferentes puntos de vista y usa sus hojas de personaje para tratar de separar la verdad de las mentiras.<\/li>\n<li><strong>Jugabilidad con consecuencias<\/strong><br \/>\nCon su enfoque \u00fanico del juego, Swansong pone \u00e9nfasis en las consecuencias de tus acciones tanto en la investigaci\u00f3n como en tus interacciones sociales con los personajes.<\/li>\n<\/ul>\n","protected":false},"excerpt":{"rendered":"<p>Juega como 3 vampiros, ejerce sus poderes sabiamente y logra el equilibrio adecuado entre tu lado humano y animal en una historia conmovedora en la que tus elecciones decidir\u00e1n el<\/p>\n","protected":false},"featured_media":92507,"comment_status":"open","ping_status":"closed","template":"","meta":{"_acf_changed":false,"_joinchat":[]},"product_brand":[],"product_cat":[1515,277,894],"product_tag":[],"class_list":{"0":"post-92505","1":"product","2":"type-product","3":"status-publish","4":"has-post-thumbnail","6":"product_cat-ofetas-zonagamer","7":"product_cat-zona-gamer","8":"product_cat-videojuegos","10":"first","11":"instock","12":"sale","13":"shipping-taxable","14":"purchasable","15":"product-type-simple"},"acf":[],"_links":{"self":[{"href":"https:\/\/defabrica.com.mx\/defabrica\/wp-json\/wp\/v2\/product\/92505","targetHints":{"allow":["GET"]}}],"collection":[{"href":"https:\/\/defabrica.com.mx\/defabrica\/wp-json\/wp\/v2\/product"}],"about":[{"href":"https:\/\/defabrica.com.mx\/defabrica\/wp-json\/wp\/v2\/types\/product"}],"replies":[{"embeddable":true,"href":"https:\/\/defabrica.com.mx\/defabrica\/wp-json\/wp\/v2\/comments?post=92505"}],"wp:featuredmedia":[{"embeddable":true,"href":"https:\/\/defabrica.com.mx\/defabrica\/wp-json\/wp\/v2\/media\/92507"}],"wp:attachment":[{"href":"https:\/\/defabrica.com.mx\/defabrica\/wp-json\/wp\/v2\/media?parent=92505"}],"wp:term":[{"taxonomy":"product_brand","embeddable":true,"href":"https:\/\/defabrica.com.mx\/defabrica\/wp-json\/wp\/v2\/product_brand?post=92505"},{"taxonomy":"product_cat","embeddable":true,"href":"https:\/\/defabrica.com.mx\/defabrica\/wp-json\/wp\/v2\/product_cat?post=92505"},{"taxonomy":"product_tag","embeddable":true,"href":"https:\/\/defabrica.com.mx\/defabrica\/wp-json\/wp\/v2\/product_tag?post=92505"}],"curies":[{"name":"wp","href":"https:\/\/api.w.org\/{rel}","templated":true}]}}