{"id":92485,"date":"2022-07-22T01:01:33","date_gmt":"2022-07-22T06:01:33","guid":{"rendered":"https:\/\/defabrica.com.mx\/defabrica\/?post_type=product&#038;p=92485"},"modified":"2022-07-22T01:01:33","modified_gmt":"2022-07-22T06:01:33","slug":"xuan-yuan-sword-7-xbox-one","status":"publish","type":"product","link":"https:\/\/defabrica.com.mx\/defabrica\/producto\/xuan-yuan-sword-7-xbox-one\/","title":{"rendered":"Xuan Yuan Sword 7 &#8211; Xbox One"},"content":{"rendered":"<p><span>Xuan Yuan Sword 7 es un juego de rol de acci\u00f3n con combates fren\u00e9ticos en tiempo real, presentaci\u00f3n visceral en 3D y una rica narrativa cinematogr\u00e1fica.\u00a0<\/span><span>Es una celebraci\u00f3n del paisaje, la civilizaci\u00f3n y la cultura de la antigua China, impregnada de la m\u00edstica de sus propias leyendas en marcado contraste con los anacr\u00f3nicos dise\u00f1os tecnol\u00f3gicos.\u00a0<\/span><span>Es un mundo que es a la vez familiar y misterioso, uno de ciencia y espiritualidad, uno que est\u00e1 esperando ser explorado.<\/span><\/p>\n<h3 class=\"heading-5 v-fw-regular feature-heading\"><strong>Caracter\u00edsticas<\/strong><\/h3>\n<ul>\n<li><strong>Viaja a trav\u00e9s de la antigua China mientras se desarrolla una aventura cinematogr\u00e1fica.<\/strong><\/li>\n<li><strong>\u00a1Corta, bloquea, esquiva y responde en combates en tiempo real basados \u200b\u200ben combos!<\/strong><\/li>\n<li><strong>Controla el Elysium Scroll para ralentizar el tiempo, absorber monstruos o alterar el entorno.<\/strong><\/li>\n<li><strong>Mejora armaduras y armas, desarrolla habilidades pasivas y aprende nuevas t\u00e9cnicas.<\/strong><\/li>\n<li><strong>Explora una historia independiente que no requiere conocimientos previos de Xuan Yuan.<\/strong><\/li>\n<\/ul>\n","protected":false},"excerpt":{"rendered":"<p>Xuan Yuan Sword 7 es un juego de rol de acci\u00f3n con combates fren\u00e9ticos en tiempo real, presentaci\u00f3n visceral en 3D y una rica narrativa cinematogr\u00e1fica.\u00a0Es una celebraci\u00f3n del paisaje,<\/p>\n","protected":false},"featured_media":92486,"comment_status":"open","ping_status":"closed","template":"","meta":{"_acf_changed":false,"_joinchat":[]},"product_brand":[],"product_cat":[277,894],"product_tag":[],"class_list":{"0":"post-92485","1":"product","2":"type-product","3":"status-publish","4":"has-post-thumbnail","6":"product_cat-zona-gamer","7":"product_cat-videojuegos","9":"first","10":"instock","11":"sale","12":"shipping-taxable","13":"purchasable","14":"product-type-simple"},"acf":[],"_links":{"self":[{"href":"https:\/\/defabrica.com.mx\/defabrica\/wp-json\/wp\/v2\/product\/92485","targetHints":{"allow":["GET"]}}],"collection":[{"href":"https:\/\/defabrica.com.mx\/defabrica\/wp-json\/wp\/v2\/product"}],"about":[{"href":"https:\/\/defabrica.com.mx\/defabrica\/wp-json\/wp\/v2\/types\/product"}],"replies":[{"embeddable":true,"href":"https:\/\/defabrica.com.mx\/defabrica\/wp-json\/wp\/v2\/comments?post=92485"}],"wp:featuredmedia":[{"embeddable":true,"href":"https:\/\/defabrica.com.mx\/defabrica\/wp-json\/wp\/v2\/media\/92486"}],"wp:attachment":[{"href":"https:\/\/defabrica.com.mx\/defabrica\/wp-json\/wp\/v2\/media?parent=92485"}],"wp:term":[{"taxonomy":"product_brand","embeddable":true,"href":"https:\/\/defabrica.com.mx\/defabrica\/wp-json\/wp\/v2\/product_brand?post=92485"},{"taxonomy":"product_cat","embeddable":true,"href":"https:\/\/defabrica.com.mx\/defabrica\/wp-json\/wp\/v2\/product_cat?post=92485"},{"taxonomy":"product_tag","embeddable":true,"href":"https:\/\/defabrica.com.mx\/defabrica\/wp-json\/wp\/v2\/product_tag?post=92485"}],"curies":[{"name":"wp","href":"https:\/\/api.w.org\/{rel}","templated":true}]}}