{"id":92471,"date":"2022-07-22T00:48:43","date_gmt":"2022-07-22T05:48:43","guid":{"rendered":"https:\/\/defabrica.com.mx\/defabrica\/?post_type=product&#038;p=92471"},"modified":"2023-01-19T11:58:44","modified_gmt":"2023-01-19T17:58:44","slug":"sifu-vengeance-edition-playstation-5","status":"publish","type":"product","link":"https:\/\/defabrica.com.mx\/defabrica\/producto\/sifu-vengeance-edition-playstation-5\/","title":{"rendered":"Sifu: Vengeance Edition &#8211; PlayStation 5"},"content":{"rendered":"<p>\u00bfEs suficiente una vida para saber Kung Fu?\u00a0Sifu es la historia de un joven estudiante de Kung Fu en un camino de venganza, a la caza de los asesinos de su familia.\u00a0Uno contra todos, no tiene aliados, y tiene innumerables enemigos.\u00a0Tiene que confiar en su dominio \u00fanico de Kung Fu, as\u00ed como en un colgante misterioso para prevalecer y preservar el legado de su familia.<\/p>\n<h3 class=\"heading-5 v-fw-regular feature-heading\"><strong>Caracter\u00edsticas<\/strong><\/h3>\n<ul>\n<li><strong>En el camino de la venganza<\/strong><br \/>\nLa caza de tus enemigos te llevar\u00e1 por los rincones ocultos de la ciudad, desde los suburbios plagados de pandillas hasta los fr\u00edos pasillos de las torres corporativas. Tienes un d\u00eda e innumerables enemigos en tu camino. Por cada error, el tiempo ser\u00e1 el precio a pagar.<\/li>\n<li><strong>La adaptaci\u00f3n es el camino<\/strong><br \/>\nEl posicionamiento cuidadoso y el uso inteligente del entorno a tu favor son clave para tu supervivencia. Usa todo lo que tengas a tu disposici\u00f3n: objetos arrojadizos, armas improvisadas, ventanas y repisas&#8230; Las probabilidades est\u00e1n en tu contra y no tendr\u00e1s piedad.<\/li>\n<li><strong>Entrenando nuevos extremos<\/strong><br \/>\nKung Fu es el dominio a trav\u00e9s de la pr\u00e1ctica, un camino tanto para el cuerpo como para la mente. Aprende de tus errores, desbloquea habilidades \u00fanicas y encuentra la fuerza dentro de ti para dominar las devastadoras t\u00e9cnicas de Pak-Mei Kung-Fu.<\/li>\n<li><strong>Todas las peleas han sido coreografiadas por un verdadero maestro de Kung Fu<\/strong><\/li>\n<li><strong>Un estilo gr\u00e1fico \u00fanico y un juego repleto de niveles \u00e9picos y escenarios inolvidables<\/strong><\/li>\n<\/ul>\n","protected":false},"excerpt":{"rendered":"<p>\u00bfEs suficiente una vida para saber Kung Fu?\u00a0Sifu es la historia de un joven estudiante de Kung Fu en un camino de venganza, a la caza de los asesinos de<\/p>\n","protected":false},"featured_media":92472,"comment_status":"open","ping_status":"closed","template":"","meta":{"_acf_changed":false,"_joinchat":[]},"product_brand":[],"product_cat":[277,894],"product_tag":[],"class_list":{"0":"post-92471","1":"product","2":"type-product","3":"status-publish","4":"has-post-thumbnail","6":"product_cat-zona-gamer","7":"product_cat-videojuegos","9":"first","10":"instock","11":"sale","12":"shipping-taxable","13":"purchasable","14":"product-type-simple"},"acf":[],"_links":{"self":[{"href":"https:\/\/defabrica.com.mx\/defabrica\/wp-json\/wp\/v2\/product\/92471","targetHints":{"allow":["GET"]}}],"collection":[{"href":"https:\/\/defabrica.com.mx\/defabrica\/wp-json\/wp\/v2\/product"}],"about":[{"href":"https:\/\/defabrica.com.mx\/defabrica\/wp-json\/wp\/v2\/types\/product"}],"replies":[{"embeddable":true,"href":"https:\/\/defabrica.com.mx\/defabrica\/wp-json\/wp\/v2\/comments?post=92471"}],"wp:featuredmedia":[{"embeddable":true,"href":"https:\/\/defabrica.com.mx\/defabrica\/wp-json\/wp\/v2\/media\/92472"}],"wp:attachment":[{"href":"https:\/\/defabrica.com.mx\/defabrica\/wp-json\/wp\/v2\/media?parent=92471"}],"wp:term":[{"taxonomy":"product_brand","embeddable":true,"href":"https:\/\/defabrica.com.mx\/defabrica\/wp-json\/wp\/v2\/product_brand?post=92471"},{"taxonomy":"product_cat","embeddable":true,"href":"https:\/\/defabrica.com.mx\/defabrica\/wp-json\/wp\/v2\/product_cat?post=92471"},{"taxonomy":"product_tag","embeddable":true,"href":"https:\/\/defabrica.com.mx\/defabrica\/wp-json\/wp\/v2\/product_tag?post=92471"}],"curies":[{"name":"wp","href":"https:\/\/api.w.org\/{rel}","templated":true}]}}