{"id":92463,"date":"2022-07-22T00:38:05","date_gmt":"2022-07-22T05:38:05","guid":{"rendered":"https:\/\/defabrica.com.mx\/defabrica\/?post_type=product&#038;p=92463"},"modified":"2022-07-22T00:38:05","modified_gmt":"2022-07-22T05:38:05","slug":"wrc-10-nintendo-switch","status":"publish","type":"product","link":"https:\/\/defabrica.com.mx\/defabrica\/producto\/wrc-10-nintendo-switch\/","title":{"rendered":"WRC 10 &#8211; Nintendo Switch"},"content":{"rendered":"<p><span>Para celebrar el 50 aniversario del campeonato, WRC 10 ofrece una nueva edici\u00f3n de aniversario, repleta de nuevos contenidos y sensaciones.\u00a0<\/span><span>\u00a1Revive los momentos m\u00e1s intensos desde 1973 hasta hoy!\u00a0<\/span><span>El modo de historia WRC 10 pone a prueba tu talento de conducci\u00f3n a trav\u00e9s de 19 eventos hist\u00f3ricos que requieren que te adaptes a las condiciones de carrera de cada per\u00edodo de tiempo.<\/span><\/p>\n<h3 class=\"heading-5 v-fw-regular feature-heading\"><strong>Caracter\u00edsticas<\/strong><\/h3>\n<ul>\n<li><strong>Los 4 nuevos rallies de 2021: Estonia, Croacia, B\u00e9lgica y Espa\u00f1a<\/strong><\/li>\n<li><strong>6 rallies hist\u00f3ricos, incluidos Acr\u00f3polis, San Remo, Alemania y Argentina<\/strong><\/li>\n<li><strong>120 etapas especiales<\/strong><\/li>\n<li><strong>52 equipos oficiales de la temporada 2021 (WRC, WRC2, WRC3, Junior WRC)<\/strong><\/li>\n<li><strong>20 autos legendarios de Alpine, Audi, Lancia, Subaru, Ford, Mitsubishi, Toyota y m\u00e1s&#8230;<\/strong><\/li>\n<\/ul>\n","protected":false},"excerpt":{"rendered":"<p>Para celebrar el 50 aniversario del campeonato, WRC 10 ofrece una nueva edici\u00f3n de aniversario, repleta de nuevos contenidos y sensaciones.\u00a0\u00a1Revive los momentos m\u00e1s intensos desde 1973 hasta hoy!\u00a0El modo<\/p>\n","protected":false},"featured_media":92464,"comment_status":"open","ping_status":"closed","template":"","meta":{"_acf_changed":false,"_joinchat":[]},"product_brand":[],"product_cat":[277,894],"product_tag":[],"class_list":{"0":"post-92463","1":"product","2":"type-product","3":"status-publish","4":"has-post-thumbnail","6":"product_cat-zona-gamer","7":"product_cat-videojuegos","9":"first","10":"instock","11":"sale","12":"shipping-taxable","13":"purchasable","14":"product-type-simple"},"acf":[],"_links":{"self":[{"href":"https:\/\/defabrica.com.mx\/defabrica\/wp-json\/wp\/v2\/product\/92463","targetHints":{"allow":["GET"]}}],"collection":[{"href":"https:\/\/defabrica.com.mx\/defabrica\/wp-json\/wp\/v2\/product"}],"about":[{"href":"https:\/\/defabrica.com.mx\/defabrica\/wp-json\/wp\/v2\/types\/product"}],"replies":[{"embeddable":true,"href":"https:\/\/defabrica.com.mx\/defabrica\/wp-json\/wp\/v2\/comments?post=92463"}],"wp:featuredmedia":[{"embeddable":true,"href":"https:\/\/defabrica.com.mx\/defabrica\/wp-json\/wp\/v2\/media\/92464"}],"wp:attachment":[{"href":"https:\/\/defabrica.com.mx\/defabrica\/wp-json\/wp\/v2\/media?parent=92463"}],"wp:term":[{"taxonomy":"product_brand","embeddable":true,"href":"https:\/\/defabrica.com.mx\/defabrica\/wp-json\/wp\/v2\/product_brand?post=92463"},{"taxonomy":"product_cat","embeddable":true,"href":"https:\/\/defabrica.com.mx\/defabrica\/wp-json\/wp\/v2\/product_cat?post=92463"},{"taxonomy":"product_tag","embeddable":true,"href":"https:\/\/defabrica.com.mx\/defabrica\/wp-json\/wp\/v2\/product_tag?post=92463"}],"curies":[{"name":"wp","href":"https:\/\/api.w.org\/{rel}","templated":true}]}}