{"id":92447,"date":"2022-07-22T00:16:35","date_gmt":"2022-07-22T05:16:35","guid":{"rendered":"https:\/\/defabrica.com.mx\/defabrica\/?post_type=product&#038;p=92447"},"modified":"2023-01-19T11:33:26","modified_gmt":"2023-01-19T17:33:26","slug":"tour-de-france-2022-playstation-4","status":"publish","type":"product","link":"https:\/\/defabrica.com.mx\/defabrica\/producto\/tour-de-france-2022-playstation-4\/","title":{"rendered":"Tour de France 2022 &#8211; PlayStation 4"},"content":{"rendered":"<p>Lucha por el maillot amarillo en el juego oficial del Tour de Francia 2022. Experimenta el nuevo modo en l\u00ednea con desaf\u00edos semanales y tablas de clasificaci\u00f3n.\u00a0En el modo Solo, ahora puede lidiar con incidentes (lesiones, enfermedades) durante las 92 etapas disponibles.<\/p>\n<h3 class=\"heading-5 v-fw-regular feature-heading\"><strong>Caracter\u00edsticas<\/strong><\/h3>\n<ul>\n<li><strong>Nuevo modo en l\u00ednea con clasificaci\u00f3n<\/strong><\/li>\n<li><strong>Incidentes de carrera (ca\u00eddas, enfermedades)<\/strong><\/li>\n<li><strong>Nuevo sistema de preparaci\u00f3n<\/strong><\/li>\n<li><strong>Nueva interfaz en tramos empedrados<\/strong><\/li>\n<li><strong>Carreras m\u00e1s intensas con un pelot\u00f3n m\u00e1s agresivo y escapadas m\u00e1s colaborativas<\/strong><\/li>\n<\/ul>\n","protected":false},"excerpt":{"rendered":"<p>Lucha por el maillot amarillo en el juego oficial del Tour de Francia 2022. Experimenta el nuevo modo en l\u00ednea con desaf\u00edos semanales y tablas de clasificaci\u00f3n.\u00a0En el modo Solo,<\/p>\n","protected":false},"featured_media":92448,"comment_status":"open","ping_status":"closed","template":"","meta":{"_acf_changed":false,"_joinchat":[]},"product_brand":[],"product_cat":[1515,277,894],"product_tag":[],"class_list":{"0":"post-92447","1":"product","2":"type-product","3":"status-publish","4":"has-post-thumbnail","6":"product_cat-ofetas-zonagamer","7":"product_cat-zona-gamer","8":"product_cat-videojuegos","10":"first","11":"instock","12":"sale","13":"shipping-taxable","14":"purchasable","15":"product-type-simple"},"acf":[],"_links":{"self":[{"href":"https:\/\/defabrica.com.mx\/defabrica\/wp-json\/wp\/v2\/product\/92447","targetHints":{"allow":["GET"]}}],"collection":[{"href":"https:\/\/defabrica.com.mx\/defabrica\/wp-json\/wp\/v2\/product"}],"about":[{"href":"https:\/\/defabrica.com.mx\/defabrica\/wp-json\/wp\/v2\/types\/product"}],"replies":[{"embeddable":true,"href":"https:\/\/defabrica.com.mx\/defabrica\/wp-json\/wp\/v2\/comments?post=92447"}],"wp:featuredmedia":[{"embeddable":true,"href":"https:\/\/defabrica.com.mx\/defabrica\/wp-json\/wp\/v2\/media\/92448"}],"wp:attachment":[{"href":"https:\/\/defabrica.com.mx\/defabrica\/wp-json\/wp\/v2\/media?parent=92447"}],"wp:term":[{"taxonomy":"product_brand","embeddable":true,"href":"https:\/\/defabrica.com.mx\/defabrica\/wp-json\/wp\/v2\/product_brand?post=92447"},{"taxonomy":"product_cat","embeddable":true,"href":"https:\/\/defabrica.com.mx\/defabrica\/wp-json\/wp\/v2\/product_cat?post=92447"},{"taxonomy":"product_tag","embeddable":true,"href":"https:\/\/defabrica.com.mx\/defabrica\/wp-json\/wp\/v2\/product_tag?post=92447"}],"curies":[{"name":"wp","href":"https:\/\/api.w.org\/{rel}","templated":true}]}}