{"id":92428,"date":"2022-07-22T00:03:41","date_gmt":"2022-07-22T05:03:41","guid":{"rendered":"https:\/\/defabrica.com.mx\/defabrica\/?post_type=product&#038;p=92428"},"modified":"2022-07-22T00:03:41","modified_gmt":"2022-07-22T05:03:41","slug":"snowrunner-nintendo-switch","status":"publish","type":"product","link":"https:\/\/defabrica.com.mx\/defabrica\/producto\/snowrunner-nintendo-switch\/","title":{"rendered":"SnowRunner &#8211; Nintendo Switch"},"content":{"rendered":"<p><span>\u00a1Prep\u00e1rate para la experiencia todoterreno de \u00faltima generaci\u00f3n!\u00a0<\/span><span>SnowRunner lo coloca en el asiento del conductor de poderosos veh\u00edculos mientras conquista entornos abiertos extremos con la simulaci\u00f3n de terreno m\u00e1s avanzada jam\u00e1s vista.\u00a0<\/span><span>Conduce 40 veh\u00edculos de marcas como Ford, Chevrolet y Freightliner mientras dejas tu huella en un mundo abierto ind\u00f3mito.\u00a0<\/span><span>Supere el barro, las aguas torrenciales, la nieve y los lagos congelados mientras asume peligrosos contratos y misiones.<\/span><\/p>\n<h3 class=\"heading-5 v-fw-regular feature-heading\"><strong>Caracter\u00edsticas<\/strong><\/h3>\n<ul>\n<li><strong>Enfr\u00e9ntate a entornos extremos en un motor de f\u00edsica muy avanzado<\/strong><\/li>\n<li><strong>40 veh\u00edculos \u00fanicos para desbloquear, actualizar y personalizar<\/strong><\/li>\n<li><strong>Completa docenas de misiones desafiantes en un mundo interconectado<\/strong><\/li>\n<li><strong>Ve solo o juega con otros jugadores en modo cooperativo de 4 jugadores<\/strong><\/li>\n<\/ul>\n","protected":false},"excerpt":{"rendered":"<p>\u00a1Prep\u00e1rate para la experiencia todoterreno de \u00faltima generaci\u00f3n!\u00a0SnowRunner lo coloca en el asiento del conductor de poderosos veh\u00edculos mientras conquista entornos abiertos extremos con la simulaci\u00f3n de terreno m\u00e1s avanzada<\/p>\n","protected":false},"featured_media":92429,"comment_status":"open","ping_status":"closed","template":"","meta":{"_acf_changed":false,"_joinchat":[]},"product_brand":[],"product_cat":[277,894],"product_tag":[],"class_list":{"0":"post-92428","1":"product","2":"type-product","3":"status-publish","4":"has-post-thumbnail","6":"product_cat-zona-gamer","7":"product_cat-videojuegos","9":"first","10":"instock","11":"sale","12":"shipping-taxable","13":"purchasable","14":"product-type-simple"},"acf":[],"_links":{"self":[{"href":"https:\/\/defabrica.com.mx\/defabrica\/wp-json\/wp\/v2\/product\/92428","targetHints":{"allow":["GET"]}}],"collection":[{"href":"https:\/\/defabrica.com.mx\/defabrica\/wp-json\/wp\/v2\/product"}],"about":[{"href":"https:\/\/defabrica.com.mx\/defabrica\/wp-json\/wp\/v2\/types\/product"}],"replies":[{"embeddable":true,"href":"https:\/\/defabrica.com.mx\/defabrica\/wp-json\/wp\/v2\/comments?post=92428"}],"wp:featuredmedia":[{"embeddable":true,"href":"https:\/\/defabrica.com.mx\/defabrica\/wp-json\/wp\/v2\/media\/92429"}],"wp:attachment":[{"href":"https:\/\/defabrica.com.mx\/defabrica\/wp-json\/wp\/v2\/media?parent=92428"}],"wp:term":[{"taxonomy":"product_brand","embeddable":true,"href":"https:\/\/defabrica.com.mx\/defabrica\/wp-json\/wp\/v2\/product_brand?post=92428"},{"taxonomy":"product_cat","embeddable":true,"href":"https:\/\/defabrica.com.mx\/defabrica\/wp-json\/wp\/v2\/product_cat?post=92428"},{"taxonomy":"product_tag","embeddable":true,"href":"https:\/\/defabrica.com.mx\/defabrica\/wp-json\/wp\/v2\/product_tag?post=92428"}],"curies":[{"name":"wp","href":"https:\/\/api.w.org\/{rel}","templated":true}]}}