{"id":92424,"date":"2022-07-21T23:55:03","date_gmt":"2022-07-22T04:55:03","guid":{"rendered":"https:\/\/defabrica.com.mx\/defabrica\/?post_type=product&#038;p=92424"},"modified":"2023-01-19T11:26:17","modified_gmt":"2023-01-19T17:26:17","slug":"five-nights-at-freddys-coleccion-basica-xbox-one-xbox-series-x","status":"publish","type":"product","link":"https:\/\/defabrica.com.mx\/defabrica\/producto\/five-nights-at-freddys-coleccion-basica-xbox-one-xbox-series-x\/","title":{"rendered":"Five Nights at Freddy&#8217;s: Colecci\u00f3n b\u00e1sica &#8211; Xbox One, Xbox Series X"},"content":{"rendered":"<div class=\"embedded-component-container lv product-description\">\n<div>\n<div id=\"shop-product-description-67001419\" class=\"_none\" data-version=\"1.3.46\">\n<div class=\"shop-product-description\">\n<section class=\"align-heading-left\" data-reactroot=\"\">\n<div class=\"long-description-container body-copy \">\n<div class=\"html-fragment\">Bienvenido a tu nuevo trabajo en Freddy Fazbear&#8217;s Pizza, \u00a1donde la fantas\u00eda y la diversi\u00f3n cobran vida!\u00a0Descubre por qu\u00e9 ni\u00f1os y adultos aman a Freddy y sus amigos animatr\u00f3nicos mientras sobrevives a una serie de encuentros aterradores con el elenco de m\u00e1quinas asesinas que deambulan por los pasillos de la pizzer\u00eda por la noche en busca de visitantes no deseados.\u00a0Recuerde: Fazbear Entertainment no es responsable de la muerte o desmembramiento accidental o intencional.<\/div>\n<\/div>\n<\/section>\n<\/div>\n<\/div>\n<\/div>\n<\/div>\n<div class=\"embedded-component-container lv product-features\">\n<h3><\/h3>\n<h3 class=\"heading-5 v-fw-regular feature-heading\"><strong>Caracter\u00edsticas<\/strong><\/h3>\n<ul>\n<li><strong>Dos a\u00f1os de freddy<\/strong><br \/>\nLa colecci\u00f3n principal incluye los primeros cinco t\u00edtulos principales del universo FNAF que lo empezaron todo: Five Nights at Freddy&#8217;s, Five Nights at Freddy&#8217;s 2, Five Nights at Freddy&#8217;s 3, Five Nights at Freddy&#8217;s 4 y Five Nights at Freddy&#8217;s: Sister Location.<\/li>\n<li><strong>Celebra con nuevos amigos<\/strong><br \/>\nConozca a un colorido elenco de compa\u00f1eros rob\u00f3ticos que est\u00e1n listos para darle la bienvenida a la familia Fazbear, incluidos Bonnie, Chica, Foxy y el propio Freddy Fazbear.<\/li>\n<li><strong>Al escondite<\/strong><br \/>\nSobrevive la noche monitoreando la actividad sospechosa de los animatr\u00f3nicos embrujados que cobran vida en la noche. Ellos pueden correr, pero t\u00fa puedes esconderte.<\/li>\n<li><strong>Funciones exclusivas de la consola<\/strong><br \/>\nUn nuevo sistema de trofeos y logros, as\u00ed como trucos opcionales que dan nuevas razones para volver a visitar Fazbear Entertainment.<\/li>\n<\/ul>\n<\/div>\n","protected":false},"excerpt":{"rendered":"<p>Bienvenido a tu nuevo trabajo en Freddy Fazbear&#8217;s Pizza, \u00a1donde la fantas\u00eda y la diversi\u00f3n cobran vida!\u00a0Descubre por qu\u00e9 ni\u00f1os y adultos aman a Freddy y sus amigos animatr\u00f3nicos mientras<\/p>\n","protected":false},"featured_media":92425,"comment_status":"open","ping_status":"closed","template":"","meta":{"_acf_changed":false,"_joinchat":[]},"product_brand":[],"product_cat":[1515,277,894],"product_tag":[],"class_list":{"0":"post-92424","1":"product","2":"type-product","3":"status-publish","4":"has-post-thumbnail","6":"product_cat-ofetas-zonagamer","7":"product_cat-zona-gamer","8":"product_cat-videojuegos","10":"first","11":"instock","12":"sale","13":"shipping-taxable","14":"purchasable","15":"product-type-simple"},"acf":[],"_links":{"self":[{"href":"https:\/\/defabrica.com.mx\/defabrica\/wp-json\/wp\/v2\/product\/92424","targetHints":{"allow":["GET"]}}],"collection":[{"href":"https:\/\/defabrica.com.mx\/defabrica\/wp-json\/wp\/v2\/product"}],"about":[{"href":"https:\/\/defabrica.com.mx\/defabrica\/wp-json\/wp\/v2\/types\/product"}],"replies":[{"embeddable":true,"href":"https:\/\/defabrica.com.mx\/defabrica\/wp-json\/wp\/v2\/comments?post=92424"}],"wp:featuredmedia":[{"embeddable":true,"href":"https:\/\/defabrica.com.mx\/defabrica\/wp-json\/wp\/v2\/media\/92425"}],"wp:attachment":[{"href":"https:\/\/defabrica.com.mx\/defabrica\/wp-json\/wp\/v2\/media?parent=92424"}],"wp:term":[{"taxonomy":"product_brand","embeddable":true,"href":"https:\/\/defabrica.com.mx\/defabrica\/wp-json\/wp\/v2\/product_brand?post=92424"},{"taxonomy":"product_cat","embeddable":true,"href":"https:\/\/defabrica.com.mx\/defabrica\/wp-json\/wp\/v2\/product_cat?post=92424"},{"taxonomy":"product_tag","embeddable":true,"href":"https:\/\/defabrica.com.mx\/defabrica\/wp-json\/wp\/v2\/product_tag?post=92424"}],"curies":[{"name":"wp","href":"https:\/\/api.w.org\/{rel}","templated":true}]}}