{"id":92417,"date":"2022-07-21T23:51:22","date_gmt":"2022-07-22T04:51:22","guid":{"rendered":"https:\/\/defabrica.com.mx\/defabrica\/?post_type=product&#038;p=92417"},"modified":"2022-07-21T23:51:22","modified_gmt":"2022-07-22T04:51:22","slug":"rims-racing-sim-nintendo-switch","status":"publish","type":"product","link":"https:\/\/defabrica.com.mx\/defabrica\/producto\/rims-racing-sim-nintendo-switch\/","title":{"rendered":"RiMS Racing Sim &#8211; Nintendo Switch"},"content":{"rendered":"<p><span>\u00a1RiMS Racing es la primera simulaci\u00f3n de motos que combina un desaf\u00edo de carrera realista junto con la ingenier\u00eda y la mec\u00e1nica!\u00a0<\/span><span>Conduce las motos m\u00e1s potentes del mundo y optimiza su rendimiento intercambiando piezas, analizando datos en tiempo real y realizando un seguimiento del desgaste de los componentes individuales.<\/span><\/p>\n<h3 class=\"heading-5 v-fw-regular feature-heading\"><strong>Caracter\u00edsticas<\/strong><\/h3>\n<ul>\n<li><strong>Un garaje de ensue\u00f1o<\/strong><br \/>\n\u00a1Puedes conducir las 8 motocicletas europeas y japonesas m\u00e1s poderosas del mundo! Incluyendo la Ducati Panigale V4 R, MV Agusta F4 RC, Aprilia RSV4, BMW M 1000 RR, Suzuki GSX-R1000R, Honda CBR1000RR, Kawasaki Ninja ZX-10RR o la Yamaha YZF-R1.<\/li>\n<li><strong>Optimiza tu Moto<\/strong><br \/>\nCon un sistema de gesti\u00f3n de mec\u00e1nica nunca antes visto en una simulaci\u00f3n de moto, puedes desmontar todas las piezas de tu moto para mantenerlas despu\u00e9s de cada carrera o actualizarlas y potenciar tu rendimiento.<\/li>\n<li><strong>Analice su rendimiento<\/strong><br \/>\nAl igual que para un ciclista real, la configuraci\u00f3n de su motocicleta se puede adaptar a su estilo de conducci\u00f3n y la forma en que corre afectar\u00e1 el desgaste gradual de cada componente y los efectos en el rendimiento que sigue.<\/li>\n<\/ul>\n","protected":false},"excerpt":{"rendered":"<p>\u00a1RiMS Racing es la primera simulaci\u00f3n de motos que combina un desaf\u00edo de carrera realista junto con la ingenier\u00eda y la mec\u00e1nica!\u00a0Conduce las motos m\u00e1s potentes del mundo y optimiza<\/p>\n","protected":false},"featured_media":92418,"comment_status":"open","ping_status":"closed","template":"","meta":{"_acf_changed":false,"_joinchat":[]},"product_brand":[],"product_cat":[277,894],"product_tag":[],"class_list":{"0":"post-92417","1":"product","2":"type-product","3":"status-publish","4":"has-post-thumbnail","6":"product_cat-zona-gamer","7":"product_cat-videojuegos","9":"first","10":"instock","11":"sale","12":"shipping-taxable","13":"purchasable","14":"product-type-simple"},"acf":[],"_links":{"self":[{"href":"https:\/\/defabrica.com.mx\/defabrica\/wp-json\/wp\/v2\/product\/92417","targetHints":{"allow":["GET"]}}],"collection":[{"href":"https:\/\/defabrica.com.mx\/defabrica\/wp-json\/wp\/v2\/product"}],"about":[{"href":"https:\/\/defabrica.com.mx\/defabrica\/wp-json\/wp\/v2\/types\/product"}],"replies":[{"embeddable":true,"href":"https:\/\/defabrica.com.mx\/defabrica\/wp-json\/wp\/v2\/comments?post=92417"}],"wp:featuredmedia":[{"embeddable":true,"href":"https:\/\/defabrica.com.mx\/defabrica\/wp-json\/wp\/v2\/media\/92418"}],"wp:attachment":[{"href":"https:\/\/defabrica.com.mx\/defabrica\/wp-json\/wp\/v2\/media?parent=92417"}],"wp:term":[{"taxonomy":"product_brand","embeddable":true,"href":"https:\/\/defabrica.com.mx\/defabrica\/wp-json\/wp\/v2\/product_brand?post=92417"},{"taxonomy":"product_cat","embeddable":true,"href":"https:\/\/defabrica.com.mx\/defabrica\/wp-json\/wp\/v2\/product_cat?post=92417"},{"taxonomy":"product_tag","embeddable":true,"href":"https:\/\/defabrica.com.mx\/defabrica\/wp-json\/wp\/v2\/product_tag?post=92417"}],"curies":[{"name":"wp","href":"https:\/\/api.w.org\/{rel}","templated":true}]}}