{"id":92369,"date":"2022-07-21T20:28:12","date_gmt":"2022-07-22T01:28:12","guid":{"rendered":"https:\/\/defabrica.com.mx\/defabrica\/?post_type=product&#038;p=92369"},"modified":"2023-01-19T13:47:53","modified_gmt":"2023-01-19T19:47:53","slug":"samsung-odyssey-gaming-crg5-series-monitor-led-curvo-fhd-freesync-de-24-negro","status":"publish","type":"product","link":"https:\/\/defabrica.com.mx\/defabrica\/producto\/samsung-odyssey-gaming-crg5-series-monitor-led-curvo-fhd-freesync-de-24-negro\/","title":{"rendered":"Samsung &#8211; Odyssey Gaming CRG5 Series Monitor LED curvo FHD FreeSync de 24&#8243; &#8211; Negro"},"content":{"rendered":"<div class=\"embedded-component-container lv product-description\">\n<div>\n<div id=\"shop-product-description-10711045\" class=\"_none\" data-version=\"1.3.46\">\n<div class=\"shop-product-description\">\n<section class=\"align-heading-left\" data-reactroot=\"\">\n<div class=\"long-description-container body-copy \">\n<div class=\"html-fragment\">La pantalla curva CRG5 de 24 pulgadas de Samsung lo atrae y lo sumerge en la acci\u00f3n y con una frecuencia de actualizaci\u00f3n de 144 Hz le brinda im\u00e1genes claras incluso en escenas de acci\u00f3n r\u00e1pida.<\/div>\n<\/div>\n<\/section>\n<\/div>\n<\/div>\n<\/div>\n<\/div>\n<div class=\"embedded-component-container lv product-features\">\n<h3><\/h3>\n<h3 class=\"heading-5 v-fw-regular feature-heading\"><strong>Caracter\u00edsticas<\/strong><\/h3>\n<ul>\n<li><strong>Sum\u00e9rgete en la curva<\/strong><br \/>\nSum\u00e9rgete por completo en cada juego con una pantalla curva 1800R. No importa lo que est\u00e9s jugando, ten la sensaci\u00f3n de ser atra\u00eddo mientras el mundo de tu juego te envuelve.<\/li>\n<li><strong>Im\u00e1genes suaves y r\u00e1pidas<\/strong><br \/>\nAcci\u00f3n suave y clara pr\u00e1cticamente en todo momento. Una frecuencia de actualizaci\u00f3n de hasta 144 Hz te pone por delante, incluso en los juegos m\u00e1s exigentes. Detecta al enemigo al instante y nota peque\u00f1os cambios cruciales en cada escena.<\/li>\n<li><strong>Acci\u00f3n impecable<\/strong><br \/>\nNo m\u00e1s juegos entrecortados. AMD Radeon FreeSync\u2122 pr\u00e1cticamente elimina los desgarros de imagen para juegos excepcionalmente fluidos y de acci\u00f3n r\u00e1pida. Con una frecuencia de actualizaci\u00f3n de pantalla adaptada din\u00e1micamente, incluso las escenas de juego m\u00e1s complejas son perfectas y pr\u00e1cticamente sin interrupciones.<\/li>\n<li><strong>Construido para juegos<\/strong><br \/>\nConsigue la configuraci\u00f3n ideal para tu juego. El modo de juego ajusta de manera \u00f3ptima los niveles de gama negra, el contraste, la nitidez y el color para cualquier g\u00e9nero de juego. El modo Low Input Lag minimiza los retrasos entre los dispositivos de entrada y la pantalla.<\/li>\n<li><strong>Ver detalles en la oscuridad<\/strong><br \/>\nNo les des d\u00f3nde esconderse. Una enorme relaci\u00f3n de contraste de 3000:1 te permite ver objetos peligrosos o enemigos con mayor claridad. Los negros son m\u00e1s profundos y los blancos m\u00e1s brillantes con m\u00e1s niveles de sombras en el medio. Incluso cuando los enemigos se esconden en la oscuridad, puedes detectarlos r\u00e1pidamente.<\/li>\n<li><strong>Juega&#8230; y sigue<\/strong><br \/>\nJuega durante m\u00e1s tiempo. El modo Eye Saver minimiza la luz azul lo suficiente como para mantener los ojos relajados y c\u00f3modos cuando se juega durante per\u00edodos prolongados. La tecnolog\u00eda Flicker Free elimina continuamente el molesto e irritante parpadeo de la pantalla para que pueda concentrarse durante m\u00e1s tiempo con menos distracciones o fatiga visual.<\/li>\n<\/ul>\n<\/div>\n","protected":false},"excerpt":{"rendered":"<p>La pantalla curva CRG5 de 24 pulgadas de Samsung lo atrae y lo sumerge en la acci\u00f3n y con una frecuencia de actualizaci\u00f3n de 144 Hz le brinda im\u00e1genes claras<\/p>\n","protected":false},"featured_media":92370,"comment_status":"open","ping_status":"closed","template":"","meta":{"_acf_changed":false,"_joinchat":[]},"product_brand":[],"product_cat":[277,280,433],"product_tag":[],"class_list":{"0":"post-92369","1":"product","2":"type-product","3":"status-publish","4":"has-post-thumbnail","6":"product_cat-zona-gamer","7":"product_cat-pc-gaming","8":"product_cat-monitores-gamer","10":"first","11":"instock","12":"sale","13":"shipping-taxable","14":"purchasable","15":"product-type-simple"},"acf":[],"_links":{"self":[{"href":"https:\/\/defabrica.com.mx\/defabrica\/wp-json\/wp\/v2\/product\/92369","targetHints":{"allow":["GET"]}}],"collection":[{"href":"https:\/\/defabrica.com.mx\/defabrica\/wp-json\/wp\/v2\/product"}],"about":[{"href":"https:\/\/defabrica.com.mx\/defabrica\/wp-json\/wp\/v2\/types\/product"}],"replies":[{"embeddable":true,"href":"https:\/\/defabrica.com.mx\/defabrica\/wp-json\/wp\/v2\/comments?post=92369"}],"wp:featuredmedia":[{"embeddable":true,"href":"https:\/\/defabrica.com.mx\/defabrica\/wp-json\/wp\/v2\/media\/92370"}],"wp:attachment":[{"href":"https:\/\/defabrica.com.mx\/defabrica\/wp-json\/wp\/v2\/media?parent=92369"}],"wp:term":[{"taxonomy":"product_brand","embeddable":true,"href":"https:\/\/defabrica.com.mx\/defabrica\/wp-json\/wp\/v2\/product_brand?post=92369"},{"taxonomy":"product_cat","embeddable":true,"href":"https:\/\/defabrica.com.mx\/defabrica\/wp-json\/wp\/v2\/product_cat?post=92369"},{"taxonomy":"product_tag","embeddable":true,"href":"https:\/\/defabrica.com.mx\/defabrica\/wp-json\/wp\/v2\/product_tag?post=92369"}],"curies":[{"name":"wp","href":"https:\/\/api.w.org\/{rel}","templated":true}]}}