{"id":92363,"date":"2022-07-21T20:24:47","date_gmt":"2022-07-22T01:24:47","guid":{"rendered":"https:\/\/defabrica.com.mx\/defabrica\/?post_type=product&#038;p=92363"},"modified":"2023-01-19T13:47:17","modified_gmt":"2023-01-19T19:47:17","slug":"samsung-odyssey-27-qhd-ips-165hz-1ms-freesync-y-g-sync-monitor-para-juegos-compatible-con-hdr-negro","status":"publish","type":"product","link":"https:\/\/defabrica.com.mx\/defabrica\/producto\/samsung-odyssey-27-qhd-ips-165hz-1ms-freesync-y-g-sync-monitor-para-juegos-compatible-con-hdr-negro\/","title":{"rendered":"Samsung &#8211; Odyssey 27&#8243; QHD IPS 165Hz 1ms FreeSync y G-Sync Monitor para juegos compatible con HDR &#8211; Negro"},"content":{"rendered":"<div class=\"embedded-component-container lv product-description\">\n<div>\n<div id=\"shop-product-description-75853855\" class=\"_none\" data-version=\"1.3.46\">\n<div class=\"shop-product-description\">\n<section class=\"align-heading-left\" data-reactroot=\"\">\n<div class=\"long-description-container body-copy \">\n<div class=\"html-fragment\">Cuando se trata del rendimiento de los juegos, la m\u00e1s m\u00ednima desventaja puede ser la diferencia entre ganar o perder un partido.\u00a0Con una frecuencia de actualizaci\u00f3n de 165 Hz, un tiempo de respuesta ultrarr\u00e1pido de 1 ms (GTG), compatibilidad total con G-Sync adaptable y soporte FreeSync Premium, puede estar seguro de que la Odyssey G50A no lo defraudar\u00e1 en el campo de batalla.<\/div>\n<\/div>\n<\/section>\n<\/div>\n<\/div>\n<\/div>\n<\/div>\n<div class=\"embedded-component-container lv product-features\">\n<h3><\/h3>\n<h3 class=\"heading-5 v-fw-regular feature-heading\"><strong>Caracter\u00edsticas<\/strong><\/h3>\n<ul>\n<li><strong>Vaya m\u00e1s all\u00e1 con la Odyssey G50A<\/strong><br \/>\nCuando se trata de calidad visual, la Odyssey G50A es insuperable. Desbloquee la profundidad oculta con HDR10 y vea m\u00e1s con la resoluci\u00f3n Quad HD, para que pueda estar seguro de que cuando se trata de una imagen excepcional, el G50A supera su peso.<\/li>\n<li><strong>Avance desde el est\u00e1ndar, con HDR10<\/strong><br \/>\nVea m\u00e1s, con HDR10 de Odyssey. El G50A le permite ver un mundo de detalles ocultos al que solo se puede acceder a trav\u00e9s de HDR10.<\/li>\n<li><strong>Frecuencia de actualizaci\u00f3n supercargada de 165 hz<\/strong><br \/>\nPotencie su frecuencia de actualizaci\u00f3n con la Odyssey G50A. Con una frecuencia de actualizaci\u00f3n s\u00faper suave de 165 Hz, nunca querr\u00e1s volver a 60 Hz.\u00b9<\/li>\n<li><strong>Tiempos de respuesta ultrarr\u00e1pidos de 1 ms<\/strong><br \/>\nUna fracci\u00f3n de segundo puede ser la diferencia entre una victoria o una derrota. Con el tiempo de respuesta de 1 ms de gris a gris (GTG) del G50A, puede estar seguro de que est\u00e1 recibiendo informaci\u00f3n tan r\u00e1pido como sea tecnol\u00f3gicamente posible.<\/li>\n<li><strong>Soporte Premium completo de G-Sync y FreeSync<\/strong><br \/>\nDejar marcos significa perder posibilidades de encabezar las tablas de clasificaci\u00f3n. Con compatibilidad con G-Sync y FreeSync Premium, la Odyssey G50A coincide con cada cuadro de su tarjeta gr\u00e1fica, para que nunca se quede corto de un momento a otro.<\/li>\n<li><strong>Ve tu juego a tu manera<\/strong><br \/>\nCon la capacidad de montaje VESA, puede montar la Odyssey G50A como y donde quiera. Con los ajustes de giro, inclinaci\u00f3n, pivote y altura, puede colocar el G50A exactamente como lo necesita para maximizar su experiencia.<\/li>\n<li><strong>Revela los lados ocultos del juego.<\/strong><br \/>\nMantenga su ojo en la victoria. Ajusta tu pantalla a 21:9 para descubrir \u00e1reas ocultas en las escenas del juego con Ultrawide Game View.<\/li>\n<\/ul>\n<\/div>\n","protected":false},"excerpt":{"rendered":"<p>Cuando se trata del rendimiento de los juegos, la m\u00e1s m\u00ednima desventaja puede ser la diferencia entre ganar o perder un partido.\u00a0Con una frecuencia de actualizaci\u00f3n de 165 Hz, un<\/p>\n","protected":false},"featured_media":92364,"comment_status":"open","ping_status":"closed","template":"","meta":{"_acf_changed":false,"_joinchat":[]},"product_brand":[],"product_cat":[277,280,433],"product_tag":[],"class_list":{"0":"post-92363","1":"product","2":"type-product","3":"status-publish","4":"has-post-thumbnail","6":"product_cat-zona-gamer","7":"product_cat-pc-gaming","8":"product_cat-monitores-gamer","10":"first","11":"instock","12":"sale","13":"shipping-taxable","14":"purchasable","15":"product-type-simple"},"acf":[],"_links":{"self":[{"href":"https:\/\/defabrica.com.mx\/defabrica\/wp-json\/wp\/v2\/product\/92363","targetHints":{"allow":["GET"]}}],"collection":[{"href":"https:\/\/defabrica.com.mx\/defabrica\/wp-json\/wp\/v2\/product"}],"about":[{"href":"https:\/\/defabrica.com.mx\/defabrica\/wp-json\/wp\/v2\/types\/product"}],"replies":[{"embeddable":true,"href":"https:\/\/defabrica.com.mx\/defabrica\/wp-json\/wp\/v2\/comments?post=92363"}],"wp:featuredmedia":[{"embeddable":true,"href":"https:\/\/defabrica.com.mx\/defabrica\/wp-json\/wp\/v2\/media\/92364"}],"wp:attachment":[{"href":"https:\/\/defabrica.com.mx\/defabrica\/wp-json\/wp\/v2\/media?parent=92363"}],"wp:term":[{"taxonomy":"product_brand","embeddable":true,"href":"https:\/\/defabrica.com.mx\/defabrica\/wp-json\/wp\/v2\/product_brand?post=92363"},{"taxonomy":"product_cat","embeddable":true,"href":"https:\/\/defabrica.com.mx\/defabrica\/wp-json\/wp\/v2\/product_cat?post=92363"},{"taxonomy":"product_tag","embeddable":true,"href":"https:\/\/defabrica.com.mx\/defabrica\/wp-json\/wp\/v2\/product_tag?post=92363"}],"curies":[{"name":"wp","href":"https:\/\/api.w.org\/{rel}","templated":true}]}}