{"id":92355,"date":"2022-07-21T20:21:14","date_gmt":"2022-07-22T01:21:14","guid":{"rendered":"https:\/\/defabrica.com.mx\/defabrica\/?post_type=product&#038;p=92355"},"modified":"2023-01-19T13:46:33","modified_gmt":"2023-01-19T19:46:33","slug":"samsung-odyssey-neo-g8-32-mini-led-curvo-4k-uhd-240hz-1ms-freesync-premium-pro-monitor-para-juegos-blanco","status":"publish","type":"product","link":"https:\/\/defabrica.com.mx\/defabrica\/producto\/samsung-odyssey-neo-g8-32-mini-led-curvo-4k-uhd-240hz-1ms-freesync-premium-pro-monitor-para-juegos-blanco\/","title":{"rendered":"Samsung &#8211; Odyssey Neo G8 32&#8243; Mini LED curvo 4K UHD 240Hz 1ms FreeSync Premium Pro Monitor para juegos &#8211; Blanco"},"content":{"rendered":"<div class=\"embedded-component-container lv product-description\">\n<div>\n<div id=\"shop-product-description-15380861\" class=\"_none\" data-version=\"1.3.46\">\n<div class=\"shop-product-description\">\n<section class=\"align-heading-left\" data-reactroot=\"\">\n<div class=\"long-description-container body-copy \">\n<div class=\"html-fragment\">La tecnolog\u00eda Quantum Matrix, HDR 2000 y la resoluci\u00f3n UHD se unen para obtener una imagen n\u00edtida.\u00a0La frecuencia de actualizaci\u00f3n de 240 Hz y el tiempo de respuesta de 1 ms admiten un juego m\u00e1s fluido.\u00a0La pantalla mate permite una mejor inmersi\u00f3n en los juegos.<\/div>\n<\/div>\n<\/section>\n<\/div>\n<\/div>\n<\/div>\n<\/div>\n<div class=\"embedded-component-container lv product-features\">\n<h3><\/h3>\n<h3 class=\"heading-5 v-fw-regular feature-heading\"><strong>Caracter\u00edsticas<\/strong><\/h3>\n<ul>\n<li><strong>Calidad visual fascinante<\/strong><br \/>\nQuantum Mini-LED, que logra profundidad de \u00faltima generaci\u00f3n con Quantum HDR2000, ofrece una calidad de imagen excepcional, lo que coloca a Odyssey Neo en su propia clase.<\/li>\n<li><strong>Inmersi\u00f3n que dobla la realidad<\/strong><br \/>\nReflejando el arco del ojo humano, la curvatura 1000R hace realidad los mundos de los juegos, rodeando a los jugadores para una inmersi\u00f3n m\u00e1s profunda y un juego m\u00e1s satisfactorio.<\/li>\n<li><strong>Desempe\u00f1o de clase mundial<\/strong><br \/>\nUn paso en falso puede ser la diferencia entre la victoria y la derrota. Encabece la clasificaci\u00f3n con el primer monitor de juegos 4K del mundo con una frecuencia de actualizaci\u00f3n de 240 Hz, junto con un tiempo de respuesta de 1 ms y FreeSync Premium pro<\/li>\n<li><strong>Tecnolog\u00eda de matriz cu\u00e1ntica<\/strong><br \/>\nUna experiencia visual inigualable. La revolucionaria tecnolog\u00eda Quantum Matrix con Quantum Mini LED crea un brillo controlado y un contraste perfecto para una definici\u00f3n refinada.<\/li>\n<li><strong>Las zonas de atenuaci\u00f3n locales se incrementaron a 1196 y se combinaron con los niveles de negro de 12 bits m\u00e1s altos para crear una calidad de imagen inigualable.<\/strong><\/li>\n<li><strong>HDR cu\u00e1ntico 2000<\/strong><br \/>\nVea cada detalle en todo su esplendor. Desde sombras sombr\u00edas hasta escenas quemadas por el sol, el brillo m\u00e1ximo de 2000 nit y la relaci\u00f3n de contraste de 1 000 000:1 permiten una mayor expresi\u00f3n y profundidad del color.<\/li>\n<li><strong>Obtenga una ventaja competitiva mientras juega juegos de Ray Tracing al detectar enemigos ocultos usando sus reflejos.<\/strong><\/li>\n<li><strong>Resoluci\u00f3n UHD y frecuencia de actualizaci\u00f3n de 240 Hz<\/strong><br \/>\nNing\u00fan otro monitor se le acerca. Con la frecuencia de actualizaci\u00f3n m\u00e1s r\u00e1pida de 240 Hz entre los monitores de juegos 4K, el G85NB recibi\u00f3 el premio Best of Innovation en CES 2022.<\/li>\n<li><strong>Contin\u00faa superando los l\u00edmites de las posibilidades de los monitores, brindando la velocidad, la inmersi\u00f3n y la profundidad necesarias para aprovechar todo el potencial de cada juego.<\/strong><\/li>\n<li><strong>AMD FreeSync Premium Pro<\/strong><br \/>\nHiperacci\u00f3n hecha perfecta. La compatibilidad con Adaptive-Sync con las tarjetas gr\u00e1ficas AMD Radeon y las tarjetas gr\u00e1ficas NVIDIA GeForce mantiene la GPU y el panel sincronizados para eliminar las interrupciones, el retraso de la pantalla y las im\u00e1genes rotas.<\/li>\n<li><strong>Las escenas de juego complejas y de acci\u00f3n r\u00e1pida son estables y sin interrupciones para su ventaja competitiva.<\/strong><\/li>\n<li><strong>curvatura 1000R<\/strong><br \/>\nLas escenas v\u00edvidas te envuelven a\u00fan m\u00e1s estrechamente. Experimente el pr\u00f3ximo nivel de juego emocionante que es superior a todo lo que haya visto antes. La pantalla s\u00faper ultra ancha 1000R de 32 pulgadas llena tu visi\u00f3n perif\u00e9rica y te pone en el lugar del personaje.<\/li>\n<li><strong>Dise\u00f1o de iluminaci\u00f3n central con CoreSync<\/strong><br \/>\nRod\u00e9ate de cada escena. Con iluminaci\u00f3n central, agregue personalidad a su configuraci\u00f3n con m\u00faltiples modos de color que saltan de la pantalla a su realidad.<\/li>\n<li><strong>Los juegos se escapan m\u00e1s all\u00e1 de la pantalla con la tecnolog\u00eda CoreSync que combina con los colores en pantalla de su juego para una inmersi\u00f3n que combina el mundo.<\/strong><\/li>\n<li><strong>Pantalla mate<\/strong><br \/>\nEnf\u00f3cate solo en lo que importa. La pantalla mate libre de distracciones absorbe, no refleja, la luz natural y artificial, manteni\u00e9ndote enfocado con l\u00e1ser durante las batallas m\u00e1s duras y los niveles m\u00e1s dif\u00edciles.<\/li>\n<li><strong>Vista de juego ultra ancha<\/strong><br \/>\nEncuentre m\u00e1s con la vista extendida. Descubre gemas ocultas o flanquea a los enemigos con total sigilo con la relaci\u00f3n de aspecto ultraancha de 21:9. El contexto adicional en cada partido te acerca a la cima de la tabla de clasificaci\u00f3n.<\/li>\n<li><strong>Cambio autom\u00e1tico de fuente+<\/strong><br \/>\nEncienda para jugar al instante. Con Auto Source Switch+, su monitor detecta cuando los dispositivos conectados est\u00e1n encendidos y cambia instant\u00e1neamente a la nueva fuente de se\u00f1al. Esto lo ayuda a llegar a la acci\u00f3n de su juego m\u00e1s r\u00e1pido sin pasar por m\u00faltiples fuentes de entrada.<\/li>\n<li><strong>Soporte ergon\u00f3mico<\/strong><\/li>\n<\/ul>\n<\/div>\n","protected":false},"excerpt":{"rendered":"<p>La tecnolog\u00eda Quantum Matrix, HDR 2000 y la resoluci\u00f3n UHD se unen para obtener una imagen n\u00edtida.\u00a0La frecuencia de actualizaci\u00f3n de 240 Hz y el tiempo de respuesta de 1<\/p>\n","protected":false},"featured_media":92356,"comment_status":"open","ping_status":"closed","template":"","meta":{"_acf_changed":false,"_joinchat":[]},"product_brand":[],"product_cat":[277,280,433],"product_tag":[],"class_list":{"0":"post-92355","1":"product","2":"type-product","3":"status-publish","4":"has-post-thumbnail","6":"product_cat-zona-gamer","7":"product_cat-pc-gaming","8":"product_cat-monitores-gamer","10":"first","11":"instock","12":"sale","13":"shipping-taxable","14":"purchasable","15":"product-type-simple"},"acf":[],"_links":{"self":[{"href":"https:\/\/defabrica.com.mx\/defabrica\/wp-json\/wp\/v2\/product\/92355","targetHints":{"allow":["GET"]}}],"collection":[{"href":"https:\/\/defabrica.com.mx\/defabrica\/wp-json\/wp\/v2\/product"}],"about":[{"href":"https:\/\/defabrica.com.mx\/defabrica\/wp-json\/wp\/v2\/types\/product"}],"replies":[{"embeddable":true,"href":"https:\/\/defabrica.com.mx\/defabrica\/wp-json\/wp\/v2\/comments?post=92355"}],"wp:featuredmedia":[{"embeddable":true,"href":"https:\/\/defabrica.com.mx\/defabrica\/wp-json\/wp\/v2\/media\/92356"}],"wp:attachment":[{"href":"https:\/\/defabrica.com.mx\/defabrica\/wp-json\/wp\/v2\/media?parent=92355"}],"wp:term":[{"taxonomy":"product_brand","embeddable":true,"href":"https:\/\/defabrica.com.mx\/defabrica\/wp-json\/wp\/v2\/product_brand?post=92355"},{"taxonomy":"product_cat","embeddable":true,"href":"https:\/\/defabrica.com.mx\/defabrica\/wp-json\/wp\/v2\/product_cat?post=92355"},{"taxonomy":"product_tag","embeddable":true,"href":"https:\/\/defabrica.com.mx\/defabrica\/wp-json\/wp\/v2\/product_tag?post=92355"}],"curies":[{"name":"wp","href":"https:\/\/api.w.org\/{rel}","templated":true}]}}