{"id":92342,"date":"2022-07-21T20:14:12","date_gmt":"2022-07-22T01:14:12","guid":{"rendered":"https:\/\/defabrica.com.mx\/defabrica\/?post_type=product&#038;p=92342"},"modified":"2023-01-19T13:44:55","modified_gmt":"2023-01-19T19:44:55","slug":"samsung-monitor-para-juegos-odyssey-de-49-led-curvado-dual-qhd-freesync-y-g-sync-de-la-serie-crg9-negro","status":"publish","type":"product","link":"https:\/\/defabrica.com.mx\/defabrica\/producto\/samsung-monitor-para-juegos-odyssey-de-49-led-curvado-dual-qhd-freesync-y-g-sync-de-la-serie-crg9-negro\/","title":{"rendered":"Samsung &#8211; Monitor para juegos Odyssey de 49&#8243; LED curvado Dual QHD FreeSync y G-Sync de la serie CRG9 &#8211; Negro"},"content":{"rendered":"<div class=\"embedded-component-container lv product-description\">\n<div>\n<div id=\"shop-product-description-97678544\" class=\"_none\" data-version=\"1.3.46\">\n<div class=\"shop-product-description\">\n<section class=\"align-heading-left\" data-reactroot=\"\">\n<div class=\"long-description-container body-copy \">\n<div class=\"html-fragment\">La pantalla dual QHD de 49 pulgadas equivale a dos pantallas QHD de 27 pulgadas una al lado de la otra, sumergi\u00e9ndote en los detalles.\u00a0AMD Radeon(TM) FreeSync(TM) 2 y la frecuencia de actualizaci\u00f3n de 120 Hz brindan im\u00e1genes n\u00edtidas, incluso en escenas de movimiento r\u00e1pido<\/div>\n<\/div>\n<\/section>\n<\/div>\n<\/div>\n<\/div>\n<\/div>\n<div class=\"embedded-component-container lv product-features\">\n<h3><\/h3>\n<h3 class=\"heading-5 v-fw-regular feature-heading\"><strong>Caracter\u00edsticas<\/strong><\/h3>\n<ul>\n<li><strong>Pantalla doble QHD<\/strong><br \/>\nLa resoluci\u00f3n Dual QHD de 5120 x 1440 del CRG9 proporciona una relaci\u00f3n de aspecto s\u00faper ultraancha que le permite ver m\u00e1s contenido con detalles superfinos. Con un espacio de pantalla equivalente a dos pantallas QHD de 27 pulgadas una al lado de la otra, el monitor curvo de 49 pulgadas ofrece una vista m\u00e1s amplia para ganar el juego.<\/li>\n<li><strong>Curva s\u00faper ultraancha<\/strong><br \/>\nCon una relaci\u00f3n Super Ultra-Wide 32:9, el CRG9 se curva alrededor de tu campo de visi\u00f3n para sumergirte en toda la acci\u00f3n de los juegos en pantalla.<\/li>\n<li><strong>HDR1000 y QLED<\/strong><br \/>\nHDR1000 admite una clasificaci\u00f3n de brillo m\u00e1ximo de 1000 nits para un verdadero rango din\u00e1mico alto (contenido HDR). Y con la tecnolog\u00eda Samsung QLED que brinda DCI-P3 95%, los colores son m\u00e1s puros, brillantes y reales que nunca.<\/li>\n<li><strong>AMD FreeSync Premium Pro<\/strong><br \/>\nBasado en la tecnolog\u00eda de sincronizaci\u00f3n adaptativa de la tecnolog\u00eda AMD FreeSync original para reducir el tartamudeo y el desgarro de la pantalla.<\/li>\n<li><strong>FreeSync Premium Pro incluye soporte para visualizaci\u00f3n de contenido HDR, latencia de entrada reducida y compensaci\u00f3n de baja frecuencia de cuadros (LFC) para un juego fluido y sin esfuerzo.<\/strong><\/li>\n<li><strong>Frecuencia de actualizaci\u00f3n de 120 Hz<\/strong><br \/>\nLa r\u00e1pida frecuencia de actualizaci\u00f3n de la pantalla de 120 Hz minimiza el retraso de la imagen y el desenfoque de movimiento para un juego m\u00e1s fluido. La configuraci\u00f3n de 60 Hz f\u00e1cil de usar le permite optimizar r\u00e1pidamente el rendimiento a trav\u00e9s de la visualizaci\u00f3n en pantalla sin tener que acceder al men\u00fa de configuraci\u00f3n de pantalla.<\/li>\n<li><strong>Jugar para ganar<\/strong><br \/>\nEl monitor optimizado para juegos est\u00e1 dise\u00f1ado para permitirle jugar para ganar.<\/li>\n<li><strong>Active el modo de juego para ajustar instant\u00e1neamente la configuraci\u00f3n de contraste y color para cualquier g\u00e9nero de juego, cambie al modo de retraso de entrada bajo para tiempos de respuesta a\u00fan m\u00e1s r\u00e1pidos y apunte a sus enemigos con mayor precisi\u00f3n con el punto de mira virtual en pantalla.<\/strong><\/li>\n<li><strong>Imagen por imagen<\/strong><br \/>\nCon Picture-by-Picture puede conectar y ver fuentes de entrada sin degradar la calidad de la imagen original. Picture-by-Picture ofrece comodidad para los juegos de PC. Por ejemplo, puede ver una pel\u00edcula y hacer una b\u00fasqueda en la web mientras juega su juego favorito.<\/li>\n<li><strong>Comodidad para los ojos<\/strong><br \/>\nEl modo Eye Saver reduce las emisiones de luz azul que provocan fatiga y la tecnolog\u00eda Flicker Free suprime el molesto parpadeo de la pantalla, lo que le permite jugar durante m\u00e1s tiempo con menos fatiga visual.<\/li>\n<li><strong>Visualizaci\u00f3n optimizada<\/strong><br \/>\nEl soporte giratorio\/inclinable y de altura ajustable ofrece toda la flexibilidad que necesita para colocar la pantalla con la m\u00e1xima comodidad. El montaje est\u00e1ndar VESA del panel tambi\u00e9n ofrece la opci\u00f3n de montaje en brazos compatibles con VESA.<\/li>\n<\/ul>\n<\/div>\n","protected":false},"excerpt":{"rendered":"<p>La pantalla dual QHD de 49 pulgadas equivale a dos pantallas QHD de 27 pulgadas una al lado de la otra, sumergi\u00e9ndote en los detalles.\u00a0AMD Radeon(TM) FreeSync(TM) 2 y la<\/p>\n","protected":false},"featured_media":92343,"comment_status":"open","ping_status":"closed","template":"","meta":{"_acf_changed":false,"_joinchat":[]},"product_brand":[],"product_cat":[277,280,433],"product_tag":[],"class_list":{"0":"post-92342","1":"product","2":"type-product","3":"status-publish","4":"has-post-thumbnail","6":"product_cat-zona-gamer","7":"product_cat-pc-gaming","8":"product_cat-monitores-gamer","10":"first","11":"instock","12":"sale","13":"shipping-taxable","14":"purchasable","15":"product-type-simple"},"acf":[],"_links":{"self":[{"href":"https:\/\/defabrica.com.mx\/defabrica\/wp-json\/wp\/v2\/product\/92342","targetHints":{"allow":["GET"]}}],"collection":[{"href":"https:\/\/defabrica.com.mx\/defabrica\/wp-json\/wp\/v2\/product"}],"about":[{"href":"https:\/\/defabrica.com.mx\/defabrica\/wp-json\/wp\/v2\/types\/product"}],"replies":[{"embeddable":true,"href":"https:\/\/defabrica.com.mx\/defabrica\/wp-json\/wp\/v2\/comments?post=92342"}],"wp:featuredmedia":[{"embeddable":true,"href":"https:\/\/defabrica.com.mx\/defabrica\/wp-json\/wp\/v2\/media\/92343"}],"wp:attachment":[{"href":"https:\/\/defabrica.com.mx\/defabrica\/wp-json\/wp\/v2\/media?parent=92342"}],"wp:term":[{"taxonomy":"product_brand","embeddable":true,"href":"https:\/\/defabrica.com.mx\/defabrica\/wp-json\/wp\/v2\/product_brand?post=92342"},{"taxonomy":"product_cat","embeddable":true,"href":"https:\/\/defabrica.com.mx\/defabrica\/wp-json\/wp\/v2\/product_cat?post=92342"},{"taxonomy":"product_tag","embeddable":true,"href":"https:\/\/defabrica.com.mx\/defabrica\/wp-json\/wp\/v2\/product_tag?post=92342"}],"curies":[{"name":"wp","href":"https:\/\/api.w.org\/{rel}","templated":true}]}}