{"id":92329,"date":"2022-07-21T20:07:17","date_gmt":"2022-07-22T01:07:17","guid":{"rendered":"https:\/\/defabrica.com.mx\/defabrica\/?post_type=product&#038;p=92329"},"modified":"2023-01-19T13:29:15","modified_gmt":"2023-01-19T19:29:15","slug":"samsung-odyssey-g5-27-led-curvo-1ms-wqhd-freesync-premium-165hz-monitor-para-juegos-negro","status":"publish","type":"product","link":"https:\/\/defabrica.com.mx\/defabrica\/producto\/samsung-odyssey-g5-27-led-curvo-1ms-wqhd-freesync-premium-165hz-monitor-para-juegos-negro\/","title":{"rendered":"Samsung &#8211; Odyssey G5 27&#8243; LED curvo 1ms WQHD FreeSync Premium 165Hz Monitor para juegos &#8211; Negro"},"content":{"rendered":"<div class=\"embedded-component-container lv product-description\">\n<div>\n<div id=\"shop-product-description-74615760\" class=\"_none\" data-version=\"1.3.46\">\n<div class=\"shop-product-description\">\n<section class=\"align-heading-left\" data-reactroot=\"\">\n<div class=\"long-description-container body-copy \">\n<div class=\"html-fragment\">Cuando se trata del rendimiento de los juegos, la m\u00e1s m\u00ednima desventaja puede ser la diferencia entre ganar o perder un partido.\u00a0Con una frecuencia de actualizaci\u00f3n de 165 Hz, un tiempo de respuesta ultrarr\u00e1pido de 1 ms (GTG) y compatibilidad con AMD FreeSync Premium, puede estar seguro de que la Odyssey G55A no lo defraudar\u00e1 en el campo de batalla.<\/div>\n<\/div>\n<\/section>\n<\/div>\n<\/div>\n<\/div>\n<\/div>\n<div class=\"embedded-component-container lv product-features\">\n<h3><\/h3>\n<h3 class=\"heading-5 v-fw-regular feature-heading\"><strong>Caracter\u00edsticas<\/strong><\/h3>\n<ul>\n<li><strong>Impresionante WQHD<\/strong><br \/>\nTu mundo de juego, ahora asombrosamente realista. Con 1,7 veces la densidad de p\u00edxeles de Full HD, la resoluci\u00f3n WQHD cuenta con im\u00e1genes incre\u00edblemente detalladas y n\u00edtidas. Experimente una vista m\u00e1s completa con m\u00e1s espacio para disfrutar de toda la acci\u00f3n.<\/li>\n<li><strong>Frecuencia de actualizaci\u00f3n de 165 Hz<\/strong><br \/>\nListo para conquistar enemigos, retrasos y desenfoque. La frecuencia de actualizaci\u00f3n ultrarr\u00e1pida de 165 Hz maneja incluso las escenas m\u00e1s emocionantes y las im\u00e1genes s\u00faper r\u00e1pidas.<\/li>\n<li><strong>tiempo de respuesta de 1ms<\/strong><br \/>\nHaz que cada movimiento cuente con un tiempo de respuesta de 1 ms. Salta sobre los enemigos en cuanto los veas y mantente al frente con movimientos precisos del mouse. Tu actuaci\u00f3n en pantalla es tan r\u00e1pida como tus propios reflejos.<\/li>\n<li><strong>Premium de AMD FreeSync<\/strong><br \/>\nJugabilidad fluida sin esfuerzo. AMD FreeSync Premium cuenta con tecnolog\u00eda de sincronizaci\u00f3n adaptativa que reduce el desgarro de la pantalla, el tartamudeo y la latencia de entrada. La compensaci\u00f3n de baja velocidad de fotogramas garantiza que cada escena fluya sin problemas.<\/li>\n<li><strong>HDR verdaderamente realista<\/strong><br \/>\nGr\u00e1ficos impresionantes con HDR10. Un caleidoscopio de sombras hace que las escenas del juego cobren vida de forma m\u00e1s vibrante que nunca. Descubra los secretos que se esconden en las sombras con negros oscuros profundos, blancos luminosos y una resoluci\u00f3n extraordinariamente detallada.<\/li>\n<\/ul>\n<\/div>\n","protected":false},"excerpt":{"rendered":"<p>Cuando se trata del rendimiento de los juegos, la m\u00e1s m\u00ednima desventaja puede ser la diferencia entre ganar o perder un partido.\u00a0Con una frecuencia de actualizaci\u00f3n de 165 Hz, un<\/p>\n","protected":false},"featured_media":92330,"comment_status":"open","ping_status":"closed","template":"","meta":{"_acf_changed":false,"_joinchat":[]},"product_brand":[],"product_cat":[277,280,433],"product_tag":[],"class_list":{"0":"post-92329","1":"product","2":"type-product","3":"status-publish","4":"has-post-thumbnail","6":"product_cat-zona-gamer","7":"product_cat-pc-gaming","8":"product_cat-monitores-gamer","10":"first","11":"instock","12":"sale","13":"shipping-taxable","14":"purchasable","15":"product-type-simple"},"acf":[],"_links":{"self":[{"href":"https:\/\/defabrica.com.mx\/defabrica\/wp-json\/wp\/v2\/product\/92329","targetHints":{"allow":["GET"]}}],"collection":[{"href":"https:\/\/defabrica.com.mx\/defabrica\/wp-json\/wp\/v2\/product"}],"about":[{"href":"https:\/\/defabrica.com.mx\/defabrica\/wp-json\/wp\/v2\/types\/product"}],"replies":[{"embeddable":true,"href":"https:\/\/defabrica.com.mx\/defabrica\/wp-json\/wp\/v2\/comments?post=92329"}],"wp:featuredmedia":[{"embeddable":true,"href":"https:\/\/defabrica.com.mx\/defabrica\/wp-json\/wp\/v2\/media\/92330"}],"wp:attachment":[{"href":"https:\/\/defabrica.com.mx\/defabrica\/wp-json\/wp\/v2\/media?parent=92329"}],"wp:term":[{"taxonomy":"product_brand","embeddable":true,"href":"https:\/\/defabrica.com.mx\/defabrica\/wp-json\/wp\/v2\/product_brand?post=92329"},{"taxonomy":"product_cat","embeddable":true,"href":"https:\/\/defabrica.com.mx\/defabrica\/wp-json\/wp\/v2\/product_cat?post=92329"},{"taxonomy":"product_tag","embeddable":true,"href":"https:\/\/defabrica.com.mx\/defabrica\/wp-json\/wp\/v2\/product_tag?post=92329"}],"curies":[{"name":"wp","href":"https:\/\/api.w.org\/{rel}","templated":true}]}}