{"id":92311,"date":"2022-07-21T19:57:20","date_gmt":"2022-07-22T00:57:20","guid":{"rendered":"https:\/\/defabrica.com.mx\/defabrica\/?post_type=product&#038;p=92311"},"modified":"2023-01-19T13:27:25","modified_gmt":"2023-01-19T19:27:25","slug":"samsung-ag900-series-odyssey-neo-g9-49-led-curvo-qhd-g-sync-monitor-para-juegos-negro","status":"publish","type":"product","link":"https:\/\/defabrica.com.mx\/defabrica\/producto\/samsung-ag900-series-odyssey-neo-g9-49-led-curvo-qhd-g-sync-monitor-para-juegos-negro\/","title":{"rendered":"Samsung &#8211; AG900 Series Odyssey Neo G9 49&#8243; LED curvo QHD G-SYNC Monitor para juegos &#8211; Negro"},"content":{"rendered":"<div class=\"embedded-component-container lv product-description\">\n<div>\n<div id=\"shop-product-description-29534757\" class=\"_none\" data-version=\"1.3.46\">\n<div class=\"shop-product-description\">\n<section class=\"align-heading-left\" data-reactroot=\"\">\n<div class=\"long-description-container body-copy \">\n<div class=\"html-fragment\">Una pantalla curva 1000R de 49\u201d que define la industria, equipada con un panel Quantum Matrix HDR2000 de vanguardia, frecuencia de actualizaci\u00f3n de 240 Hz, compatibilidad con G-Sync y FreeSync Premium Pro, velocidades de respuesta de 1 ms e iluminaci\u00f3n Odyssey Infinity Core totalmente personalizable.<\/div>\n<\/div>\n<\/section>\n<\/div>\n<\/div>\n<\/div>\n<\/div>\n<div class=\"embedded-component-container lv product-features\">\n<h3><\/h3>\n<h3 class=\"heading-5 v-fw-regular feature-heading\"><strong>Caracter\u00edsticas<\/strong><\/h3>\n<ul>\n<li><strong>El monitor de juegos 1000R m\u00e1s grande de Samsung<\/strong><br \/>\nEl Odyssey Neo G95NA es uno de los monitores de juegos m\u00e1s grandes de Samsung con una curva de radio de 1000.<\/li>\n<li><strong>Utilizando el conocimiento que define la industria, el G95NA coincide con la curvatura del ojo humano sin ninguna distorsi\u00f3n de la imagen, por lo que sus juegos pueden beneficiarse de un punto de vista mejorado, sin problemas de iluminaci\u00f3n o color.<\/strong><\/li>\n<li><strong>Ver m\u00e1s all\u00e1, con HDR2000<\/strong><br \/>\nQuantum HDR2000 es uno de los niveles HDR m\u00e1s altos disponibles en la tecnolog\u00eda de monitores para juegos. Un nivel de brillo verdaderamente exquisito, HDR2000 le permite ver los detalles m\u00e1s peque\u00f1os en cada escena, lo que le permite ver una profundidad que nunca supo que exist\u00eda.<\/li>\n<li><strong>Una nueva dimensi\u00f3n en el dise\u00f1o<\/strong><br \/>\nCon una curvatura 1000R inspirada en el ojo humano, una relaci\u00f3n de pantalla de 32:9 y la iluminaci\u00f3n CoreSync exclusiva de Samsung, Odyssey Neo ofrece la m\u00e1xima inmersi\u00f3n.<\/li>\n<li><strong>Al igualar la curvatura del ojo humano, Odyssey 1000R reduce la fatiga visual potencial hasta en un 87 %, lo que le permite realizar sesiones marat\u00f3nicas durante esas noches en las que solo necesita un turno m\u00e1s.<\/strong><\/li>\n<li><strong>Calidad visual fascinante<\/strong><br \/>\nQuantum Mini-LED, que logra profundidad de \u00faltima generaci\u00f3n con Quantum HDR2000, ofrece una calidad de imagen excepcional, lo que coloca a Odyssey Neo en su propia clase.<\/li>\n<li><strong>Las zonas de atenuaci\u00f3n locales se aumentaron a 2048 y se combinaron con los niveles de negro de 12 bits m\u00e1s altos para crear una calidad de imagen inigualable.<\/strong><\/li>\n<li><strong>Frecuencia de actualizaci\u00f3n r\u00e1pida de 240 Hz y tiempo de respuesta ultrarr\u00e1pido de 1 ms<\/strong><br \/>\nEncabezar las tablas de clasificaci\u00f3n nunca se vio ni se sinti\u00f3 tan suave. Con la frecuencia de actualizaci\u00f3n r\u00e1pida de 240 Hz de Odyssey Neo G95NA, tiene hasta cuatro veces m\u00e1s fotogramas en la pantalla cada segundo en comparaci\u00f3n con una pantalla tradicional.<\/li>\n<li><strong>Con una frecuencia de actualizaci\u00f3n de 240 Hz, tiempos de respuesta ultrarr\u00e1pidos de 1 ms y compatibilidad total con G-Sync y FreeSync Premium Pro adaptable, puede estar seguro de que la Odyssey Neo G95NA no lo defraudar\u00e1 en el campo de batalla.<\/strong><\/li>\n<li><strong>Entra en una nueva era de inmersi\u00f3n<\/strong><br \/>\nUna experiencia visual inigualable. La revolucionaria tecnolog\u00eda Quantum Matrix con Quantum Mini LED crea un brillo controlado y un contraste perfecto para una definici\u00f3n refinada.<\/li>\n<li><strong>Vaya m\u00e1s all\u00e1 con la Odyssey G95NA<\/strong><br \/>\nCon 49 pulgadas de ancho, la Odyssey Neo G95NA envuelve completamente tu vista y te permite perderte en cualquier mundo que decidas llamar hogar.<\/li>\n<li><strong>Desempe\u00f1o de clase mundial<\/strong><br \/>\nCuando se trata del rendimiento de los juegos, la m\u00e1s m\u00ednima desventaja puede ser la diferencia entre ganar o perder un partido.<\/li>\n<li><strong>Una fracci\u00f3n de segundo puede ser la diferencia entre la victoria y la derrota. Con el tiempo de respuesta gris a gris de 1 ms de la Odyssey Neo G95NA, puede estar seguro de que est\u00e1 recibiendo informaci\u00f3n tan r\u00e1pido como sea tecnol\u00f3gicamente posible.<\/strong><\/li>\n<li><strong>Tecnolog\u00eda QLED de vanguardia<\/strong><br \/>\nDesde los negros m\u00e1s profundos hasta los colores m\u00e1s vivos, Samsung QLED garantiza una calidad de imagen perfecta en cada cuadro. Al utilizar la tecnolog\u00eda Quantum Dot, Samsung QLED crea colores m\u00e1s vivos con aproximadamente un 125 % de reproducci\u00f3n de color sRGB, lo que garantiza la m\u00e1s alta clase de color.<\/li>\n<li><strong>Duplica tus descubrimientos<\/strong><br \/>\nEl mundo de los juegos de tu imaginaci\u00f3n hecho realidad. La resoluci\u00f3n DQHD de 49 pulgadas le brinda una pantalla tan ancha como dos monitores QHD colocados uno al lado del otro, con im\u00e1genes incre\u00edblemente detalladas y n\u00edtidas. Experimente una vista m\u00e1s amplia con el m\u00e1ximo espacio para disfrutar de toda la acci\u00f3n.<\/li>\n<li><strong>Soporte de G-Sync y FreeSync Premium Pro<\/strong><br \/>\nDejar marcos significa perder posibilidades de encabezar las tablas de clasificaci\u00f3n. Con compatibilidad con G-Sync y FreeSync Premium Pro, la Odyssey Neo G95NA coincide con cada cuadro de su tarjeta gr\u00e1fica, para que nunca se quede corto de un momento a otro.<\/li>\n<li><strong>Una nueva dimensi\u00f3n en el dise\u00f1o visual<\/strong><br \/>\nLa iluminaci\u00f3n Infinity Core de Odyssey es una adici\u00f3n llamativa a cualquier escritorio, ya que combina tecnolog\u00eda de punta con un dise\u00f1o visual sorprendente.<\/li>\n<li><strong>Haz que cada segundo cuente<\/strong><br \/>\nToma el control ganador. El retraso de entrada incre\u00edblemente bajo de 2 ms brinda una precisi\u00f3n de respuesta nunca antes experimentada para atrapar enemigos notoriamente \u00e1giles. Es tan r\u00e1pido que la acci\u00f3n comienza instant\u00e1neamente cuando enciendes la pantalla, pr\u00e1cticamente sin demora entre tus perif\u00e9ricos y el juego.<\/li>\n<li><strong>Aprovecha al m\u00e1ximo cada momento<\/strong><br \/>\nPicture-by-Picture, Picture-in-Picture y Easy Setting Box. Juega, mira, chatea, todo al mismo tiempo. Con PBP, vea la entrada de dos fuentes simult\u00e1neamente en su resoluci\u00f3n nativa.<\/li>\n<li><strong>Use PIP para cambiar el tama\u00f1o de la segunda fuente hasta un 25 % de la pantalla. Coloque ventanas en cualquier lugar con el Easy Setting Box SW de divisi\u00f3n de pantalla de Samsung.<\/strong><\/li>\n<li><strong>Conectar autom\u00e1ticamente, en un instante<\/strong><br \/>\nEncienda para jugar al instante. Con Auto Source Switch+, su monitor detecta cuando los dispositivos conectados est\u00e1n encendidos y cambia instant\u00e1neamente a la nueva fuente de se\u00f1al. Esto lo ayuda a llegar a la acci\u00f3n de su juego m\u00e1s r\u00e1pido sin pasar por m\u00faltiples fuentes de entrada.<\/li>\n<li><strong>Posici\u00f3n Perfecta<\/strong><br \/>\nPersonalice completamente el posicionamiento de su monitor Odyssey, con ajuste de giro, inclinaci\u00f3n, pivote y altura, o m\u00f3ntelo con las capacidades de montaje VESA est\u00e1ndar de la industria. M\u00faltiples puertos son de f\u00e1cil acceso y se conectan a sus dispositivos favoritos sin problemas.<\/li>\n<li><strong>Personaliza tus Core Colors con m\u00faltiples patrones de iluminaci\u00f3n<\/strong><br \/>\nPersonalice su Odyssey con una personalizaci\u00f3n de color central distintiva, lo que le permite combinar su monitor con el resto de su configuraci\u00f3n de juego.<\/li>\n<\/ul>\n<\/div>\n","protected":false},"excerpt":{"rendered":"<p>Una pantalla curva 1000R de 49\u201d que define la industria, equipada con un panel Quantum Matrix HDR2000 de vanguardia, frecuencia de actualizaci\u00f3n de 240 Hz, compatibilidad con G-Sync y FreeSync<\/p>\n","protected":false},"featured_media":92312,"comment_status":"open","ping_status":"closed","template":"","meta":{"_acf_changed":false,"_joinchat":[]},"product_brand":[],"product_cat":[277,280,433],"product_tag":[],"class_list":{"0":"post-92311","1":"product","2":"type-product","3":"status-publish","4":"has-post-thumbnail","6":"product_cat-zona-gamer","7":"product_cat-pc-gaming","8":"product_cat-monitores-gamer","10":"first","11":"instock","12":"sale","13":"shipping-taxable","14":"purchasable","15":"product-type-simple"},"acf":[],"_links":{"self":[{"href":"https:\/\/defabrica.com.mx\/defabrica\/wp-json\/wp\/v2\/product\/92311","targetHints":{"allow":["GET"]}}],"collection":[{"href":"https:\/\/defabrica.com.mx\/defabrica\/wp-json\/wp\/v2\/product"}],"about":[{"href":"https:\/\/defabrica.com.mx\/defabrica\/wp-json\/wp\/v2\/types\/product"}],"replies":[{"embeddable":true,"href":"https:\/\/defabrica.com.mx\/defabrica\/wp-json\/wp\/v2\/comments?post=92311"}],"wp:featuredmedia":[{"embeddable":true,"href":"https:\/\/defabrica.com.mx\/defabrica\/wp-json\/wp\/v2\/media\/92312"}],"wp:attachment":[{"href":"https:\/\/defabrica.com.mx\/defabrica\/wp-json\/wp\/v2\/media?parent=92311"}],"wp:term":[{"taxonomy":"product_brand","embeddable":true,"href":"https:\/\/defabrica.com.mx\/defabrica\/wp-json\/wp\/v2\/product_brand?post=92311"},{"taxonomy":"product_cat","embeddable":true,"href":"https:\/\/defabrica.com.mx\/defabrica\/wp-json\/wp\/v2\/product_cat?post=92311"},{"taxonomy":"product_tag","embeddable":true,"href":"https:\/\/defabrica.com.mx\/defabrica\/wp-json\/wp\/v2\/product_tag?post=92311"}],"curies":[{"name":"wp","href":"https:\/\/api.w.org\/{rel}","templated":true}]}}