{"id":92304,"date":"2022-07-21T19:53:40","date_gmt":"2022-07-22T00:53:40","guid":{"rendered":"https:\/\/defabrica.com.mx\/defabrica\/?post_type=product&#038;p=92304"},"modified":"2023-01-19T13:26:37","modified_gmt":"2023-01-19T19:26:37","slug":"samsung-g5-odyssey-monitor-curvo-para-juegos-de-34-con-frecuencia-de-actualizacion-de-165-hz-negro","status":"publish","type":"product","link":"https:\/\/defabrica.com.mx\/defabrica\/producto\/samsung-g5-odyssey-monitor-curvo-para-juegos-de-34-con-frecuencia-de-actualizacion-de-165-hz-negro\/","title":{"rendered":"Samsung &#8211; G5 Odyssey Monitor curvo para juegos de 34&#8243; con frecuencia de actualizaci\u00f3n de 165 Hz &#8211; Negro"},"content":{"rendered":"<div class=\"embedded-component-container lv product-description\">\n<div>\n<div id=\"shop-product-description-66096420\" class=\"_none\" data-version=\"1.3.46\">\n<div class=\"shop-product-description\">\n<section class=\"align-heading-left\" data-reactroot=\"\">\n<div class=\"long-description-container body-copy \">\n<div class=\"html-fragment\">La frecuencia de actualizaci\u00f3n ultrarr\u00e1pida de 165 Hz de Odyssey G5 garantiza escenas de acci\u00f3n impecablemente fluidas incluso en juegos con altas frecuencias de cuadros.\u00a0La gama Odyssey G5 te permite aprovechar al m\u00e1ximo los juegos que te encanta jugar, a un precio fant\u00e1stico.<\/div>\n<\/div>\n<\/section>\n<\/div>\n<\/div>\n<\/div>\n<\/div>\n<div class=\"embedded-component-container lv product-features\">\n<h3><\/h3>\n<h3 class=\"heading-5 v-fw-regular feature-heading\"><strong>Caracter\u00edsticas<\/strong><\/h3>\n<ul>\n<li><strong>Curva \u00f3ptima. Verdadera inmersi\u00f3n.<\/strong><br \/>\nEscenas v\u00edvidas te envuelven. La pantalla 1000R que lo abarca todo llena cada parte de su visi\u00f3n perif\u00e9rica y lo lleva directamente a los zapatos del personaje. Experimente un nivel de juego m\u00e1s emocionante que nunca.<\/li>\n<li><strong>Ultra WQHD<\/strong><br \/>\nGr\u00e1ficos que empujan los l\u00edmites. Ultra-WQHD le brinda una amplia vista que abarca el mundo de su juego, con detalles realistas. El gran tama\u00f1o ofrece una inmersi\u00f3n pura, eliminando el bisel central que distrae y los cables desordenados de una configuraci\u00f3n de monitor dual.<\/li>\n<li><strong>Frecuencia de actualizaci\u00f3n de 165 Hz<\/strong><br \/>\nListo para conquistar enemigos, retrasos y desenfoque. La frecuencia de actualizaci\u00f3n ultrarr\u00e1pida de 165 Hz maneja incluso las escenas m\u00e1s emocionantes y las im\u00e1genes s\u00faper r\u00e1pidas.<\/li>\n<li><strong>tiempo de respuesta de 1ms<\/strong><br \/>\nHaz que cada movimiento cuente con un tiempo de respuesta de 1 ms. Salta sobre los enemigos en cuanto los veas y mantente al frente con movimientos precisos del mouse. Tu actuaci\u00f3n en pantalla es tan r\u00e1pida como tus propios reflejos.<\/li>\n<li><strong>Premium de AMD FreeSync<\/strong><br \/>\nJugabilidad fluida sin esfuerzo. AMD FreeSync Premium cuenta con tecnolog\u00eda de sincronizaci\u00f3n adaptativa que reduce el desgarro de la pantalla, el tartamudeo y la latencia de entrada. La compensaci\u00f3n de baja velocidad de fotogramas garantiza que cada escena fluya sin problemas.<\/li>\n<li><strong>HDR verdaderamente realista<\/strong><br \/>\nGr\u00e1ficos impresionantes con HDR10. Un caleidoscopio de sombras hace que las escenas del juego cobren vida de forma m\u00e1s vibrante que nunca. Descubra los secretos que se esconden en las sombras con negros oscuros profundos, blancos luminosos y detalles sobresalientes.<\/li>\n<\/ul>\n<\/div>\n","protected":false},"excerpt":{"rendered":"<p>La frecuencia de actualizaci\u00f3n ultrarr\u00e1pida de 165 Hz de Odyssey G5 garantiza escenas de acci\u00f3n impecablemente fluidas incluso en juegos con altas frecuencias de cuadros.\u00a0La gama Odyssey G5 te permite<\/p>\n","protected":false},"featured_media":92305,"comment_status":"open","ping_status":"closed","template":"","meta":{"_acf_changed":false,"_joinchat":[]},"product_brand":[],"product_cat":[277,280,433],"product_tag":[],"class_list":{"0":"post-92304","1":"product","2":"type-product","3":"status-publish","4":"has-post-thumbnail","6":"product_cat-zona-gamer","7":"product_cat-pc-gaming","8":"product_cat-monitores-gamer","10":"first","11":"instock","12":"sale","13":"shipping-taxable","14":"purchasable","15":"product-type-simple"},"acf":[],"_links":{"self":[{"href":"https:\/\/defabrica.com.mx\/defabrica\/wp-json\/wp\/v2\/product\/92304","targetHints":{"allow":["GET"]}}],"collection":[{"href":"https:\/\/defabrica.com.mx\/defabrica\/wp-json\/wp\/v2\/product"}],"about":[{"href":"https:\/\/defabrica.com.mx\/defabrica\/wp-json\/wp\/v2\/types\/product"}],"replies":[{"embeddable":true,"href":"https:\/\/defabrica.com.mx\/defabrica\/wp-json\/wp\/v2\/comments?post=92304"}],"wp:featuredmedia":[{"embeddable":true,"href":"https:\/\/defabrica.com.mx\/defabrica\/wp-json\/wp\/v2\/media\/92305"}],"wp:attachment":[{"href":"https:\/\/defabrica.com.mx\/defabrica\/wp-json\/wp\/v2\/media?parent=92304"}],"wp:term":[{"taxonomy":"product_brand","embeddable":true,"href":"https:\/\/defabrica.com.mx\/defabrica\/wp-json\/wp\/v2\/product_brand?post=92304"},{"taxonomy":"product_cat","embeddable":true,"href":"https:\/\/defabrica.com.mx\/defabrica\/wp-json\/wp\/v2\/product_cat?post=92304"},{"taxonomy":"product_tag","embeddable":true,"href":"https:\/\/defabrica.com.mx\/defabrica\/wp-json\/wp\/v2\/product_tag?post=92304"}],"curies":[{"name":"wp","href":"https:\/\/api.w.org\/{rel}","templated":true}]}}