{"id":92291,"date":"2022-07-21T19:46:03","date_gmt":"2022-07-22T00:46:03","guid":{"rendered":"https:\/\/defabrica.com.mx\/defabrica\/?post_type=product&#038;p=92291"},"modified":"2023-01-19T13:25:13","modified_gmt":"2023-01-19T19:25:13","slug":"samsung-monitor-para-juegos-odyssey-g3-24-led-1ms-fhd-freesync-premium-165hz-negro","status":"publish","type":"product","link":"https:\/\/defabrica.com.mx\/defabrica\/producto\/samsung-monitor-para-juegos-odyssey-g3-24-led-1ms-fhd-freesync-premium-165hz-negro\/","title":{"rendered":"Samsung &#8211; Monitor para juegos Odyssey G3 24&#8243; LED 1ms FHD FreeSync Premium 165Hz &#8211; Negro"},"content":{"rendered":"<div class=\"embedded-component-container lv product-description\">\n<div>\n<div id=\"shop-product-description-88055142\" class=\"_none\" data-version=\"1.3.46\">\n<div class=\"shop-product-description\">\n<section class=\"align-heading-left\" data-reactroot=\"\">\n<div class=\"long-description-container body-copy \">\n<div class=\"html-fragment\">Los jugadores orientados al rendimiento necesitan un monitor que pueda mantenerse al d\u00eda.\u00a0Con frecuencias de actualizaci\u00f3n de hasta 165 Hz, tiempos de respuesta MPRT extremos de 1 ms y soporte completo de Freesync Premium, puede estar seguro de que el G32A tiene el rendimiento para mantenerse al d\u00eda con su habilidad.<\/div>\n<\/div>\n<\/section>\n<\/div>\n<\/div>\n<\/div>\n<\/div>\n<div class=\"embedded-component-container lv product-features\">\n<h3><\/h3>\n<h3 class=\"heading-5 v-fw-regular feature-heading\"><strong>Caracter\u00edsticas<\/strong><\/h3>\n<ul>\n<li><strong>Reaccionar en tiempo real<\/strong><br \/>\nConquista a todos los enemigos, incluso a gran velocidad. La frecuencia de actualizaci\u00f3n de 165 Hz elimina el retraso y el desenfoque de movimiento para un juego emocionante con una acci\u00f3n ultra suave.<\/li>\n<li><strong>Medir reacciones en milisegundos<\/strong><br \/>\nHaz que cada movimiento cuente con un tiempo de respuesta de 1 ms. Los p\u00edxeles de la pantalla cambian de color con una respuesta casi instant\u00e1nea, lo que permite que la acci\u00f3n de ritmo r\u00e1pido fluya con la precisi\u00f3n del mundo real. Tu actuaci\u00f3n en pantalla es tan r\u00e1pida como tus propios reflejos.<\/li>\n<li><strong>Flujo de juego ininterrumpido<\/strong><br \/>\nJugabilidad fluida sin esfuerzo. AMD FreeSync Premium cuenta con tecnolog\u00eda de sincronizaci\u00f3n adaptativa que reduce el desgarro de la pantalla, el tartamudeo y la latencia de entrada. La compensaci\u00f3n de baja velocidad de fotogramas garantiza que cada escena fluya sin problemas.<\/li>\n<li><strong>Ve tu juego a tu manera<\/strong><br \/>\nLlegar a la altura de ganar. Gira, inclina y ajusta tu monitor hasta que todos los enemigos est\u00e9n a la vista. Su pantalla se puede mover libremente para que pueda encontrar una comodidad de juego total.<\/li>\n<li><strong>Disfruta de la vista completa<\/strong><br \/>\nTu legado no tiene fronteras. El dise\u00f1o sin bordes de 3 lados revela el m\u00e1ximo espacio para un juego m\u00e1s grande y audaz. Alinee dos pantallas con precisi\u00f3n en una configuraci\u00f3n de monitor dual, para que ning\u00fan enemigo se escape.<\/li>\n<li><strong>Los ojos frescos ganan m\u00e1s<\/strong><br \/>\nJuega durante m\u00e1s tiempo. El modo Eye Saver minimiza la luz azul lo suficiente como para mantener los ojos relajados y c\u00f3modos cuando se juega durante per\u00edodos prolongados. La tecnolog\u00eda Flicker Free elimina continuamente el molesto e irritante parpadeo de la pantalla para que pueda concentrarse durante m\u00e1s tiempo con menos distracciones o fatiga visual.<\/li>\n<\/ul>\n<\/div>\n","protected":false},"excerpt":{"rendered":"<p>Los jugadores orientados al rendimiento necesitan un monitor que pueda mantenerse al d\u00eda.\u00a0Con frecuencias de actualizaci\u00f3n de hasta 165 Hz, tiempos de respuesta MPRT extremos de 1 ms y soporte<\/p>\n","protected":false},"featured_media":92292,"comment_status":"open","ping_status":"closed","template":"","meta":{"_acf_changed":false,"_joinchat":[]},"product_brand":[],"product_cat":[277,280,433],"product_tag":[],"class_list":{"0":"post-92291","1":"product","2":"type-product","3":"status-publish","4":"has-post-thumbnail","6":"product_cat-zona-gamer","7":"product_cat-pc-gaming","8":"product_cat-monitores-gamer","10":"first","11":"instock","12":"sale","13":"shipping-taxable","14":"purchasable","15":"product-type-simple"},"acf":[],"_links":{"self":[{"href":"https:\/\/defabrica.com.mx\/defabrica\/wp-json\/wp\/v2\/product\/92291","targetHints":{"allow":["GET"]}}],"collection":[{"href":"https:\/\/defabrica.com.mx\/defabrica\/wp-json\/wp\/v2\/product"}],"about":[{"href":"https:\/\/defabrica.com.mx\/defabrica\/wp-json\/wp\/v2\/types\/product"}],"replies":[{"embeddable":true,"href":"https:\/\/defabrica.com.mx\/defabrica\/wp-json\/wp\/v2\/comments?post=92291"}],"wp:featuredmedia":[{"embeddable":true,"href":"https:\/\/defabrica.com.mx\/defabrica\/wp-json\/wp\/v2\/media\/92292"}],"wp:attachment":[{"href":"https:\/\/defabrica.com.mx\/defabrica\/wp-json\/wp\/v2\/media?parent=92291"}],"wp:term":[{"taxonomy":"product_brand","embeddable":true,"href":"https:\/\/defabrica.com.mx\/defabrica\/wp-json\/wp\/v2\/product_brand?post=92291"},{"taxonomy":"product_cat","embeddable":true,"href":"https:\/\/defabrica.com.mx\/defabrica\/wp-json\/wp\/v2\/product_cat?post=92291"},{"taxonomy":"product_tag","embeddable":true,"href":"https:\/\/defabrica.com.mx\/defabrica\/wp-json\/wp\/v2\/product_tag?post=92291"}],"curies":[{"name":"wp","href":"https:\/\/api.w.org\/{rel}","templated":true}]}}