{"id":92251,"date":"2022-07-21T16:54:13","date_gmt":"2022-07-21T21:54:13","guid":{"rendered":"https:\/\/defabrica.com.mx\/defabrica\/?post_type=product&#038;p=92251"},"modified":"2022-07-21T16:54:13","modified_gmt":"2022-07-21T21:54:13","slug":"gigabyte-laptop-para-juegos-fhd-ips-de-15-6-intel-core-i5-11400h-16gb-nvidia-geforce-rtx-3060-ssd-de-512gb","status":"publish","type":"product","link":"https:\/\/defabrica.com.mx\/defabrica\/producto\/gigabyte-laptop-para-juegos-fhd-ips-de-15-6-intel-core-i5-11400h-16gb-nvidia-geforce-rtx-3060-ssd-de-512gb\/","title":{"rendered":"GIGABYTE &#8211; Laptop para juegos FHD IPS de 15.6&#8243; &#8211; Intel Core i5-11400H &#8211; 16GB &#8211; NVIDIA GeForce RTX 3060 &#8211; SSD de 512GB"},"content":{"rendered":"<div class=\"embedded-component-container lv product-description\">\n<div>\n<div id=\"shop-product-description-44700082\" class=\"_none\" data-version=\"1.3.46\">\n<div class=\"shop-product-description\">\n<section class=\"align-heading-left\" data-reactroot=\"\">\n<div class=\"long-description-container body-copy \">\n<div class=\"html-fragment\"><span>\u00a1La computadora port\u00e1til para juegos G5 con tecnolog\u00eda NVIDIA GeForce RTX 30 Series GPU combina juegos, entretenimiento, trabajo y m\u00e1s!\u00a0Su potente procesador Intel de 11.\u00aa generaci\u00f3n le permite manejar sin esfuerzo varias tareas al mismo tiempo.\u00a0Cuenta con una salida de visualizaci\u00f3n de 3 pantallas, ranura para tarjeta SD integrada, capacidad de almacenamiento de hasta 6 TB y tecnolog\u00eda Wi-Fi 6 de pr\u00f3xima generaci\u00f3n;\u00a0Con una herramienta para cada tarea, esta computadora port\u00e1til ofrece un gran equilibrio entre juegos, entretenimiento y capacidades de trabajo.\u00a0Bienvenido a su nueva computadora port\u00e1til favorita.<\/span><\/div>\n<\/div>\n<\/section>\n<\/div>\n<\/div>\n<\/div>\n<\/div>\n<div class=\"embedded-component-container lv product-features\">\n<h3><\/h3>\n<h3 class=\"heading-5 v-fw-regular feature-heading\"><strong>Caracter\u00edsticas<\/strong><\/h3>\n<ul>\n<li><strong>Gr\u00e1ficos<\/strong><br \/>\nNVIDIA GeForce RTX 3060 Laptop GPU 6GB GDDR6, Boost Clock 1485 Mhz y potencia gr\u00e1fica m\u00e1xima de 75 W, NVIDIA DLSS para una renderizaci\u00f3n AI innovadora<\/li>\n<li><strong>Procesador<\/strong><br \/>\nProcesador Intel Core i5-11400H de 11.\u00aa generaci\u00f3n (2,7 GHz~4,5 GHz)<\/li>\n<li><strong>Almacenamiento de memoria<\/strong><br \/>\n16 GB de RAM (64 GB m\u00e1x.), SSD Gen4 de 512 GB<\/li>\n<li><strong>Monitor<\/strong><br \/>\nPantalla LCD antirreflejo de nivel IPS FHD de 1920 x 1080 con bisel delgado de 15,6&#8243; (144 Hz)<\/li>\n<li><strong>Teclado<\/strong><br \/>\nTeclado retroiluminado de un solo color para todas las zonas con ajuste de LED de 15 colores<\/li>\n<li><strong>USB<\/strong><br \/>\n1 USB 2.0, 2 USB 3.2, 1 Displayport 1.4, 1 HDMI 2.0, 1 Mini DisplayPort 1.2, 1 conector de audio, 1 conector para micr\u00f3fono, 1 lector de tarjetas SD, 1 conector de entrada de CC, 1 RJ-45<\/li>\n<li><strong>Sistema operativo<\/strong><br \/>\nInicio de Windows 11<\/li>\n<li><strong>Dimensiones<\/strong><br \/>\n14,21 (ancho) x 10,15 (profundidad) x 1,09 (alto) pulgadas<\/li>\n<\/ul>\n<\/div>\n","protected":false},"excerpt":{"rendered":"<p>\u00a1La computadora port\u00e1til para juegos G5 con tecnolog\u00eda NVIDIA GeForce RTX 30 Series GPU combina juegos, entretenimiento, trabajo y m\u00e1s!\u00a0Su potente procesador Intel de 11.\u00aa generaci\u00f3n le permite manejar sin<\/p>\n","protected":false},"featured_media":92252,"comment_status":"open","ping_status":"closed","template":"","meta":{"_acf_changed":false,"_joinchat":[]},"product_brand":[],"product_cat":[277,280,432],"product_tag":[],"class_list":{"0":"post-92251","1":"product","2":"type-product","3":"status-publish","4":"has-post-thumbnail","6":"product_cat-zona-gamer","7":"product_cat-pc-gaming","8":"product_cat-laptops-gamer","10":"first","11":"instock","12":"sale","13":"shipping-taxable","14":"purchasable","15":"product-type-simple"},"acf":[],"_links":{"self":[{"href":"https:\/\/defabrica.com.mx\/defabrica\/wp-json\/wp\/v2\/product\/92251","targetHints":{"allow":["GET"]}}],"collection":[{"href":"https:\/\/defabrica.com.mx\/defabrica\/wp-json\/wp\/v2\/product"}],"about":[{"href":"https:\/\/defabrica.com.mx\/defabrica\/wp-json\/wp\/v2\/types\/product"}],"replies":[{"embeddable":true,"href":"https:\/\/defabrica.com.mx\/defabrica\/wp-json\/wp\/v2\/comments?post=92251"}],"wp:featuredmedia":[{"embeddable":true,"href":"https:\/\/defabrica.com.mx\/defabrica\/wp-json\/wp\/v2\/media\/92252"}],"wp:attachment":[{"href":"https:\/\/defabrica.com.mx\/defabrica\/wp-json\/wp\/v2\/media?parent=92251"}],"wp:term":[{"taxonomy":"product_brand","embeddable":true,"href":"https:\/\/defabrica.com.mx\/defabrica\/wp-json\/wp\/v2\/product_brand?post=92251"},{"taxonomy":"product_cat","embeddable":true,"href":"https:\/\/defabrica.com.mx\/defabrica\/wp-json\/wp\/v2\/product_cat?post=92251"},{"taxonomy":"product_tag","embeddable":true,"href":"https:\/\/defabrica.com.mx\/defabrica\/wp-json\/wp\/v2\/product_tag?post=92251"}],"curies":[{"name":"wp","href":"https:\/\/api.w.org\/{rel}","templated":true}]}}